{"id":9378,"date":"2017-03-14T12:05:53","date_gmt":"2017-03-14T12:05:53","guid":{"rendered":"http:\/\/www.ss-aharacica-malilosinj.com.hr\/?page_id=9378"},"modified":"2017-03-14T12:05:53","modified_gmt":"2017-03-14T12:05:53","slug":"4-g-cres","status":"publish","type":"page","link":"http:\/\/www.ss-aharacica-malilosinj.com.hr\/?page_id=9378","title":{"rendered":"4.g-Cres"},"content":{"rendered":"<table>\n<tbody>\n<tr>\n<td width=\"236\">\n<h1 style=\"text-align: center;\">4.gc<\/h1>\n<p style=\"text-align: center;\">Razred: Sa\u0161a Javorovi\u0107, prof.<\/p>\n<\/td>\n<\/tr>\n<tr>\n<td width=\"236\">Tamara Babi\u0107<\/td>\n<\/tr>\n<tr>\n<td width=\"236\">Karmen Bucul<\/td>\n<\/tr>\n<tr>\n<td width=\"236\">Helena Damijanjevi\u0107<\/td>\n<\/tr>\n<tr>\n<td width=\"236\">Romeo Ku\u010dica<\/td>\n<\/tr>\n<tr>\n<td width=\"236\">Adam Mi\u0161kovi\u0107<\/td>\n<\/tr>\n<tr>\n<td width=\"236\">Olga Mlacovi\u0107<\/td>\n<\/tr>\n<tr>\n<td width=\"236\">Antonia Mu\u017ei\u0107<\/td>\n<\/tr>\n<tr>\n<td width=\"236\">Antonia Novosel<\/td>\n<\/tr>\n<tr>\n<td width=\"236\">Frane Perovi\u0107<\/td>\n<\/tr>\n<tr>\n<td width=\"236\">Matej Salkovi\u0107<\/td>\n<\/tr>\n<tr>\n<td width=\"236\">Roko Salkovi\u0107<\/td>\n<\/tr>\n<tr>\n<td width=\"236\">Sabino Sep\u010di\u0107<\/td>\n<\/tr>\n<tr>\n<td width=\"236\">Dora Tariba<\/td>\n<\/tr>\n<\/tbody>\n<\/table>\n","protected":false},"excerpt":{"rendered":"<p>4.gc Razred: Sa\u0161a Javorovi\u0107, prof. Tamara Babi\u0107 Karmen Bucul Helena Damijanjevi\u0107 Romeo Ku\u010dica Adam Mi\u0161kovi\u0107 Olga Mlacovi\u0107 Antonia Mu\u017ei\u0107 Antonia Novosel Frane Perovi\u0107 Matej Salkovi\u0107 Roko Salkovi\u0107 Sabino Sep\u010di\u0107 Dora Tariba<\/p>\n","protected":false},"author":11,"featured_media":0,"parent":8591,"menu_order":2,"comment_status":"closed","ping_status":"closed","template":"","meta":{"footnotes":""},"class_list":["post-9378","page","type-page","status-publish","hentry"],"_links":{"self":[{"href":"http:\/\/www.ss-aharacica-malilosinj.com.hr\/index.php?rest_route=\/wp\/v2\/pages\/9378","targetHints":{"allow":["GET"]}}],"collection":[{"href":"http:\/\/www.ss-aharacica-malilosinj.com.hr\/index.php?rest_route=\/wp\/v2\/pages"}],"about":[{"href":"http:\/\/www.ss-aharacica-malilosinj.com.hr\/index.php?rest_route=\/wp\/v2\/types\/page"}],"author":[{"embeddable":true,"href":"http:\/\/www.ss-aharacica-malilosinj.com.hr\/index.php?rest_route=\/wp\/v2\/users\/11"}],"replies":[{"embeddable":true,"href":"http:\/\/www.ss-aharacica-malilosinj.com.hr\/index.php?rest_route=%2Fwp%2Fv2%2Fcomments&post=9378"}],"version-history":[{"count":1,"href":"http:\/\/www.ss-aharacica-malilosinj.com.hr\/index.php?rest_route=\/wp\/v2\/pages\/9378\/revisions"}],"predecessor-version":[{"id":9379,"href":"http:\/\/www.ss-aharacica-malilosinj.com.hr\/index.php?rest_route=\/wp\/v2\/pages\/9378\/revisions\/9379"}],"up":[{"embeddable":true,"href":"http:\/\/www.ss-aharacica-malilosinj.com.hr\/index.php?rest_route=\/wp\/v2\/pages\/8591"}],"wp:attachment":[{"href":"http:\/\/www.ss-aharacica-malilosinj.com.hr\/index.php?rest_route=%2Fwp%2Fv2%2Fmedia&parent=9378"}],"curies":[{"name":"wp","href":"https:\/\/api.w.org\/{rel}","templated":true}]}}