{"id":9376,"date":"2017-03-14T12:03:55","date_gmt":"2017-03-14T12:03:55","guid":{"rendered":"http:\/\/www.ss-aharacica-malilosinj.com.hr\/?page_id=9376"},"modified":"2017-03-14T12:03:55","modified_gmt":"2017-03-14T12:03:55","slug":"4-g","status":"publish","type":"page","link":"http:\/\/www.ss-aharacica-malilosinj.com.hr\/?page_id=9376","title":{"rendered":"4.g"},"content":{"rendered":"<table>\n<tbody>\n<tr>\n<td width=\"259\">\n<h1 style=\"text-align: center;\">\u00a04.g<\/h1>\n<p style=\"text-align: center;\">Razrednica: Zvjezdana Horvat, prof.<\/p>\n<\/td>\n<\/tr>\n<tr>\n<td width=\"259\">Rafael Aneli\u0107<\/td>\n<\/tr>\n<tr>\n<td width=\"259\">Lidija Bandalo<\/td>\n<\/tr>\n<tr>\n<td width=\"259\">Tea Bani\u0107<\/td>\n<\/tr>\n<tr>\n<td width=\"259\">Leo Bolje\u0161i\u0107<\/td>\n<\/tr>\n<tr>\n<td width=\"259\">Antonela Brklja\u010da<\/td>\n<\/tr>\n<tr>\n<td width=\"259\">Marija Budini\u0107<\/td>\n<\/tr>\n<tr>\n<td width=\"259\">Simona Cavedoni<\/td>\n<\/tr>\n<tr>\n<td width=\"259\">Anamarija Celini\u0107<\/td>\n<\/tr>\n<tr>\n<td width=\"259\">Raoul Filipas<\/td>\n<\/tr>\n<tr>\n<td width=\"259\">Debora Frankovi\u0107<\/td>\n<\/tr>\n<tr>\n<td width=\"259\">Mihaela Funari\u0107<\/td>\n<\/tr>\n<tr>\n<td width=\"259\">Petra Grguri\u0107<\/td>\n<\/tr>\n<tr>\n<td width=\"259\">Anija Horvat<\/td>\n<\/tr>\n<tr>\n<td width=\"259\">Marija Lena Jensch<\/td>\n<\/tr>\n<tr>\n<td width=\"259\">Mateo Juki\u0107<\/td>\n<\/tr>\n<tr>\n<td width=\"259\">Dominik Kar\u010di\u0107<\/td>\n<\/tr>\n<tr>\n<td width=\"259\">Jerko Ku\u0161eta<\/td>\n<\/tr>\n<tr>\n<td width=\"259\">Marko Miki\u0107<\/td>\n<\/tr>\n<tr>\n<td width=\"259\">Karla Morin<\/td>\n<\/tr>\n<tr>\n<td width=\"259\">Nika Mu\u017ei\u0107<\/td>\n<\/tr>\n<tr>\n<td width=\"259\">Zala Nikoli\u0107<\/td>\n<\/tr>\n<tr>\n<td width=\"259\">Aida Salaman<\/td>\n<\/tr>\n<tr>\n<td width=\"259\">Anton Ti\u0107ak<\/td>\n<\/tr>\n<tr>\n<td width=\"259\">Romana Tikvi\u0107<\/td>\n<\/tr>\n<tr>\n<td width=\"259\">Anastazija Zori\u0107<\/td>\n<\/tr>\n<\/tbody>\n<\/table>\n","protected":false},"excerpt":{"rendered":"<p>\u00a04.g Razrednica: Zvjezdana Horvat, prof. Rafael Aneli\u0107 Lidija Bandalo Tea Bani\u0107 Leo Bolje\u0161i\u0107 Antonela Brklja\u010da Marija Budini\u0107 Simona Cavedoni Anamarija Celini\u0107 Raoul Filipas Debora Frankovi\u0107 Mihaela Funari\u0107 Petra Grguri\u0107 Anija Horvat Marija Lena Jensch Mateo Juki\u0107 Dominik Kar\u010di\u0107 Jerko Ku\u0161eta Marko Miki\u0107 Karla Morin Nika Mu\u017ei\u0107 Zala Nikoli\u0107 Aida Salaman Anton Ti\u0107ak Romana Tikvi\u0107 Anastazija [&hellip;]<\/p>\n","protected":false},"author":11,"featured_media":0,"parent":8591,"menu_order":1,"comment_status":"closed","ping_status":"closed","template":"","meta":{"footnotes":""},"class_list":["post-9376","page","type-page","status-publish","hentry"],"_links":{"self":[{"href":"http:\/\/www.ss-aharacica-malilosinj.com.hr\/index.php?rest_route=\/wp\/v2\/pages\/9376","targetHints":{"allow":["GET"]}}],"collection":[{"href":"http:\/\/www.ss-aharacica-malilosinj.com.hr\/index.php?rest_route=\/wp\/v2\/pages"}],"about":[{"href":"http:\/\/www.ss-aharacica-malilosinj.com.hr\/index.php?rest_route=\/wp\/v2\/types\/page"}],"author":[{"embeddable":true,"href":"http:\/\/www.ss-aharacica-malilosinj.com.hr\/index.php?rest_route=\/wp\/v2\/users\/11"}],"replies":[{"embeddable":true,"href":"http:\/\/www.ss-aharacica-malilosinj.com.hr\/index.php?rest_route=%2Fwp%2Fv2%2Fcomments&post=9376"}],"version-history":[{"count":1,"href":"http:\/\/www.ss-aharacica-malilosinj.com.hr\/index.php?rest_route=\/wp\/v2\/pages\/9376\/revisions"}],"predecessor-version":[{"id":9377,"href":"http:\/\/www.ss-aharacica-malilosinj.com.hr\/index.php?rest_route=\/wp\/v2\/pages\/9376\/revisions\/9377"}],"up":[{"embeddable":true,"href":"http:\/\/www.ss-aharacica-malilosinj.com.hr\/index.php?rest_route=\/wp\/v2\/pages\/8591"}],"wp:attachment":[{"href":"http:\/\/www.ss-aharacica-malilosinj.com.hr\/index.php?rest_route=%2Fwp%2Fv2%2Fmedia&parent=9376"}],"curies":[{"name":"wp","href":"https:\/\/api.w.org\/{rel}","templated":true}]}}