{"id":7390,"date":"2016-01-15T07:53:18","date_gmt":"2016-01-15T07:53:18","guid":{"rendered":"http:\/\/www.ss-aharacica-malilosinj.com.hr\/?page_id=7390"},"modified":"2025-12-31T18:29:34","modified_gmt":"2025-12-31T18:29:34","slug":"statut","status":"publish","type":"page","link":"http:\/\/www.ss-aharacica-malilosinj.com.hr\/?page_id=7390","title":{"rendered":"Statut"},"content":{"rendered":"\n<div data-wp-interactive=\"core\/file\" class=\"wp-block-file\"><object data-wp-bind--hidden=\"!state.hasPdfPreview\" hidden class=\"wp-block-file__embed\" data=\"https:\/\/www.ss-aharacica-malilosinj.com.hr\/wp-content\/uploads\/2025\/12\/STATUT-2019-PROCISCENI-TEKST-2025.pdf\" type=\"application\/pdf\" style=\"width:100%;height:600px\" aria-label=\"Ugra\u0111eno STATUT 2019, PRO\u010cI\u0160\u0106ENI TEKST 2025.\"><\/object><a id=\"wp-block-file--media-d2e5d01b-601c-469c-a09d-9cd6cf2c9c24\" href=\"https:\/\/www.ss-aharacica-malilosinj.com.hr\/wp-content\/uploads\/2025\/12\/STATUT-2019-PROCISCENI-TEKST-2025.pdf\">STATUT 2019, PRO\u010cI\u0160\u0106ENI TEKST 2025<\/a><a href=\"https:\/\/www.ss-aharacica-malilosinj.com.hr\/wp-content\/uploads\/2025\/12\/STATUT-2019-PROCISCENI-TEKST-2025.pdf\" class=\"wp-block-file__button wp-element-button\" download aria-describedby=\"wp-block-file--media-d2e5d01b-601c-469c-a09d-9cd6cf2c9c24\">Preuzmi<\/a><\/div>\n","protected":false},"excerpt":{"rendered":"","protected":false},"author":11,"featured_media":0,"parent":7387,"menu_order":0,"comment_status":"closed","ping_status":"closed","template":"","meta":{"footnotes":""},"class_list":["post-7390","page","type-page","status-publish","hentry"],"_links":{"self":[{"href":"http:\/\/www.ss-aharacica-malilosinj.com.hr\/index.php?rest_route=\/wp\/v2\/pages\/7390","targetHints":{"allow":["GET"]}}],"collection":[{"href":"http:\/\/www.ss-aharacica-malilosinj.com.hr\/index.php?rest_route=\/wp\/v2\/pages"}],"about":[{"href":"http:\/\/www.ss-aharacica-malilosinj.com.hr\/index.php?rest_route=\/wp\/v2\/types\/page"}],"author":[{"embeddable":true,"href":"http:\/\/www.ss-aharacica-malilosinj.com.hr\/index.php?rest_route=\/wp\/v2\/users\/11"}],"replies":[{"embeddable":true,"href":"http:\/\/www.ss-aharacica-malilosinj.com.hr\/index.php?rest_route=%2Fwp%2Fv2%2Fcomments&post=7390"}],"version-history":[{"count":12,"href":"http:\/\/www.ss-aharacica-malilosinj.com.hr\/index.php?rest_route=\/wp\/v2\/pages\/7390\/revisions"}],"predecessor-version":[{"id":25410,"href":"http:\/\/www.ss-aharacica-malilosinj.com.hr\/index.php?rest_route=\/wp\/v2\/pages\/7390\/revisions\/25410"}],"up":[{"embeddable":true,"href":"http:\/\/www.ss-aharacica-malilosinj.com.hr\/index.php?rest_route=\/wp\/v2\/pages\/7387"}],"wp:attachment":[{"href":"http:\/\/www.ss-aharacica-malilosinj.com.hr\/index.php?rest_route=%2Fwp%2Fv2%2Fmedia&parent=7390"}],"curies":[{"name":"wp","href":"https:\/\/api.w.org\/{rel}","templated":true}]}}