{"id":7128,"date":"2015-11-03T11:58:47","date_gmt":"2015-11-03T11:58:47","guid":{"rendered":"http:\/\/www.ss-aharacica-malilosinj.com.hr\/?page_id=7128"},"modified":"2015-11-03T11:58:47","modified_gmt":"2015-11-03T11:58:47","slug":"radionice-kreativnog-kuharstva","status":"publish","type":"page","link":"http:\/\/www.ss-aharacica-malilosinj.com.hr\/?page_id=7128","title":{"rendered":"Radionice kreativnog kuharstva"},"content":{"rendered":"<div class=\"entry-content clearfix\">\n<p>U prosincu mjesecu u na\u0161oj \u0161koli zapo\u010dela je realizacija projekta Radionice kreativnog kuharstva. Sudionici u projektu su Srednja \u0161kola Ambroza Hara\u010di\u0107a, Turisti\u010dka zajednica Grada Malog Lo\u0161inja i Adrijano Nikoli\u0107 \u2013 kuhar.<\/p>\n<p>Cilj projekta je promoviranje kuharskog poziva te me\u0111upredmetna korelacija izme\u0111u kuharstva, povijesti i knji\u017eevnosti. Od profesora Srednje \u0161kole u projektu sudjeluju prof. Lidija Kosmos i prof. Mirjana \u010covi\u0107 te voditelji prakti\u010dne nastave Ivan Luki\u0107 i Milan \u017duni\u0107 \u2013 \u00a0s u\u010denicima kuharskih i konobarskih usmjerenja.<\/p>\n<p>Prva radionica odr\u017eana je u ugostiteljskom praktikumu 22. prosinca 2014., u prigodi prvog dana zime, s temom \u201cPometov kopun\u201d.<\/p>\n<p>Pod vodstvom Adrijana Nikoli\u0107a te uz mentore\u00a0 Ivana Luki\u0107a i Milana \u017duni\u0107a i njihovih u\u010denika u ugostiteljskom praktikumu pripremljeni su kopun, zec, \u0161ljuka i druge renesansne delicije.<\/p>\n<p>O kopunima na blagdanskim stolovima te povijesti prehrambenih navika i tradicije govorila je prof. Lidija Kosmos. Pometov monolog iz komedije Marina Dr\u017ei\u0107a \u201cDundo Maroje\u201d\u00a0 pro\u010ditao je Tomislav Gospodneti\u0107, profesor hrvatskog jezika i biv\u0161i ravnatelj na\u0161e \u0161kole.<\/p>\n<p>Po\u010detkom velja\u010de 2015. zapo\u010det \u0107e realizacija drugog dijela projekta s temom \u201cApoksiomenova kuhinja\u201d. Pripremit \u0107e se kreativni recepti inspirirani anti\u010dkim uzorima po ideji i pod vodstvom Adrijana Nikoli\u0107a i uz suradnju Milana \u017duni\u0107a, Ivana Luki\u0107a i njihovih u\u010denika.<\/p>\n<p>O kuhinji klasi\u010dnog razdoblja Gr\u010dke\u00a0 govorit \u0107e Lidija Kosmos, a profesorice hrvatskog jezika pripremit \u0107e s u\u010denicima recitacije tekstova u kojima se navode gastronomske navike anti\u010dkih Grka.<\/p>\n<div id=\"gallery-1\" class=\"gallery galleryid-5460 gallery-columns-3 gallery-size-thumbnail\">\n<dl class=\"gallery-item\">\n<dt class=\"gallery-icon landscape\"><a href=\"http:\/\/www.ss-aharacica-malilosinj.com.hr\/?attachment_id=5473\"><img loading=\"lazy\" decoding=\"async\" class=\"attachment-thumbnail\" src=\"http:\/\/www.ss-aharacica-malilosinj.com.hr\/wp-content\/uploads\/2015\/01\/Kopun-Srednja-skola_24_resize-150x150.jpg\" alt=\"Kopun-Srednja skola_24_resize\" width=\"150\" height=\"150\" \/><\/a><\/dt>\n<\/dl>\n<dl class=\"gallery-item\">\n<dt class=\"gallery-icon landscape\"><a href=\"http:\/\/www.ss-aharacica-malilosinj.com.hr\/?attachment_id=5472\"><img loading=\"lazy\" decoding=\"async\" class=\"attachment-thumbnail\" src=\"http:\/\/www.ss-aharacica-malilosinj.com.hr\/wp-content\/uploads\/2015\/01\/Kopun-Srednja-skola_23_resize-150x150.jpg\" alt=\"Kopun-Srednja skola_23_resize\" width=\"150\" height=\"150\" \/><\/a><\/dt>\n<\/dl>\n<dl class=\"gallery-item\">\n<dt class=\"gallery-icon landscape\"><a href=\"http:\/\/www.ss-aharacica-malilosinj.com.hr\/?attachment_id=5471\"><img loading=\"lazy\" decoding=\"async\" class=\"attachment-thumbnail\" src=\"http:\/\/www.ss-aharacica-malilosinj.com.hr\/wp-content\/uploads\/2015\/01\/Kopun-Srednja-skola_21_resize-150x150.jpg\" alt=\"Kopun-Srednja skola_21_resize\" width=\"150\" height=\"150\" \/><\/a><\/dt>\n<\/dl>\n<dl class=\"gallery-item\">\n<dt class=\"gallery-icon landscape\"><a href=\"http:\/\/www.ss-aharacica-malilosinj.com.hr\/?attachment_id=5470\"><img loading=\"lazy\" decoding=\"async\" class=\"attachment-thumbnail\" src=\"http:\/\/www.ss-aharacica-malilosinj.com.hr\/wp-content\/uploads\/2015\/01\/Kopun-Srednja-skola_17_resize-150x150.jpg\" alt=\"Kopun-Srednja skola_17_resize\" width=\"150\" height=\"150\" \/><\/a><\/dt>\n<\/dl>\n<dl class=\"gallery-item\">\n<dt class=\"gallery-icon landscape\"><a href=\"http:\/\/www.ss-aharacica-malilosinj.com.hr\/?attachment_id=5469\"><img loading=\"lazy\" decoding=\"async\" class=\"attachment-thumbnail\" src=\"http:\/\/www.ss-aharacica-malilosinj.com.hr\/wp-content\/uploads\/2015\/01\/Kopun-Srednja-skola_16_resize-150x150.jpg\" alt=\"Kopun-Srednja skola_16_resize\" width=\"150\" height=\"150\" \/><\/a><\/dt>\n<\/dl>\n<dl class=\"gallery-item\">\n<dt class=\"gallery-icon portrait\"><a href=\"http:\/\/www.ss-aharacica-malilosinj.com.hr\/?attachment_id=5468\"><img loading=\"lazy\" decoding=\"async\" class=\"attachment-thumbnail\" src=\"http:\/\/www.ss-aharacica-malilosinj.com.hr\/wp-content\/uploads\/2015\/01\/Kopun-Srednja-skola_10_resize-150x150.jpg\" alt=\"Kopun-Srednja skola_10_resize\" width=\"150\" height=\"150\" \/><\/a><\/dt>\n<\/dl>\n<dl class=\"gallery-item\">\n<dt class=\"gallery-icon landscape\"><a href=\"http:\/\/www.ss-aharacica-malilosinj.com.hr\/?attachment_id=5467\"><img loading=\"lazy\" decoding=\"async\" class=\"attachment-thumbnail\" src=\"http:\/\/www.ss-aharacica-malilosinj.com.hr\/wp-content\/uploads\/2015\/01\/Kopun-Srednja-skola_09_resize-150x150.jpg\" alt=\"Kopun-Srednja skola_09_resize\" width=\"150\" height=\"150\" \/><\/a><\/dt>\n<\/dl>\n<dl class=\"gallery-item\">\n<dt class=\"gallery-icon landscape\"><a href=\"http:\/\/www.ss-aharacica-malilosinj.com.hr\/?attachment_id=5466\"><img loading=\"lazy\" decoding=\"async\" class=\"attachment-thumbnail\" src=\"http:\/\/www.ss-aharacica-malilosinj.com.hr\/wp-content\/uploads\/2015\/01\/Kopun-Srednja-skola_05_resize-150x150.jpg\" alt=\"Kopun-Srednja skola_05_resize\" width=\"150\" height=\"150\" \/><\/a><\/dt>\n<\/dl>\n<dl class=\"gallery-item\">\n<dt class=\"gallery-icon portrait\"><a href=\"http:\/\/www.ss-aharacica-malilosinj.com.hr\/?attachment_id=5465\"><img loading=\"lazy\" decoding=\"async\" class=\"attachment-thumbnail\" src=\"http:\/\/www.ss-aharacica-malilosinj.com.hr\/wp-content\/uploads\/2015\/01\/Kopun-Srednja-skola_03_resize-150x150.jpg\" alt=\"Kopun-Srednja skola_03_resize\" width=\"150\" height=\"150\" \/><\/a><\/dt>\n<\/dl>\n<dl class=\"gallery-item\">\n<dt class=\"gallery-icon landscape\"><a href=\"http:\/\/www.ss-aharacica-malilosinj.com.hr\/?attachment_id=5464\"><img loading=\"lazy\" decoding=\"async\" class=\"attachment-thumbnail\" src=\"http:\/\/www.ss-aharacica-malilosinj.com.hr\/wp-content\/uploads\/2015\/01\/IMG_4401-150x150.jpg\" alt=\"IMG_4401\" width=\"150\" height=\"150\" \/><\/a><\/dt>\n<\/dl>\n<dl class=\"gallery-item\">\n<dt class=\"gallery-icon landscape\"><a href=\"http:\/\/www.ss-aharacica-malilosinj.com.hr\/?attachment_id=5463\"><img loading=\"lazy\" decoding=\"async\" class=\"attachment-thumbnail\" src=\"http:\/\/www.ss-aharacica-malilosinj.com.hr\/wp-content\/uploads\/2015\/01\/IMG_4397-150x150.jpg\" alt=\"IMG_4397\" width=\"150\" height=\"150\" \/><\/a><\/dt>\n<\/dl>\n<dl class=\"gallery-item\">\n<dt class=\"gallery-icon landscape\"><a href=\"http:\/\/www.ss-aharacica-malilosinj.com.hr\/?attachment_id=5462\"><img loading=\"lazy\" decoding=\"async\" class=\"attachment-thumbnail\" src=\"http:\/\/www.ss-aharacica-malilosinj.com.hr\/wp-content\/uploads\/2015\/01\/IMG_4362-150x150.jpg\" alt=\"IMG_4362\" width=\"150\" height=\"150\" \/><\/a><\/dt>\n<\/dl>\n<\/div>\n<p>Prezentaciju profesorice Lidije Kosmos mo\u017eete vidjeti ovdje: <a href=\"http:\/\/www.ss-aharacica-malilosinj.com.hr\/wp-content\/uploads\/2015\/02\/RENESANSNI-KOPUN.pptx\">PREZENTACIJA<\/a><\/p>\n<\/div>\n","protected":false},"excerpt":{"rendered":"<p>U prosincu mjesecu u na\u0161oj \u0161koli zapo\u010dela je realizacija projekta Radionice kreativnog kuharstva. Sudionici u projektu su Srednja \u0161kola Ambroza Hara\u010di\u0107a, Turisti\u010dka zajednica Grada Malog Lo\u0161inja i Adrijano Nikoli\u0107 \u2013 kuhar. Cilj projekta je promoviranje kuharskog poziva te me\u0111upredmetna korelacija izme\u0111u kuharstva, povijesti i knji\u017eevnosti. Od profesora Srednje \u0161kole u projektu sudjeluju prof. Lidija Kosmos [&hellip;]<\/p>\n","protected":false},"author":11,"featured_media":0,"parent":7091,"menu_order":2,"comment_status":"closed","ping_status":"closed","template":"","meta":{"footnotes":""},"class_list":["post-7128","page","type-page","status-publish","hentry"],"_links":{"self":[{"href":"http:\/\/www.ss-aharacica-malilosinj.com.hr\/index.php?rest_route=\/wp\/v2\/pages\/7128","targetHints":{"allow":["GET"]}}],"collection":[{"href":"http:\/\/www.ss-aharacica-malilosinj.com.hr\/index.php?rest_route=\/wp\/v2\/pages"}],"about":[{"href":"http:\/\/www.ss-aharacica-malilosinj.com.hr\/index.php?rest_route=\/wp\/v2\/types\/page"}],"author":[{"embeddable":true,"href":"http:\/\/www.ss-aharacica-malilosinj.com.hr\/index.php?rest_route=\/wp\/v2\/users\/11"}],"replies":[{"embeddable":true,"href":"http:\/\/www.ss-aharacica-malilosinj.com.hr\/index.php?rest_route=%2Fwp%2Fv2%2Fcomments&post=7128"}],"version-history":[{"count":1,"href":"http:\/\/www.ss-aharacica-malilosinj.com.hr\/index.php?rest_route=\/wp\/v2\/pages\/7128\/revisions"}],"predecessor-version":[{"id":7129,"href":"http:\/\/www.ss-aharacica-malilosinj.com.hr\/index.php?rest_route=\/wp\/v2\/pages\/7128\/revisions\/7129"}],"up":[{"embeddable":true,"href":"http:\/\/www.ss-aharacica-malilosinj.com.hr\/index.php?rest_route=\/wp\/v2\/pages\/7091"}],"wp:attachment":[{"href":"http:\/\/www.ss-aharacica-malilosinj.com.hr\/index.php?rest_route=%2Fwp%2Fv2%2Fmedia&parent=7128"}],"curies":[{"name":"wp","href":"https:\/\/api.w.org\/{rel}","templated":true}]}}