{"id":7125,"date":"2015-11-03T11:56:56","date_gmt":"2015-11-03T11:56:56","guid":{"rendered":"http:\/\/www.ss-aharacica-malilosinj.com.hr\/?page_id=7125"},"modified":"2017-10-31T09:23:06","modified_gmt":"2017-10-31T09:23:06","slug":"obiljezavanje-dana-kruha","status":"publish","type":"page","link":"http:\/\/www.ss-aharacica-malilosinj.com.hr\/?page_id=7125","title":{"rendered":"Obilje\u017eavanje Dana kruha"},"content":{"rendered":"<blockquote class=\"wp-embedded-content\" data-secret=\"kvXLlgEQXT\"><p><a href=\"https:\/\/www.ss-aharacica-malilosinj.com.hr\/?p=10412\">KRUH NA\u0160<\/a><\/p><\/blockquote>\n<p><iframe loading=\"lazy\" class=\"wp-embedded-content\" sandbox=\"allow-scripts\" security=\"restricted\" style=\"position: absolute; visibility: hidden;\" title=\"&#8220;KRUH NA\u0160&#8221; &#8212; Srednja \u0161kola Ambroza Hara\u010di\u0107a\" src=\"https:\/\/www.ss-aharacica-malilosinj.com.hr\/?p=10412&#038;embed=true#?secret=hQQOykrCZ5#?secret=kvXLlgEQXT\" data-secret=\"kvXLlgEQXT\" width=\"600\" height=\"338\" frameborder=\"0\" marginwidth=\"0\" marginheight=\"0\" scrolling=\"no\"><\/iframe><\/p>\n<blockquote class=\"wp-embedded-content\" data-secret=\"0fn8HOXrvB\"><p><a href=\"https:\/\/www.ss-aharacica-malilosinj.com.hr\/?p=8498\">Dan kruha i plodova zemlje<\/a><\/p><\/blockquote>\n<p><iframe loading=\"lazy\" class=\"wp-embedded-content\" sandbox=\"allow-scripts\" security=\"restricted\" style=\"position: absolute; visibility: hidden;\" title=\"&#8220;Dan kruha i plodova zemlje&#8221; &#8212; Srednja \u0161kola Ambroza Hara\u010di\u0107a\" src=\"https:\/\/www.ss-aharacica-malilosinj.com.hr\/?p=8498&#038;embed=true#?secret=DS3jr5EdYN#?secret=0fn8HOXrvB\" data-secret=\"0fn8HOXrvB\" width=\"600\" height=\"338\" frameborder=\"0\" marginwidth=\"0\" marginheight=\"0\" scrolling=\"no\"><\/iframe><\/p>\n<blockquote class=\"wp-embedded-content\" data-secret=\"hb73XOEUuh\"><p><a href=\"https:\/\/www.ss-aharacica-malilosinj.com.hr\/?p=6851\">Obilje\u017een Dan kruha i plodova zemlje<\/a><\/p><\/blockquote>\n<p><iframe loading=\"lazy\" class=\"wp-embedded-content\" sandbox=\"allow-scripts\" security=\"restricted\" style=\"position: absolute; visibility: hidden;\" title=\"&#8220;Obilje\u017een Dan kruha i plodova zemlje&#8221; &#8212; Srednja \u0161kola Ambroza Hara\u010di\u0107a\" src=\"https:\/\/www.ss-aharacica-malilosinj.com.hr\/?p=6851&#038;embed=true#?secret=Ij3eIQdcKn#?secret=hb73XOEUuh\" data-secret=\"hb73XOEUuh\" width=\"600\" height=\"338\" frameborder=\"0\" marginwidth=\"0\" marginheight=\"0\" scrolling=\"no\"><\/iframe><\/p>\n<blockquote class=\"wp-embedded-content\" data-secret=\"WShMEMCpXG\"><p><a href=\"https:\/\/www.ss-aharacica-malilosinj.com.hr\/?p=4739\">Obilje\u017een Dan kruha i plodova zemlje<\/a><\/p><\/blockquote>\n<p><iframe loading=\"lazy\" class=\"wp-embedded-content\" sandbox=\"allow-scripts\" security=\"restricted\" style=\"position: absolute; visibility: hidden;\" title=\"&#8220;Obilje\u017een Dan kruha i plodova zemlje&#8221; &#8212; Srednja \u0161kola Ambroza Hara\u010di\u0107a\" src=\"https:\/\/www.ss-aharacica-malilosinj.com.hr\/?p=4739&#038;embed=true#?secret=G7EUhIxc2X#?secret=WShMEMCpXG\" data-secret=\"WShMEMCpXG\" width=\"600\" height=\"338\" frameborder=\"0\" marginwidth=\"0\" marginheight=\"0\" scrolling=\"no\"><\/iframe><\/p>\n<blockquote class=\"wp-embedded-content\" data-secret=\"HQGxxgh1xr\"><p><a href=\"https:\/\/www.ss-aharacica-malilosinj.com.hr\/?p=3344\">Dan kruha i plodova zemlje<\/a><\/p><\/blockquote>\n<p><iframe loading=\"lazy\" class=\"wp-embedded-content\" sandbox=\"allow-scripts\" security=\"restricted\" style=\"position: absolute; visibility: hidden;\" title=\"&#8220;Dan kruha i plodova zemlje&#8221; &#8212; Srednja \u0161kola Ambroza Hara\u010di\u0107a\" src=\"https:\/\/www.ss-aharacica-malilosinj.com.hr\/?p=3344&#038;embed=true#?secret=UQ8gi31cBM#?secret=HQGxxgh1xr\" data-secret=\"HQGxxgh1xr\" width=\"600\" height=\"338\" frameborder=\"0\" marginwidth=\"0\" marginheight=\"0\" scrolling=\"no\"><\/iframe><\/p>\n<blockquote class=\"wp-embedded-content\" data-secret=\"l9ErFuKRGU\"><p><a href=\"https:\/\/www.ss-aharacica-malilosinj.com.hr\/?p=2061\">Obilje\u017een Dan kruha i plodova zemlje<\/a><\/p><\/blockquote>\n<p><iframe loading=\"lazy\" class=\"wp-embedded-content\" sandbox=\"allow-scripts\" security=\"restricted\" style=\"position: absolute; visibility: hidden;\" title=\"&#8220;Obilje\u017een Dan kruha i plodova zemlje&#8221; &#8212; Srednja \u0161kola Ambroza Hara\u010di\u0107a\" src=\"https:\/\/www.ss-aharacica-malilosinj.com.hr\/?p=2061&#038;embed=true#?secret=x5x2XrOdcU#?secret=l9ErFuKRGU\" data-secret=\"l9ErFuKRGU\" width=\"600\" height=\"338\" frameborder=\"0\" marginwidth=\"0\" marginheight=\"0\" scrolling=\"no\"><\/iframe><\/p>\n<p>&nbsp;<\/p>\n","protected":false},"excerpt":{"rendered":"<p>KRUH NA\u0160 Dan kruha i plodova zemlje Obilje\u017een Dan kruha i plodova zemlje Obilje\u017een Dan kruha i plodova zemlje Dan kruha i plodova zemlje Obilje\u017een Dan kruha i plodova zemlje &nbsp;<\/p>\n","protected":false},"author":11,"featured_media":0,"parent":7091,"menu_order":1,"comment_status":"closed","ping_status":"closed","template":"","meta":{"footnotes":""},"class_list":["post-7125","page","type-page","status-publish","hentry"],"_links":{"self":[{"href":"http:\/\/www.ss-aharacica-malilosinj.com.hr\/index.php?rest_route=\/wp\/v2\/pages\/7125","targetHints":{"allow":["GET"]}}],"collection":[{"href":"http:\/\/www.ss-aharacica-malilosinj.com.hr\/index.php?rest_route=\/wp\/v2\/pages"}],"about":[{"href":"http:\/\/www.ss-aharacica-malilosinj.com.hr\/index.php?rest_route=\/wp\/v2\/types\/page"}],"author":[{"embeddable":true,"href":"http:\/\/www.ss-aharacica-malilosinj.com.hr\/index.php?rest_route=\/wp\/v2\/users\/11"}],"replies":[{"embeddable":true,"href":"http:\/\/www.ss-aharacica-malilosinj.com.hr\/index.php?rest_route=%2Fwp%2Fv2%2Fcomments&post=7125"}],"version-history":[{"count":5,"href":"http:\/\/www.ss-aharacica-malilosinj.com.hr\/index.php?rest_route=\/wp\/v2\/pages\/7125\/revisions"}],"predecessor-version":[{"id":10552,"href":"http:\/\/www.ss-aharacica-malilosinj.com.hr\/index.php?rest_route=\/wp\/v2\/pages\/7125\/revisions\/10552"}],"up":[{"embeddable":true,"href":"http:\/\/www.ss-aharacica-malilosinj.com.hr\/index.php?rest_route=\/wp\/v2\/pages\/7091"}],"wp:attachment":[{"href":"http:\/\/www.ss-aharacica-malilosinj.com.hr\/index.php?rest_route=%2Fwp%2Fv2%2Fmedia&parent=7125"}],"curies":[{"name":"wp","href":"https:\/\/api.w.org\/{rel}","templated":true}]}}