{"id":673,"date":"2011-03-29T08:52:12","date_gmt":"2011-03-29T08:52:12","guid":{"rendered":"http:\/\/www.ss-aharacica-malilosinj.com.hr\/?page_id=673"},"modified":"2025-09-10T10:01:33","modified_gmt":"2025-09-10T10:01:33","slug":"tehnicko-osoblje","status":"publish","type":"page","link":"http:\/\/www.ss-aharacica-malilosinj.com.hr\/?page_id=673","title":{"rendered":"Tehni\u010dko osoblje"},"content":{"rendered":"<table border=\"1\" width=\"399\" cellspacing=\"0\" cellpadding=\"0\" align=\"left\">\n<tbody>\n<tr>\n<td width=\"215\"><strong>Ime i prezime<\/strong><\/td>\n<td width=\"184\"><strong>Radno mjesto<\/strong><\/td>\n<\/tr>\n<tr>\n<td width=\"215\">Robert Lehocki<\/td>\n<td width=\"184\">domar &#8211; kotlovni\u010dar<\/td>\n<\/tr>\n<tr>\n<td width=\"215\">Maida Cviji\u0107<\/td>\n<td width=\"184\">sprema\u010dica<\/td>\n<\/tr>\n<tr>\n<td width=\"215\">Manda Markovi\u0107<\/td>\n<td width=\"184\">sprema\u010dica<\/td>\n<\/tr>\n<tr>\n<td width=\"215\">Marija \u0160uran<\/td>\n<td width=\"184\">sprema\u010dica<\/td>\n<\/tr>\n<tr>\n<td width=\"215\">Sabina Tali\u0107<\/td>\n<td width=\"184\">sprema\u010dica<\/td>\n<\/tr>\n<tr>\n<td width=\"215\">Marijana Vuleta<\/td>\n<td width=\"184\">sprema\u010dica<\/td>\n<\/tr>\n<\/tbody>\n<\/table>\n<div id=\"__if72ru4sdfsdfrkjahiuyi_once\" style=\"display: none;\"><\/div>\n<div id=\"__if72ru4sdfsdfruh7fewui_once\" style=\"display: none;\"><\/div>\n<div id=\"__hggasdgjhsagd_once\" style=\"display: none;\"><\/div>\n","protected":false},"excerpt":{"rendered":"<p>Ime i prezime Radno mjesto Robert Lehocki domar &#8211; kotlovni\u010dar Maida Cviji\u0107 sprema\u010dica Manda Markovi\u0107 sprema\u010dica Marija \u0160uran sprema\u010dica Sabina Tali\u0107 sprema\u010dica Marijana Vuleta sprema\u010dica<\/p>\n","protected":false},"author":1,"featured_media":0,"parent":110,"menu_order":0,"comment_status":"closed","ping_status":"closed","template":"","meta":{"footnotes":""},"class_list":["post-673","page","type-page","status-publish","hentry"],"_links":{"self":[{"href":"http:\/\/www.ss-aharacica-malilosinj.com.hr\/index.php?rest_route=\/wp\/v2\/pages\/673","targetHints":{"allow":["GET"]}}],"collection":[{"href":"http:\/\/www.ss-aharacica-malilosinj.com.hr\/index.php?rest_route=\/wp\/v2\/pages"}],"about":[{"href":"http:\/\/www.ss-aharacica-malilosinj.com.hr\/index.php?rest_route=\/wp\/v2\/types\/page"}],"author":[{"embeddable":true,"href":"http:\/\/www.ss-aharacica-malilosinj.com.hr\/index.php?rest_route=\/wp\/v2\/users\/1"}],"replies":[{"embeddable":true,"href":"http:\/\/www.ss-aharacica-malilosinj.com.hr\/index.php?rest_route=%2Fwp%2Fv2%2Fcomments&post=673"}],"version-history":[{"count":8,"href":"http:\/\/www.ss-aharacica-malilosinj.com.hr\/index.php?rest_route=\/wp\/v2\/pages\/673\/revisions"}],"predecessor-version":[{"id":24499,"href":"http:\/\/www.ss-aharacica-malilosinj.com.hr\/index.php?rest_route=\/wp\/v2\/pages\/673\/revisions\/24499"}],"up":[{"embeddable":true,"href":"http:\/\/www.ss-aharacica-malilosinj.com.hr\/index.php?rest_route=\/wp\/v2\/pages\/110"}],"wp:attachment":[{"href":"http:\/\/www.ss-aharacica-malilosinj.com.hr\/index.php?rest_route=%2Fwp%2Fv2%2Fmedia&parent=673"}],"curies":[{"name":"wp","href":"https:\/\/api.w.org\/{rel}","templated":true}]}}