{"id":6423,"date":"2015-05-12T10:53:31","date_gmt":"2015-05-12T10:53:31","guid":{"rendered":"http:\/\/www.ss-aharacica-malilosinj.com.hr\/?page_id=6423"},"modified":"2016-01-11T09:24:45","modified_gmt":"2016-01-11T09:24:45","slug":"medicina-za-pomorce","status":"publish","type":"page","link":"http:\/\/www.ss-aharacica-malilosinj.com.hr\/?page_id=6423","title":{"rendered":"Medicina za pomorce"},"content":{"rendered":"<p>Ovdje mo\u017eete na\u0107i prezentacije iz Medicine za pomorce za 3. razred pomorskih nauti\u010dara i tehni\u010dara za brodostrojarstvo<\/p>\n<p><a href=\"http:\/\/www.ss-aharacica-malilosinj.com.hr\/wp-content\/uploads\/2015\/05\/ZARAZNE-BOLESTI.ppt\">ZARAZNE BOLESTI<\/a><\/p>\n<p><a href=\"http:\/\/www.ss-aharacica-malilosinj.com.hr\/wp-content\/uploads\/2015\/05\/PRIJELOMI-KOSTIJU.ppt\">PRIJELOMI KOSTIJU<\/a><\/p>\n<p><a href=\"http:\/\/www.ss-aharacica-malilosinj.com.hr\/wp-content\/uploads\/2015\/05\/Prakti\u010dna-primjena-zdravstvenih-uputa-i-savjeta-putem-radija.ppt\">Prakti\u010dna primjena zdravstvenih uputa i savjeta putem radija<\/a><\/p>\n<p><a href=\"http:\/\/www.ss-aharacica-malilosinj.com.hr\/wp-content\/uploads\/2015\/05\/POVREDE-KRALJE\u017dNICE-\u2013-TRANSPORT-I-IMOBILIZACIJA-OSOBA-S.ppt\">POVREDE KRALJE\u017dNICE \u2013 TRANSPORT I IMOBILIZACIJA OSOBA S<\/a><\/p>\n<p><a href=\"http:\/\/www.ss-aharacica-malilosinj.com.hr\/wp-content\/uploads\/2015\/05\/POMORSKI-ZDRAVSTVENI-PROPISI-I-DOKUMENTI-ME\u0110UNARODNI-I.ppt\">POMORSKI ZDRAVSTVENI PROPISI I DOKUMENTI (ME\u0110UNARODNI I<\/a><\/p>\n<p><a href=\"http:\/\/www.ss-aharacica-malilosinj.com.hr\/wp-content\/uploads\/2015\/05\/ME\u0110UNARODNI-SIGNALNI-KODEKS-DIO-O-MEDICINI.ppt\">ME\u0110UNARODNI SIGNALNI KODEKS, DIO O MEDICINI<\/a><\/p>\n<p><a href=\"http:\/\/www.ss-aharacica-malilosinj.com.hr\/wp-content\/uploads\/2015\/05\/AKUTNA-STANJA-U-TRBUHU.ppt\">AKUTNA STANJA U TRBUHU<\/a><\/p>\n<p><a href=\"http:\/\/www.ss-aharacica-malilosinj.com.hr\/wp-content\/uploads\/2015\/05\/SPA\u0160AVANJE-I-PRIJEVOZ-UNESRE\u0106ENIH.pptx\">SPA\u0160AVANJE I PRIJEVOZ UNESRE\u0106ENIH<\/a><\/p>\n<p><a href=\"http:\/\/www.ss-aharacica-malilosinj.com.hr\/wp-content\/uploads\/2015\/05\/MedicalSignalCode.pdf\">MedicalSignalCode<\/a><\/p>\n<p>&nbsp;<\/p>\n<p><a href=\"http:\/\/www.ss-aharacica-malilosinj.com.hr\/wp-content\/uploads\/2015\/05\/RAZUMIJEVANJE-STRUKTURE-I-FUNKCIJE-TIJELA.pptx\">RAZUMIJEVANJE STRUKTURE I FUNKCIJE TIJELA<\/a>\u00a0(pptx oblik)\u00a0<a href=\"http:\/\/www.ss-aharacica-malilosinj.com.hr\/wp-content\/uploads\/2015\/05\/RAZUMIJEVANJE-STRUKTURE-I-FUNKCIJE-TIJELA.ppt\">RAZUMIJEVANJE STRUKTURE I FUNKCIJE TIJELA<\/a>\u00a0(ppt oblik)<\/p>\n<p><a href=\"http:\/\/www.ss-aharacica-malilosinj.com.hr\/wp-content\/uploads\/2015\/05\/PRIBOR-PRVE-POMO\u0106I.pptx\">PRIBOR PRVE POMO\u0106I<\/a>\u00a0(pptx oblik)\u00a0<a href=\"http:\/\/www.ss-aharacica-malilosinj.com.hr\/wp-content\/uploads\/2015\/05\/PRIBOR-PRVE-POMO\u0106I.ppt\">PRIBOR PRVE POMO\u0106I<\/a>\u00a0(ppt oblik)<\/p>\n<p><a href=\"http:\/\/www.ss-aharacica-malilosinj.com.hr\/wp-content\/uploads\/2015\/05\/RAZUMIJEVANJE-PRVIH-MJERA-KOJE-TREBA-PODUZETI-U-HITNIM.pptx\">RAZUMIJEVANJE PRVIH MJERA KOJE TREBA PODUZETI U HITNIM<\/a>\u00a0(pptx oblik)\u00a0<a href=\"http:\/\/www.ss-aharacica-malilosinj.com.hr\/wp-content\/uploads\/2015\/05\/RAZUMIJEVANJE-PRVIH-MJERA-KOJE-TREBA-PODUZETI-U-HITNIM.ppt\">RAZUMIJEVANJE PRVIH MJERA KOJE TREBA PODUZETI U HITNIM<\/a>\u00a0(ppt oblik)<\/p>\n<p><a href=\"http:\/\/www.ss-aharacica-malilosinj.com.hr\/wp-content\/uploads\/2015\/05\/RAZUMIJEVANJE-STRUKTURE-I-FUNKCIJE-TIJELA1.pptx\">RAZUMIJEVANJE STRUKTURE I FUNKCIJE TIJELA<\/a>\u00a0(pptx oblik)\u00a0<a href=\"http:\/\/www.ss-aharacica-malilosinj.com.hr\/wp-content\/uploads\/2015\/05\/RAZUMIJEVANJE-STRUKTURE-I-FUNKCIJE-TIJELA1.ppt\">RAZUMIJEVANJE STRUKTURE I FUNKCIJE TIJELA<\/a>\u00a0(ppt oblik)<\/p>\n<p><a href=\"http:\/\/www.ss-aharacica-malilosinj.com.hr\/wp-content\/uploads\/2015\/05\/TOKSIKOLO\u0160KE-OPASNOSTI-NA-BRODU.pptx\">TOKSIKOLO\u0160KE OPASNOSTI NA BRODU<\/a>\u00a0(pptx oblik)\u00a0<a href=\"http:\/\/www.ss-aharacica-malilosinj.com.hr\/wp-content\/uploads\/2015\/05\/TOKSIKOLO\u0160KE-OPASNOSTI-NA-BRODU.ppt\">TOKSIKOLO\u0160KE OPASNOSTI NA BRODU<\/a>\u00a0(ppt oblik)<\/p>\n<p><a href=\"http:\/\/www.ss-aharacica-malilosinj.com.hr\/wp-content\/uploads\/2015\/05\/NESRE\u0106E-UZROKOVANE.ppt\">NESRE\u0106E UZROKOVANE<\/a>\u00a0ELEKTRI\u010cNOM STRUJOM (ppt oblik)\u00a0<a href=\"http:\/\/www.ss-aharacica-malilosinj.com.hr\/wp-content\/uploads\/2015\/05\/NESRE\u0106E-UZROKOVANE.pptx\">NESRE\u0106E UZROKOVANE<\/a>\u00a0ELEKTRI\u010cNOM STRUJOM (pptx oblik)<\/p>\n<p><a href=\"http:\/\/www.ss-aharacica-malilosinj.com.hr\/wp-content\/uploads\/2015\/05\/OPEKLINE-I-OPAROTINE.ppt\">OPEKLINE I OPAROTINE<\/a> <a href=\"http:\/\/www.ss-aharacica-malilosinj.com.hr\/wp-content\/uploads\/2015\/05\/OPEKLINE-I-OPAROTINE.pptx\">OPEKLINE I OPAROTINE<\/a>\u00a0(ppt oblik)\u00a0<a href=\"http:\/\/www.ss-aharacica-malilosinj.com.hr\/wp-content\/uploads\/2015\/05\/OPEKLINE-I-OPAROTINE.pptx\">OPEKLINE I OPAROTINE<\/a>\u00a0(pptx oblik)<\/p>\n<p><a href=\"http:\/\/www.ss-aharacica-malilosinj.com.hr\/wp-content\/uploads\/2015\/05\/OZLJEDE-GLAVE-I-KRALJE\u017dNICE.ppt\">OZLJEDE GLAVE I KRALJE\u017dNICE<\/a>\u00a0(ppt oblik)\u00a0<a href=\"http:\/\/www.ss-aharacica-malilosinj.com.hr\/wp-content\/uploads\/2015\/05\/OZLJEDE-GLAVE-I-KRALJE\u017dNICE.pptx\">OZLJEDE GLAVE I KRALJE\u017dNICE<\/a>\u00a0(pptx oblik)<\/p>\n<p><a href=\"http:\/\/www.ss-aharacica-malilosinj.com.hr\/wp-content\/uploads\/2015\/05\/SKRB-O-UNESRE\u0106ENIMA.ppt\">SKRB O UNESRE\u0106ENIMA<\/a>\u00a0(ppt oblik)\u00a0<a href=\"http:\/\/www.ss-aharacica-malilosinj.com.hr\/wp-content\/uploads\/2015\/05\/SKRB-O-UNESRE\u0106ENIMA.pptx\">SKRB O UNESRE\u0106ENIMA<\/a>\u00a0(pptx oblik)<\/p>\n<p><a href=\"http:\/\/www.ss-aharacica-malilosinj.com.hr\/wp-content\/uploads\/2015\/05\/U\u010cINCI-VRU\u0106INE-I-HLADNO\u0106E.ppt\">U\u010cINCI VRU\u0106INE I HLADNO\u0106E<\/a>\u00a0(ppt oblik)\u00a0<a href=\"http:\/\/www.ss-aharacica-malilosinj.com.hr\/wp-content\/uploads\/2015\/05\/U\u010cINCI-VRU\u0106INE-I-HLADNO\u0106E.pptx\">U\u010cINCI VRU\u0106INE I HLADNO\u0106E<\/a>\u00a0(pptx oblik)<\/p>\n<p><a href=\"http:\/\/www.ss-aharacica-malilosinj.com.hr\/wp-content\/uploads\/2015\/05\/VANJSKO-I-UNUTARNJE-KRVARENJE-ZAUSTAVLJANJE-KRVARENJA.ppt\">VANJSKO I UNUTARNJE KRVARENJE, ZAUSTAVLJANJE KRVARENJA<\/a>\u00a0(ppt oblik)\u00a0<a href=\"http:\/\/www.ss-aharacica-malilosinj.com.hr\/wp-content\/uploads\/2015\/05\/VANJSKO-I-UNUTARNJE-KRVARENJE-ZAUSTAVLJANJE-KRVARENJA.pptx\">VANJSKO I UNUTARNJE KRVARENJE, ZAUSTAVLJANJE KRVARENJA<\/a>\u00a0(pptx oblik)<\/p>\n<p>&nbsp;<\/p>\n<p>&nbsp;<\/p>\n","protected":false},"excerpt":{"rendered":"<p>Ovdje mo\u017eete na\u0107i prezentacije iz Medicine za pomorce za 3. razred pomorskih nauti\u010dara i tehni\u010dara za brodostrojarstvo ZARAZNE BOLESTI PRIJELOMI KOSTIJU Prakti\u010dna primjena zdravstvenih uputa i savjeta putem radija POVREDE KRALJE\u017dNICE \u2013 TRANSPORT I IMOBILIZACIJA OSOBA S POMORSKI ZDRAVSTVENI PROPISI I DOKUMENTI (ME\u0110UNARODNI I ME\u0110UNARODNI SIGNALNI KODEKS, DIO O MEDICINI AKUTNA STANJA U TRBUHU SPA\u0160AVANJE [&hellip;]<\/p>\n","protected":false},"author":14,"featured_media":0,"parent":10,"menu_order":0,"comment_status":"closed","ping_status":"closed","template":"","meta":{"footnotes":""},"class_list":["post-6423","page","type-page","status-publish","hentry"],"_links":{"self":[{"href":"http:\/\/www.ss-aharacica-malilosinj.com.hr\/index.php?rest_route=\/wp\/v2\/pages\/6423","targetHints":{"allow":["GET"]}}],"collection":[{"href":"http:\/\/www.ss-aharacica-malilosinj.com.hr\/index.php?rest_route=\/wp\/v2\/pages"}],"about":[{"href":"http:\/\/www.ss-aharacica-malilosinj.com.hr\/index.php?rest_route=\/wp\/v2\/types\/page"}],"author":[{"embeddable":true,"href":"http:\/\/www.ss-aharacica-malilosinj.com.hr\/index.php?rest_route=\/wp\/v2\/users\/14"}],"replies":[{"embeddable":true,"href":"http:\/\/www.ss-aharacica-malilosinj.com.hr\/index.php?rest_route=%2Fwp%2Fv2%2Fcomments&post=6423"}],"version-history":[{"count":13,"href":"http:\/\/www.ss-aharacica-malilosinj.com.hr\/index.php?rest_route=\/wp\/v2\/pages\/6423\/revisions"}],"predecessor-version":[{"id":6441,"href":"http:\/\/www.ss-aharacica-malilosinj.com.hr\/index.php?rest_route=\/wp\/v2\/pages\/6423\/revisions\/6441"}],"up":[{"embeddable":true,"href":"http:\/\/www.ss-aharacica-malilosinj.com.hr\/index.php?rest_route=\/wp\/v2\/pages\/10"}],"wp:attachment":[{"href":"http:\/\/www.ss-aharacica-malilosinj.com.hr\/index.php?rest_route=%2Fwp%2Fv2%2Fmedia&parent=6423"}],"curies":[{"name":"wp","href":"https:\/\/api.w.org\/{rel}","templated":true}]}}