{"id":604,"date":"2011-03-28T16:09:23","date_gmt":"2011-03-28T16:09:23","guid":{"rendered":"http:\/\/www.ss-aharacica-malilosinj.com.hr\/?page_id=604"},"modified":"2020-01-14T11:49:03","modified_gmt":"2020-01-14T11:49:03","slug":"nauticari-2-razred","status":"publish","type":"page","link":"http:\/\/www.ss-aharacica-malilosinj.com.hr\/?page_id=604","title":{"rendered":"Nauti\u010dari 3. razred"},"content":{"rendered":"<p>Skriptu s teorijom za drugi razred nautike mo\u017eete na\u0107i ovdje:<\/p>\n<p>U wordu:&nbsp;<a href=\"http:\/\/www.ss-aharacica-malilosinj.com.hr\/wp-content\/uploads\/2011\/03\/Pomorsko-pravo-3.N.docx\">Pomorsko pravo 3.N<\/a><\/p>\n<p>U PDF-u:&nbsp;<a href=\"http:\/\/www.ss-aharacica-malilosinj.com.hr\/wp-content\/uploads\/2011\/03\/Skripta-za-Pomorsko-pravo-za-3.N.pdf\">Skripta za Pomorsko pravo za 3.N<\/a><\/p>\n<p>Prezentacije i dijelove skripte mo\u017eete na\u0107i ovdje:<\/p>\n<p><strong>Za me\u0111unarodno pravo mora:<\/strong> kratka skripta&nbsp;<a href=\"http:\/\/www.ss-aharacica-malilosinj.com.hr\/wp-content\/uploads\/2011\/03\/Me\u0111unarodno-pravo-mora.docx\">Me\u0111unarodno pravo mora<\/a>&nbsp;iz koje proizlaze prezentacije:<\/p>\n<p><a href=\"http:\/\/www.ss-aharacica-malilosinj.com.hr\/wp-content\/uploads\/2011\/03\/1.Uvod_.ppt\">1.Uvod<\/a>&nbsp; &nbsp;<a href=\"http:\/\/www.ss-aharacica-malilosinj.com.hr\/wp-content\/uploads\/2011\/03\/2.IMO_.ppt\">2.IMO<\/a>&nbsp; &nbsp;<a href=\"http:\/\/www.ss-aharacica-malilosinj.com.hr\/wp-content\/uploads\/2011\/03\/3.Diplomatska-i-konzularna-sluzba1.ppt\">3.Diplomatska i konzularna sluzba<\/a>&nbsp; &nbsp;<a href=\"http:\/\/www.ss-aharacica-malilosinj.com.hr\/wp-content\/uploads\/2011\/03\/4.-Obalno-more.ppt\">4. Obalno more<\/a>&nbsp; &nbsp;<a href=\"http:\/\/www.ss-aharacica-malilosinj.com.hr\/wp-content\/uploads\/2011\/03\/5.-Otvoreno-more-zona.ppt\">5. Otvoreno more, zona<\/a>&nbsp; &nbsp;<a href=\"http:\/\/www.ss-aharacica-malilosinj.com.hr\/wp-content\/uploads\/2011\/03\/6.-Epikontinentalni-pojas-i-gospodarska-zona.ppt\">6. Epikontinentalni pojas i gospodarska zona<\/a>&nbsp;&nbsp;<a href=\"http:\/\/www.ss-aharacica-malilosinj.com.hr\/wp-content\/uploads\/2011\/03\/7.-Tjesnaci-tranzit-arhipelasko-more.ppt\">7. Tjesnaci, tranzit, arhipelasko more<\/a>&nbsp; &nbsp;<a href=\"http:\/\/www.ss-aharacica-malilosinj.com.hr\/wp-content\/uploads\/2011\/03\/8.-Prevencija-i-zastita-okolisa.ppt\">8. Prevencija i zastita okolisa<\/a><\/p>\n<p>&nbsp;<\/p>\n<p><strong>Za pomorsko upravno pravo:&nbsp;<\/strong><\/p>\n<p><strong>I. Sigurnost plovidbe:<\/strong> kratka skripta:&nbsp;<a href=\"http:\/\/www.ss-aharacica-malilosinj.com.hr\/wp-content\/uploads\/2011\/03\/POMORSKO-UPRAVNO-PRAVO-I-Sigurnost-plovidbe.docx\">POMORSKO UPRAVNO PRAVO I &#8211; Sigurnost plovidbe<\/a>&nbsp;iz koje proizlaze prezentacije:<\/p>\n<p><a href=\"http:\/\/www.ss-aharacica-malilosinj.com.hr\/wp-content\/uploads\/2011\/03\/1.-UVOD.ppt\">1. UVOD<\/a>&nbsp; &nbsp;<a href=\"http:\/\/www.ss-aharacica-malilosinj.com.hr\/wp-content\/uploads\/2011\/03\/2.-Luke-i-red-u-lukama.ppt\">2. Luke i red u lukama<\/a>&nbsp; &nbsp;<a href=\"http:\/\/www.ss-aharacica-malilosinj.com.hr\/wp-content\/uploads\/2011\/03\/3.-Plovidba-pravni-aspekt.ppt\">3. Plovidba &#8211; pravni aspekt<\/a>&nbsp; &nbsp;<a href=\"http:\/\/www.ss-aharacica-malilosinj.com.hr\/wp-content\/uploads\/2011\/03\/4.-Carinska-uprava.ppt\">4. Carinska uprava<\/a>&nbsp; &nbsp;<a href=\"http:\/\/www.ss-aharacica-malilosinj.com.hr\/wp-content\/uploads\/2011\/03\/5.-kategorije-plovidbe.ppt\">5. kategorije plovidbe<\/a>&nbsp; &nbsp;<a href=\"http:\/\/www.ss-aharacica-malilosinj.com.hr\/wp-content\/uploads\/2011\/03\/6.-Pravni-pojam-i-vrste-brodova.ppt\">6. Pravni pojam i vrste brodova<\/a><\/p>\n<p><a href=\"http:\/\/www.ss-aharacica-malilosinj.com.hr\/wp-content\/uploads\/2011\/03\/7.-Elementi-individualizacije-broda.ppt\">7. Elementi individualizacije broda<\/a>&nbsp; &nbsp;<a href=\"http:\/\/www.ss-aharacica-malilosinj.com.hr\/wp-content\/uploads\/2011\/03\/8.-Peljarenje.pptx\">8. Peljarenje<\/a><\/p>\n<p><strong>II. Knjige i svjedod\u017ebe:<\/strong> kratka skripta:&nbsp;<a href=\"http:\/\/www.ss-aharacica-malilosinj.com.hr\/wp-content\/uploads\/2011\/03\/POMORSKO-UPRAVNO-PRAVO-II-Knjige-i-svjedod\u017ebe.docx\">POMORSKO UPRAVNO PRAVO II &#8211; Knjige i svjedod\u017ebe<\/a>&nbsp;iz koje proizlaze prezentacije:<\/p>\n<p><a href=\"http:\/\/www.ss-aharacica-malilosinj.com.hr\/wp-content\/uploads\/2011\/03\/9.-Brodske-kjige-i-isprave.ppt\">9. Brodske kjige i isprave<\/a>&nbsp; &nbsp;<\/p>\n<p><strong>III. Brodska administracija:&nbsp;<\/strong>kratka skripta:&nbsp;<a href=\"http:\/\/www.ss-aharacica-malilosinj.com.hr\/wp-content\/uploads\/2011\/03\/POMORSKO-UPRAVNO-PRAVO-III.-Administracija.docx\">POMORSKO UPRAVNO PRAVO &#8211; III. Administracija<\/a>&nbsp;iz koje proizlaze prezentacije:<\/p>\n<p><a href=\"http:\/\/www.ss-aharacica-malilosinj.com.hr\/wp-content\/uploads\/2011\/03\/10.-Administracija-prilikom-dolaska-broda-u-luku.ppt\">10. Administracija prilikom dolaska broda u luku<\/a>&nbsp; &nbsp;<a href=\"http:\/\/www.ss-aharacica-malilosinj.com.hr\/wp-content\/uploads\/2011\/03\/11.-Dokumenti-iz-FAL-konvencije.ppt\">11. Dokumenti iz FAL konvencije<\/a><\/p>\n<p><strong>IV. Utvr\u0111ivanje sposobnosti broda za plovidbu:<\/strong> kratka skripta:&nbsp;<a href=\"http:\/\/www.ss-aharacica-malilosinj.com.hr\/wp-content\/uploads\/2011\/03\/POMORSKO-UPRAVNO-PRAVO-IV.-Utvr\u0111ivanje-sposobnosti-broda-za-plovidbu.docx\">POMORSKO UPRAVNO PRAVO &#8211; IV. Utvr\u0111ivanje sposobnosti broda za plovidbu<\/a>&nbsp;iz koje proizlaze prezentacije:<\/p>\n<p><a href=\"http:\/\/www.ss-aharacica-malilosinj.com.hr\/wp-content\/uploads\/2011\/03\/12.-Utvrdjivanje-sposobnosti-broda-za-plovidbu.ppt\">12. Utvrdjivanje sposobnosti broda za plovidbu<\/a>&nbsp;<\/p>\n<p><strong>V. Posada broda:&nbsp;<\/strong>kratka skripta:&nbsp;<a href=\"http:\/\/www.ss-aharacica-malilosinj.com.hr\/wp-content\/uploads\/2011\/03\/POMORSKO-UPRAVNO-PRAVO-V-Posada-broda.docx\">POMORSKO UPRAVNO PRAVO &#8211; V Posada broda<\/a><\/p>\n","protected":false},"excerpt":{"rendered":"<p>Skriptu s teorijom za drugi razred nautike mo\u017eete na\u0107i ovdje: U wordu:&nbsp;Pomorsko pravo 3.N U PDF-u:&nbsp;Skripta za Pomorsko pravo za 3.N Prezentacije i dijelove skripte mo\u017eete na\u0107i ovdje: Za me\u0111unarodno pravo mora: kratka skripta&nbsp;Me\u0111unarodno pravo mora&nbsp;iz koje proizlaze prezentacije: 1.Uvod&nbsp; &nbsp;2.IMO&nbsp; &nbsp;3.Diplomatska i konzularna sluzba&nbsp; &nbsp;4. Obalno more&nbsp; &nbsp;5. Otvoreno more, zona&nbsp; &nbsp;6. Epikontinentalni pojas [&hellip;]<\/p>\n","protected":false},"author":1,"featured_media":0,"parent":602,"menu_order":0,"comment_status":"closed","ping_status":"closed","template":"","meta":{"footnotes":""},"class_list":["post-604","page","type-page","status-publish","hentry"],"_links":{"self":[{"href":"http:\/\/www.ss-aharacica-malilosinj.com.hr\/index.php?rest_route=\/wp\/v2\/pages\/604","targetHints":{"allow":["GET"]}}],"collection":[{"href":"http:\/\/www.ss-aharacica-malilosinj.com.hr\/index.php?rest_route=\/wp\/v2\/pages"}],"about":[{"href":"http:\/\/www.ss-aharacica-malilosinj.com.hr\/index.php?rest_route=\/wp\/v2\/types\/page"}],"author":[{"embeddable":true,"href":"http:\/\/www.ss-aharacica-malilosinj.com.hr\/index.php?rest_route=\/wp\/v2\/users\/1"}],"replies":[{"embeddable":true,"href":"http:\/\/www.ss-aharacica-malilosinj.com.hr\/index.php?rest_route=%2Fwp%2Fv2%2Fcomments&post=604"}],"version-history":[{"count":8,"href":"http:\/\/www.ss-aharacica-malilosinj.com.hr\/index.php?rest_route=\/wp\/v2\/pages\/604\/revisions"}],"predecessor-version":[{"id":14008,"href":"http:\/\/www.ss-aharacica-malilosinj.com.hr\/index.php?rest_route=\/wp\/v2\/pages\/604\/revisions\/14008"}],"up":[{"embeddable":true,"href":"http:\/\/www.ss-aharacica-malilosinj.com.hr\/index.php?rest_route=\/wp\/v2\/pages\/602"}],"wp:attachment":[{"href":"http:\/\/www.ss-aharacica-malilosinj.com.hr\/index.php?rest_route=%2Fwp%2Fv2%2Fmedia&parent=604"}],"curies":[{"name":"wp","href":"https:\/\/api.w.org\/{rel}","templated":true}]}}