{"id":5826,"date":"2015-03-03T10:58:45","date_gmt":"2015-03-03T10:58:45","guid":{"rendered":"http:\/\/www.ss-aharacica-malilosinj.com.hr\/?page_id=5826"},"modified":"2017-06-09T09:30:41","modified_gmt":"2017-06-09T09:30:41","slug":"usmjerenja","status":"publish","type":"page","link":"http:\/\/www.ss-aharacica-malilosinj.com.hr\/?page_id=5826","title":{"rendered":"Programi"},"content":{"rendered":"<blockquote class=\"wp-embedded-content\" data-secret=\"uJR4aHNdIB\"><p><a href=\"https:\/\/www.ss-aharacica-malilosinj.com.hr\/?page_id=5828\">Op\u0107a gimnazija<\/a><\/p><\/blockquote>\n<p><iframe loading=\"lazy\" class=\"wp-embedded-content\" sandbox=\"allow-scripts\" security=\"restricted\" style=\"position: absolute; visibility: hidden;\" title=\"&#8220;Op\u0107a gimnazija&#8221; &#8212; Srednja \u0161kola Ambroza Hara\u010di\u0107a\" src=\"https:\/\/www.ss-aharacica-malilosinj.com.hr\/?page_id=5828&#038;embed=true#?secret=mtspkoiA2H#?secret=uJR4aHNdIB\" data-secret=\"uJR4aHNdIB\" width=\"600\" height=\"338\" frameborder=\"0\" marginwidth=\"0\" marginheight=\"0\" scrolling=\"no\"><\/iframe><\/p>\n<blockquote class=\"wp-embedded-content\" data-secret=\"TNS4EUAsUI\"><p><a href=\"https:\/\/www.ss-aharacica-malilosinj.com.hr\/?page_id=6139\">Turisti\u010dki tehni\u010dar destinacije<\/a><\/p><\/blockquote>\n<p><iframe loading=\"lazy\" class=\"wp-embedded-content\" sandbox=\"allow-scripts\" security=\"restricted\" style=\"position: absolute; visibility: hidden;\" title=\"&#8220;Turisti\u010dki tehni\u010dar destinacije&#8221; &#8212; Srednja \u0161kola Ambroza Hara\u010di\u0107a\" src=\"https:\/\/www.ss-aharacica-malilosinj.com.hr\/?page_id=6139&#038;embed=true#?secret=IVv371lhZ9#?secret=TNS4EUAsUI\" data-secret=\"TNS4EUAsUI\" width=\"600\" height=\"338\" frameborder=\"0\" marginwidth=\"0\" marginheight=\"0\" scrolling=\"no\"><\/iframe><\/p>\n<blockquote class=\"wp-embedded-content\" data-secret=\"Nwsah2eX5E\"><p><a href=\"https:\/\/www.ss-aharacica-malilosinj.com.hr\/?page_id=5830\">Pomorski nauti\u010dar<\/a><\/p><\/blockquote>\n<p><iframe loading=\"lazy\" class=\"wp-embedded-content\" sandbox=\"allow-scripts\" security=\"restricted\" style=\"position: absolute; visibility: hidden;\" title=\"&#8220;Pomorski nauti\u010dar&#8221; &#8212; Srednja \u0161kola Ambroza Hara\u010di\u0107a\" src=\"https:\/\/www.ss-aharacica-malilosinj.com.hr\/?page_id=5830&#038;embed=true#?secret=m66kHs6YRg#?secret=Nwsah2eX5E\" data-secret=\"Nwsah2eX5E\" width=\"600\" height=\"338\" frameborder=\"0\" marginwidth=\"0\" marginheight=\"0\" scrolling=\"no\"><\/iframe><\/p>\n<blockquote class=\"wp-embedded-content\" data-secret=\"p7a7kkamne\"><p><a href=\"https:\/\/www.ss-aharacica-malilosinj.com.hr\/?page_id=5832\">Tehni\u010dar za brodostrojarstvo<\/a><\/p><\/blockquote>\n<p><iframe loading=\"lazy\" class=\"wp-embedded-content\" sandbox=\"allow-scripts\" security=\"restricted\" style=\"position: absolute; visibility: hidden;\" title=\"&#8220;Tehni\u010dar za brodostrojarstvo&#8221; &#8212; Srednja \u0161kola Ambroza Hara\u010di\u0107a\" src=\"https:\/\/www.ss-aharacica-malilosinj.com.hr\/?page_id=5832&#038;embed=true#?secret=XyteLUhAGC#?secret=p7a7kkamne\" data-secret=\"p7a7kkamne\" width=\"600\" height=\"338\" frameborder=\"0\" marginwidth=\"0\" marginheight=\"0\" scrolling=\"no\"><\/iframe><\/p>\n<blockquote class=\"wp-embedded-content\" data-secret=\"GbqKWxbmXf\"><p><a href=\"https:\/\/www.ss-aharacica-malilosinj.com.hr\/?page_id=5836\">Konobar<\/a><\/p><\/blockquote>\n<p><iframe loading=\"lazy\" class=\"wp-embedded-content\" sandbox=\"allow-scripts\" security=\"restricted\" style=\"position: absolute; visibility: hidden;\" title=\"&#8220;Konobar&#8221; &#8212; Srednja \u0161kola Ambroza Hara\u010di\u0107a\" src=\"https:\/\/www.ss-aharacica-malilosinj.com.hr\/?page_id=5836&#038;embed=true#?secret=Mo1BiZXe2j#?secret=GbqKWxbmXf\" data-secret=\"GbqKWxbmXf\" width=\"600\" height=\"338\" frameborder=\"0\" marginwidth=\"0\" marginheight=\"0\" scrolling=\"no\"><\/iframe><\/p>\n<blockquote class=\"wp-embedded-content\" data-secret=\"MHaltdEQGl\"><p><a href=\"https:\/\/www.ss-aharacica-malilosinj.com.hr\/?page_id=5838\">Kuhar<\/a><\/p><\/blockquote>\n<p><iframe loading=\"lazy\" class=\"wp-embedded-content\" sandbox=\"allow-scripts\" security=\"restricted\" style=\"position: absolute; visibility: hidden;\" title=\"&#8220;Kuhar&#8221; &#8212; Srednja \u0161kola Ambroza Hara\u010di\u0107a\" src=\"https:\/\/www.ss-aharacica-malilosinj.com.hr\/?page_id=5838&#038;embed=true#?secret=zd9aJNKo0L#?secret=MHaltdEQGl\" data-secret=\"MHaltdEQGl\" width=\"600\" height=\"338\" frameborder=\"0\" marginwidth=\"0\" marginheight=\"0\" scrolling=\"no\"><\/iframe><\/p>\n<blockquote class=\"wp-embedded-content\" data-secret=\"OKY5SjkT4C\"><p><a href=\"https:\/\/www.ss-aharacica-malilosinj.com.hr\/?page_id=5840\">Pomo\u0107ni administrator<\/a><\/p><\/blockquote>\n<p><iframe loading=\"lazy\" class=\"wp-embedded-content\" sandbox=\"allow-scripts\" security=\"restricted\" style=\"position: absolute; visibility: hidden;\" title=\"&#8220;Pomo\u0107ni administrator&#8221; &#8212; Srednja \u0161kola Ambroza Hara\u010di\u0107a\" src=\"https:\/\/www.ss-aharacica-malilosinj.com.hr\/?page_id=5840&#038;embed=true#?secret=iy3ZqIw2wA#?secret=OKY5SjkT4C\" data-secret=\"OKY5SjkT4C\" width=\"600\" height=\"338\" frameborder=\"0\" marginwidth=\"0\" marginheight=\"0\" scrolling=\"no\"><\/iframe><\/p>\n<blockquote class=\"wp-embedded-content\" data-secret=\"vXy1FsHqoJ\"><p><a href=\"https:\/\/www.ss-aharacica-malilosinj.com.hr\/?page_id=5842\">Pomo\u0107ni kuhar i slasti\u010dar TES<\/a><\/p><\/blockquote>\n<p><iframe loading=\"lazy\" class=\"wp-embedded-content\" sandbox=\"allow-scripts\" security=\"restricted\" style=\"position: absolute; visibility: hidden;\" title=\"&#8220;Pomo\u0107ni kuhar i slasti\u010dar TES&#8221; &#8212; Srednja \u0161kola Ambroza Hara\u010di\u0107a\" src=\"https:\/\/www.ss-aharacica-malilosinj.com.hr\/?page_id=5842&#038;embed=true#?secret=ck2L8OpkE7#?secret=vXy1FsHqoJ\" data-secret=\"vXy1FsHqoJ\" width=\"600\" height=\"338\" frameborder=\"0\" marginwidth=\"0\" marginheight=\"0\" scrolling=\"no\"><\/iframe><\/p>\n","protected":false},"excerpt":{"rendered":"","protected":false},"author":1,"featured_media":0,"parent":9876,"menu_order":2,"comment_status":"closed","ping_status":"closed","template":"","meta":{"footnotes":""},"class_list":["post-5826","page","type-page","status-publish","hentry"],"_links":{"self":[{"href":"http:\/\/www.ss-aharacica-malilosinj.com.hr\/index.php?rest_route=\/wp\/v2\/pages\/5826","targetHints":{"allow":["GET"]}}],"collection":[{"href":"http:\/\/www.ss-aharacica-malilosinj.com.hr\/index.php?rest_route=\/wp\/v2\/pages"}],"about":[{"href":"http:\/\/www.ss-aharacica-malilosinj.com.hr\/index.php?rest_route=\/wp\/v2\/types\/page"}],"author":[{"embeddable":true,"href":"http:\/\/www.ss-aharacica-malilosinj.com.hr\/index.php?rest_route=\/wp\/v2\/users\/1"}],"replies":[{"embeddable":true,"href":"http:\/\/www.ss-aharacica-malilosinj.com.hr\/index.php?rest_route=%2Fwp%2Fv2%2Fcomments&post=5826"}],"version-history":[{"count":3,"href":"http:\/\/www.ss-aharacica-malilosinj.com.hr\/index.php?rest_route=\/wp\/v2\/pages\/5826\/revisions"}],"predecessor-version":[{"id":9899,"href":"http:\/\/www.ss-aharacica-malilosinj.com.hr\/index.php?rest_route=\/wp\/v2\/pages\/5826\/revisions\/9899"}],"up":[{"embeddable":true,"href":"http:\/\/www.ss-aharacica-malilosinj.com.hr\/index.php?rest_route=\/wp\/v2\/pages\/9876"}],"wp:attachment":[{"href":"http:\/\/www.ss-aharacica-malilosinj.com.hr\/index.php?rest_route=%2Fwp%2Fv2%2Fmedia&parent=5826"}],"curies":[{"name":"wp","href":"https:\/\/api.w.org\/{rel}","templated":true}]}}