{"id":5398,"date":"2015-01-15T10:58:03","date_gmt":"2015-01-15T10:58:03","guid":{"rendered":"http:\/\/www.ss-aharacica-malilosinj.com.hr\/?page_id=5398"},"modified":"2017-10-19T08:07:15","modified_gmt":"2017-10-19T08:07:15","slug":"mjesec-knjige-u-puli-2013","status":"publish","type":"page","link":"http:\/\/www.ss-aharacica-malilosinj.com.hr\/?page_id=5398","title":{"rendered":"Mjesec knjige u Puli (2013.)"},"content":{"rendered":"<p>U Gradskoj knji\u017enici i \u010ditaonici u Puli smo 28.listopada 2013. predstavili rad Grupe za glagoljicu . Poziv su poslale voditeljice ZSV za Istarsku \u017eupaniju \u2013 Teana Toma\u017ein i Dubravka \u0160vigir.<\/p>\n<p>Pored profesora s istarskog sveu\u010dili\u0161ta Jurja Dobrile i mi smo svojim nastupom obilje\u017eili Mjesec knjige.<\/p>\n<p>Sudjelovali su na\u0161i u\u010denici:<\/p>\n<p>Katarina Bari\u010devi\u0107,3.G<\/p>\n<p>Damjan Stani\u0107, 3.G<\/p>\n<p>Andrija \u017divkovi\u0107, 3.HTT<\/p>\n<p>i voditeljice s ravnateljicom.<\/p>\n\n\t\t<style type=\"text\/css\">\n\t\t\t#gallery-1 {\n\t\t\t\tmargin: auto;\n\t\t\t}\n\t\t\t#gallery-1 .gallery-item {\n\t\t\t\tfloat: left;\n\t\t\t\tmargin-top: 10px;\n\t\t\t\ttext-align: center;\n\t\t\t\twidth: 50%;\n\t\t\t}\n\t\t\t#gallery-1 img {\n\t\t\t\tborder: 2px solid #cfcfcf;\n\t\t\t}\n\t\t\t#gallery-1 .gallery-caption {\n\t\t\t\tmargin-left: 0;\n\t\t\t}\n\t\t\t\/* see gallery_shortcode() in wp-includes\/media.php *\/\n\t\t<\/style>\n\t\t<div id='gallery-1' class='gallery galleryid-5398 gallery-columns-2 gallery-size-thumbnail'><dl class='gallery-item'>\n\t\t\t<dt class='gallery-icon landscape'>\n\t\t\t\t<a href='http:\/\/www.ss-aharacica-malilosinj.com.hr\/?attachment_id=5399#main'><img loading=\"lazy\" decoding=\"async\" width=\"150\" height=\"150\" src=\"http:\/\/www.ss-aharacica-malilosinj.com.hr\/wp-content\/uploads\/2015\/01\/P1100827-150x150.jpg\" class=\"attachment-thumbnail size-thumbnail\" alt=\"\" \/><\/a>\n\t\t\t<\/dt><\/dl><dl class='gallery-item'>\n\t\t\t<dt class='gallery-icon landscape'>\n\t\t\t\t<a href='http:\/\/www.ss-aharacica-malilosinj.com.hr\/?attachment_id=5400#main'><img loading=\"lazy\" decoding=\"async\" width=\"150\" height=\"150\" src=\"http:\/\/www.ss-aharacica-malilosinj.com.hr\/wp-content\/uploads\/2015\/01\/P1100829-150x150.jpg\" class=\"attachment-thumbnail size-thumbnail\" alt=\"\" \/><\/a>\n\t\t\t<\/dt><\/dl><br style=\"clear: both\" \/><dl class='gallery-item'>\n\t\t\t<dt class='gallery-icon landscape'>\n\t\t\t\t<a href='http:\/\/www.ss-aharacica-malilosinj.com.hr\/?attachment_id=5401#main'><img loading=\"lazy\" decoding=\"async\" width=\"150\" height=\"150\" src=\"http:\/\/www.ss-aharacica-malilosinj.com.hr\/wp-content\/uploads\/2015\/01\/P1100834-150x150.jpg\" class=\"attachment-thumbnail size-thumbnail\" alt=\"\" \/><\/a>\n\t\t\t<\/dt><\/dl><dl class='gallery-item'>\n\t\t\t<dt class='gallery-icon landscape'>\n\t\t\t\t<a href='http:\/\/www.ss-aharacica-malilosinj.com.hr\/?attachment_id=5402#main'><img loading=\"lazy\" decoding=\"async\" width=\"150\" height=\"150\" src=\"http:\/\/www.ss-aharacica-malilosinj.com.hr\/wp-content\/uploads\/2015\/01\/P1100835-150x150.jpg\" class=\"attachment-thumbnail size-thumbnail\" alt=\"\" \/><\/a>\n\t\t\t<\/dt><\/dl><br style=\"clear: both\" \/><dl class='gallery-item'>\n\t\t\t<dt class='gallery-icon landscape'>\n\t\t\t\t<a href='http:\/\/www.ss-aharacica-malilosinj.com.hr\/?attachment_id=5403#main'><img loading=\"lazy\" decoding=\"async\" width=\"150\" height=\"150\" src=\"http:\/\/www.ss-aharacica-malilosinj.com.hr\/wp-content\/uploads\/2015\/01\/P1100837-150x150.jpg\" class=\"attachment-thumbnail size-thumbnail\" alt=\"\" \/><\/a>\n\t\t\t<\/dt><\/dl><dl class='gallery-item'>\n\t\t\t<dt class='gallery-icon landscape'>\n\t\t\t\t<a href='http:\/\/www.ss-aharacica-malilosinj.com.hr\/?attachment_id=5404#main'><img loading=\"lazy\" decoding=\"async\" width=\"150\" height=\"150\" src=\"http:\/\/www.ss-aharacica-malilosinj.com.hr\/wp-content\/uploads\/2015\/01\/P1100838-150x150.jpg\" class=\"attachment-thumbnail size-thumbnail\" alt=\"\" \/><\/a>\n\t\t\t<\/dt><\/dl><br style=\"clear: both\" \/><dl class='gallery-item'>\n\t\t\t<dt class='gallery-icon landscape'>\n\t\t\t\t<a href='http:\/\/www.ss-aharacica-malilosinj.com.hr\/?attachment_id=5405#main'><img loading=\"lazy\" decoding=\"async\" width=\"150\" height=\"150\" src=\"http:\/\/www.ss-aharacica-malilosinj.com.hr\/wp-content\/uploads\/2015\/01\/P1100848-150x150.jpg\" class=\"attachment-thumbnail size-thumbnail\" alt=\"\" \/><\/a>\n\t\t\t<\/dt><\/dl><dl class='gallery-item'>\n\t\t\t<dt class='gallery-icon landscape'>\n\t\t\t\t<a href='http:\/\/www.ss-aharacica-malilosinj.com.hr\/?attachment_id=5406#main'><img loading=\"lazy\" decoding=\"async\" width=\"150\" height=\"150\" src=\"http:\/\/www.ss-aharacica-malilosinj.com.hr\/wp-content\/uploads\/2015\/01\/P1100849-150x150.jpg\" class=\"attachment-thumbnail size-thumbnail\" alt=\"\" \/><\/a>\n\t\t\t<\/dt><\/dl><br style=\"clear: both\" \/><dl class='gallery-item'>\n\t\t\t<dt class='gallery-icon landscape'>\n\t\t\t\t<a href='http:\/\/www.ss-aharacica-malilosinj.com.hr\/?attachment_id=5407#main'><img loading=\"lazy\" decoding=\"async\" width=\"150\" height=\"150\" src=\"http:\/\/www.ss-aharacica-malilosinj.com.hr\/wp-content\/uploads\/2015\/01\/P1100854-150x150.jpg\" class=\"attachment-thumbnail size-thumbnail\" alt=\"\" \/><\/a>\n\t\t\t<\/dt><\/dl><dl class='gallery-item'>\n\t\t\t<dt class='gallery-icon landscape'>\n\t\t\t\t<a href='http:\/\/www.ss-aharacica-malilosinj.com.hr\/?attachment_id=5408#main'><img loading=\"lazy\" decoding=\"async\" width=\"150\" height=\"150\" src=\"http:\/\/www.ss-aharacica-malilosinj.com.hr\/wp-content\/uploads\/2015\/01\/P1100857-150x150.jpg\" class=\"attachment-thumbnail size-thumbnail\" alt=\"\" \/><\/a>\n\t\t\t<\/dt><\/dl><br style=\"clear: both\" \/><dl class='gallery-item'>\n\t\t\t<dt class='gallery-icon landscape'>\n\t\t\t\t<a href='http:\/\/www.ss-aharacica-malilosinj.com.hr\/?attachment_id=5409#main'><img loading=\"lazy\" decoding=\"async\" width=\"150\" height=\"150\" src=\"http:\/\/www.ss-aharacica-malilosinj.com.hr\/wp-content\/uploads\/2015\/01\/P1100858-150x150.jpg\" class=\"attachment-thumbnail size-thumbnail\" alt=\"\" \/><\/a>\n\t\t\t<\/dt><\/dl>\n\t\t\t<br style='clear: both' \/>\n\t\t<\/div>\n\n","protected":false},"excerpt":{"rendered":"<p>U Gradskoj knji\u017enici i \u010ditaonici u Puli smo 28.listopada 2013. predstavili rad Grupe za glagoljicu . Poziv su poslale voditeljice ZSV za Istarsku \u017eupaniju \u2013 Teana Toma\u017ein i Dubravka \u0160vigir. Pored profesora s istarskog sveu\u010dili\u0161ta Jurja Dobrile i mi smo svojim nastupom obilje\u017eili Mjesec knjige. Sudjelovali su na\u0161i u\u010denici: Katarina Bari\u010devi\u0107,3.G Damjan Stani\u0107, 3.G Andrija [&hellip;]<\/p>\n","protected":false},"author":1,"featured_media":0,"parent":10394,"menu_order":0,"comment_status":"closed","ping_status":"closed","template":"","meta":{"footnotes":""},"class_list":["post-5398","page","type-page","status-publish","hentry"],"_links":{"self":[{"href":"http:\/\/www.ss-aharacica-malilosinj.com.hr\/index.php?rest_route=\/wp\/v2\/pages\/5398","targetHints":{"allow":["GET"]}}],"collection":[{"href":"http:\/\/www.ss-aharacica-malilosinj.com.hr\/index.php?rest_route=\/wp\/v2\/pages"}],"about":[{"href":"http:\/\/www.ss-aharacica-malilosinj.com.hr\/index.php?rest_route=\/wp\/v2\/types\/page"}],"author":[{"embeddable":true,"href":"http:\/\/www.ss-aharacica-malilosinj.com.hr\/index.php?rest_route=\/wp\/v2\/users\/1"}],"replies":[{"embeddable":true,"href":"http:\/\/www.ss-aharacica-malilosinj.com.hr\/index.php?rest_route=%2Fwp%2Fv2%2Fcomments&post=5398"}],"version-history":[{"count":1,"href":"http:\/\/www.ss-aharacica-malilosinj.com.hr\/index.php?rest_route=\/wp\/v2\/pages\/5398\/revisions"}],"predecessor-version":[{"id":5410,"href":"http:\/\/www.ss-aharacica-malilosinj.com.hr\/index.php?rest_route=\/wp\/v2\/pages\/5398\/revisions\/5410"}],"up":[{"embeddable":true,"href":"http:\/\/www.ss-aharacica-malilosinj.com.hr\/index.php?rest_route=\/wp\/v2\/pages\/10394"}],"wp:attachment":[{"href":"http:\/\/www.ss-aharacica-malilosinj.com.hr\/index.php?rest_route=%2Fwp%2Fv2%2Fmedia&parent=5398"}],"curies":[{"name":"wp","href":"https:\/\/api.w.org\/{rel}","templated":true}]}}