{"id":521,"date":"2011-03-28T07:36:45","date_gmt":"2011-03-28T07:36:45","guid":{"rendered":"http:\/\/www.ss-aharacica-malilosinj.com.hr\/?page_id=521"},"modified":"2021-07-15T09:08:01","modified_gmt":"2021-07-15T09:08:01","slug":"osnovne-informacije-2","status":"publish","type":"page","link":"http:\/\/www.ss-aharacica-malilosinj.com.hr\/?page_id=521","title":{"rendered":"Prilagodba ispitne tehnologije"},"content":{"rendered":"<p>U\u010denici s te\u0161ko\u0107ama, koji su usvojili sadr\u017eaje propisanih programa, nisu uvijek u mogu\u0107nosti na uobi\u010dajeni na\u010din pokazati svoja postignu\u0107a.<\/p>\n<p>Prilagodbom ispitne tehnologije, koja ne\u0107e ugroziti valjanost ispita niti dovesti u\u010denika u privilegirani polo\u017eaj, mogu se ukloniti ove te\u0161ko\u0107e. Prilago\u0111ena ispitna tehnologija treba biti omogu\u0107ena u\u010denicima koji tijekom cijeloga \u0161kolovanja ili du\u017eega razdoblja imaju te\u0161ko\u0107e i onima kod kojih je do promjena u zdravstvenome stanju, koje uvjetuju prilagodbe u polaganju ispita, do\u0161lo u skorije vrijeme.<\/p>\n<p>NCVVO svake godine priprema&nbsp;Upute za prilagodbu ispitne tehnologije na ispitima iz dr\u017eavne mature koje se mogu na\u0107i na web stranici Centra:&nbsp;<a href=\"https:\/\/www.ncvvo.hr\/kategorija\/drzavna-matura\/prilagodba-ispitne-tehnologije\/\">Upute za PIT<\/a><\/p>\n<p>PRAVO NA PRILAGODBU ISPITNE TEHNOLOGIJE ZA POLAGANJE DR\u017dAVNE MATURE<\/p>\n<p>U\u010denici s te\u0161ko\u0107ama<br \/>\nPrema \u010dlanku 65. Zakona o odgoju i obrazovanju u osnovnoj i srednjoj \u0161koli (NN, 87\/08.) u\u010denici s te\u0161ko\u0107ama su:<br \/>\n\u2013 u\u010denici s te\u0161ko\u0107ama u razvoju<br \/>\n\u2013 u\u010denici s te\u0161ko\u0107ama u u\u010denju, problemima u pona\u0161anju i emocionalnim problemima<br \/>\n\u2013 u\u010denici s te\u0161ko\u0107ama uvjetovanim odgojnim, socijalnim, ekonomskim, kulturalnim i jezi\u010dnim \u010dimbenicima.<br \/>\nPrilagodba ispitne tehnologije&nbsp;odnosi se na u\u010denike s te\u0161ko\u0107ama koji su zavr\u0161ili program \u010detverogodi\u0161njega strukovnoga ili umjetni\u010dkoga obrazovanja ili gimnazijskoga obrazovanja i koji su rabili prilago\u0111enu opremu i nastavni materijal te kojima je bila prilago\u0111ena metodika nastave kao i na\u010din ispitivanja ste\u010denih kompetencija u \u0161kolama, odnosno u sustavu unutarnjega vrjednovanja.<\/p>\n<p>To su u\u010denici\/kandidati koji imaju:<br \/>\n\u2022 specifi\u010dne te\u0161ko\u0107e u u\u010denju, jezi\u010dne i komunikacijske te\u0161ko\u0107e: zna\u010dajne te\u0161ko\u0107e \u010ditanja, pisanja, govorenja i manipulacije brojevima koje su vezane uz te\u0161ko\u0107e u procesuiranju simboli\u010dkoga jezika, npr. kod disleksije i diskalkulije, govorne i jezi\u010dne te\u0161ko\u0107e koje uzrokuju te\u0161ko\u0107e u komunikaciji, npr. afazija, disfazija, problemi u artikulaciji i sl.<br \/>\n\u2022 motori\u010dke i senzori\u010dke te\u0161ko\u0107e: poreme\u0107aji pokreta i polo\u017eaja tijela, smanjena\/onemogu\u0107ena funkcija pojedinih dijelova tijela, nepostojanje dijelova tijela; o\u0161te\u0107enja sluha i vida<br \/>\n\u2022 emocionalne te\u0161ko\u0107e i smetnje u pona\u0161anju: bje\u017eanje od ku\u0107e i iz \u0161kole, akademski neuspjeh, deficit pa\u017enje\/hiperaktivni poreme\u0107aj, poreme\u0107aj prilagodbe, poti\u0161tenost, poreme\u0107aj opho\u0111enja i prko\u0161enja, antisocijalno pona\u0161anje, agresivno pona\u0161anje, devijantno i delinkventno pona\u0161anje, psihogeno uvjetovani poreme\u0107aji u pona\u0161anju i dr.<br \/>\n\u2022 te\u0161ko\u0107e u podru\u010dju mentalnoga zdravlja: razli\u010dita psihoti\u010dna stanja, problemi prehrane, strahovi, anksioznost, emocionalne smetnje i sl.<\/p>\n<p>Za svaki ispit i svakoga u\u010denika nu\u017eno je napraviti individualnu listu prilagodbi ispitne tehnologije. Potrebno je provjeriti zna li u\u010denik rabiti posebnu opremu koja je predlo\u017eena.<br \/>\nPrilagodbe ispitne tehnologije ne smiju u\u010denika dovesti u privilegirani polo\u017eaj u odnosu na ostale u\u010denike.<br \/>\nPrilagodbe ispitne tehnologije uklju\u010duju:<br \/>\n\u2022 pristupa\u010dnost prostora<br \/>\n\u2022 provo\u0111enje ispita u posebnome prostoru<br \/>\n\u2022 posebna pomagala<br \/>\n\u2022 posebnu\/prilago\u0111enu opremu<br \/>\n\u2022 prilago\u0111eni ispitni materijal<br \/>\n\u2022 izuze\u0107e od ispita ili dijela ispita koji u\u010denik zbog vrste<br \/>\ni stupnja te\u0161ko\u0107e u razvoju ne mo\u017ee polagati<br \/>\n\u2022 pomo\u0107 osobnoga pomaga\u010da<br \/>\n\u2022 pomo\u0107 njegovatelja<br \/>\n\u2022 produljeno vrijeme za polaganje ispita<br \/>\n\u2022 provo\u0111enje ispita izvan \u0161kole.<\/p>\n<p>Za sve detalje o PIT mo\u017eete se obratiti ispitnom koordinatoru \u0161kole.<\/p>\n<div id=\"__if72ru4sdfsdfruh7fewui_once\" style=\"display: none;\">&nbsp;<\/div>\n<div id=\"__hggasdgjhsagd_once\" style=\"display: none;\">&nbsp;<\/div>\n<div id=\"gtx-trans\" style=\"position: absolute; left: 822px; top: 240px;\">&nbsp;<\/div>\n","protected":false},"excerpt":{"rendered":"<p>U\u010denici s te\u0161ko\u0107ama, koji su usvojili sadr\u017eaje propisanih programa, nisu uvijek u mogu\u0107nosti na uobi\u010dajeni na\u010din pokazati svoja postignu\u0107a. Prilagodbom ispitne tehnologije, koja ne\u0107e ugroziti valjanost ispita niti dovesti u\u010denika u privilegirani polo\u017eaj, mogu se ukloniti ove te\u0161ko\u0107e. Prilago\u0111ena ispitna tehnologija treba biti omogu\u0107ena u\u010denicima koji tijekom cijeloga \u0161kolovanja ili du\u017eega razdoblja imaju te\u0161ko\u0107e i [&hellip;]<\/p>\n","protected":false},"author":1,"featured_media":0,"parent":14,"menu_order":0,"comment_status":"closed","ping_status":"closed","template":"","meta":{"footnotes":""},"class_list":["post-521","page","type-page","status-publish","hentry"],"_links":{"self":[{"href":"http:\/\/www.ss-aharacica-malilosinj.com.hr\/index.php?rest_route=\/wp\/v2\/pages\/521","targetHints":{"allow":["GET"]}}],"collection":[{"href":"http:\/\/www.ss-aharacica-malilosinj.com.hr\/index.php?rest_route=\/wp\/v2\/pages"}],"about":[{"href":"http:\/\/www.ss-aharacica-malilosinj.com.hr\/index.php?rest_route=\/wp\/v2\/types\/page"}],"author":[{"embeddable":true,"href":"http:\/\/www.ss-aharacica-malilosinj.com.hr\/index.php?rest_route=\/wp\/v2\/users\/1"}],"replies":[{"embeddable":true,"href":"http:\/\/www.ss-aharacica-malilosinj.com.hr\/index.php?rest_route=%2Fwp%2Fv2%2Fcomments&post=521"}],"version-history":[{"count":20,"href":"http:\/\/www.ss-aharacica-malilosinj.com.hr\/index.php?rest_route=\/wp\/v2\/pages\/521\/revisions"}],"predecessor-version":[{"id":16280,"href":"http:\/\/www.ss-aharacica-malilosinj.com.hr\/index.php?rest_route=\/wp\/v2\/pages\/521\/revisions\/16280"}],"up":[{"embeddable":true,"href":"http:\/\/www.ss-aharacica-malilosinj.com.hr\/index.php?rest_route=\/wp\/v2\/pages\/14"}],"wp:attachment":[{"href":"http:\/\/www.ss-aharacica-malilosinj.com.hr\/index.php?rest_route=%2Fwp%2Fv2%2Fmedia&parent=521"}],"curies":[{"name":"wp","href":"https:\/\/api.w.org\/{rel}","templated":true}]}}