{"id":23723,"date":"2025-04-07T14:37:51","date_gmt":"2025-04-07T14:37:51","guid":{"rendered":"https:\/\/www.ss-aharacica-malilosinj.com.hr\/?page_id=23723"},"modified":"2026-03-30T07:04:10","modified_gmt":"2026-03-30T07:04:10","slug":"izvjestaj-o-izvrsenju-financijskih-planova","status":"publish","type":"page","link":"http:\/\/www.ss-aharacica-malilosinj.com.hr\/?page_id=23723","title":{"rendered":"IZVJE\u0160TAJ O IZVR\u0160ENJU FINANCIJSKIH PLANOVA"},"content":{"rendered":"\n<p>30.03.2026. Op\u0107i dio konsolidiranog prora\u010duna 2025.g.<\/p>\n\n\n\n<p>30.03.2026. <a href=\"http:\/\/www.ss-aharacica-malilosinj.com.hr\/wp-content\/uploads\/2026\/03\/SAZETAK-OPCEG-DIJELA-IZVRSENJE-PLANA-2025.xls\">Sa\u017eetak op\u0107eg dijela financijskog plana 2025.g.<\/a><\/p>\n\n\n\n<p>30.03.2026. <a href=\"http:\/\/www.ss-aharacica-malilosinj.com.hr\/wp-content\/uploads\/2026\/03\/rashodi-po-programskoj-klasifikaciji-2025.xls\">Rashodi po programskoj klasifikaciji 2025.g.<\/a><\/p>\n\n\n\n<p>30.03.2026. <a href=\"http:\/\/www.ss-aharacica-malilosinj.com.hr\/wp-content\/uploads\/2026\/03\/rashodi-po-funkcijskoj-klasifikaciji.xlt\">Rashodi po funkcijskoj klasifikaciji<\/a> <\/p>\n\n\n\n<p>30.03.2026. <a href=\"http:\/\/www.ss-aharacica-malilosinj.com.hr\/wp-content\/uploads\/2026\/03\/Prihodi-i-rashodi-po-izvorima-financiranja-2025.xlt\">Prihodi i rashodi po izvorima financiranja 2025.<\/a><\/p>\n\n\n\n<p>30.03.2026. <a href=\"http:\/\/www.ss-aharacica-malilosinj.com.hr\/wp-content\/uploads\/2026\/03\/odluka-o-izvrsenju-financijskog-plana-2025.pdf\">Odluka o izvr\u0161enju financijskog plana 2025.g.<\/a><\/p>\n\n\n\n<p>30.03.2026. <a href=\"http:\/\/www.ss-aharacica-malilosinj.com.hr\/wp-content\/uploads\/2026\/03\/odluka-o-raspodjeli-fin-rezultalta.pdf\">Odluka o raspodjeli financijskih rezultata<\/a><\/p>\n\n\n\n<p>                   <a href=\"http:\/\/www.ss-aharacica-malilosinj.com.hr\/wp-content\/uploads\/2025\/07\/Obrazlozenje-polugodisnji-izvjestaj-o-izvrsenju-1-6-2025-SS-AHARACIC.docx\">Obrazlo\u017eenje-polugodi\u0161nji izvje\u0161taj o izvr\u0161enju 1.6.2025.<\/a><\/p>\n\n\n\n<p>                   <a href=\"http:\/\/www.ss-aharacica-malilosinj.com.hr\/wp-content\/uploads\/2025\/07\/opci-dio-funk-klas-01.01._30.06.2025.xls\">Op\u0107i dio konsolidarnog prora\u010duna (funkc) 1.1.-30.6.2025.g.<\/a><\/p>\n\n\n\n<p>                   <a href=\"http:\/\/www.ss-aharacica-malilosinj.com.hr\/wp-content\/uploads\/2025\/07\/opci-dio-izvrs-pl-01.01._30.06.2025.xls\">Op\u0107i dio konsolidarnog prora\u010duna (izvr) 1.1.-30.6.2025.<\/a><\/p>\n\n\n\n<p>                   <a href=\"http:\/\/www.ss-aharacica-malilosinj.com.hr\/wp-content\/uploads\/2025\/07\/pos-dio-izvr-pla-izvor-01.01._30.06.2025.xls\">Poseban dio konsolidarnog prora\u010duna (izvor) 1.1.-30.6. 2025.<\/a><\/p>\n\n\n\n<p>                   <a href=\"http:\/\/www.ss-aharacica-malilosinj.com.hr\/wp-content\/uploads\/2025\/07\/pos-dio-izvrs-pl-01.01._30.06.2025.xls\">Poseban dio konsolidarnog prora\u010duna 1.1-30.6.2025.<\/a><\/p>\n\n\n\n<p>                   <a href=\"http:\/\/www.ss-aharacica-malilosinj.com.hr\/wp-content\/uploads\/2025\/07\/IMG_20250718_0001_NEW.pdf\">Odluka o usvajanju polugodi\u0161njeg izvje\u0161\u0107a o izvr\u0161enju financijskog plana za 2025. godinu<\/a><\/p>\n\n\n\n<p><\/p>\n\n\n\n<p><\/p>\n\n\n\n<p>                    <a href=\"http:\/\/www.ss-aharacica-malilosinj.com.hr\/wp-content\/uploads\/2025\/04\/SAZETAK-OPCEG-DIJELA-IZVRSENJE-PLANA-2024.xlsx\">Sa\u017eetak op\u0107eg dijela-izvr\u0161enje plana 2024.<\/a><\/p>\n\n\n\n<p>                    <a href=\"http:\/\/www.ss-aharacica-malilosinj.com.hr\/wp-content\/uploads\/2025\/04\/opci-dio-izvrsenja-plana-2024.xls\">Op\u0107i dio izvr\u0161enja plana 2024.<\/a><\/p>\n\n\n\n<p>                    <a href=\"http:\/\/www.ss-aharacica-malilosinj.com.hr\/wp-content\/uploads\/2025\/04\/rashodi-posebni-dio-izvrsenja-plana-2024.xls\">Rashodi posebni dio izvr\u0161enja plana 2024.<\/a><\/p>\n\n\n\n<p>                   <a href=\"http:\/\/www.ss-aharacica-malilosinj.com.hr\/wp-content\/uploads\/2025\/04\/odluka-o-godis-izvrs-finan-plana.pdf\">Odluka o godi\u0161njem izvr\u0161enju financijskog plana<\/a><\/p>\n\n\n\n<p>                   <a href=\"http:\/\/www.ss-aharacica-malilosinj.com.hr\/wp-content\/uploads\/2025\/04\/odluka-o-raspodjeli-fin-rezultata.pdf\">Odluka o raspodjeli financijskih rezultata<\/a><\/p>\n\n\n\n<p>                   <a href=\"http:\/\/www.ss-aharacica-malilosinj.com.hr\/wp-content\/uploads\/2025\/04\/obrazlozenje-viskova-i-manjkova-2024.pdf\">Obrazlo\u017eenje vi\u0161kova i manjkova 2024.<\/a><\/p>\n\n\n\n<p><\/p>\n\n\n\n<p><\/p>\n","protected":false},"excerpt":{"rendered":"<p>30.03.2026. Op\u0107i dio konsolidiranog prora\u010duna 2025.g. 30.03.2026. Sa\u017eetak op\u0107eg dijela financijskog plana 2025.g. 30.03.2026. Rashodi po programskoj klasifikaciji 2025.g. 30.03.2026. Rashodi po funkcijskoj klasifikaciji 30.03.2026. Prihodi i rashodi po izvorima financiranja 2025. 30.03.2026. Odluka o izvr\u0161enju financijskog plana 2025.g. 30.03.2026. Odluka o raspodjeli financijskih rezultata Obrazlo\u017eenje-polugodi\u0161nji izvje\u0161taj o izvr\u0161enju 1.6.2025. Op\u0107i dio konsolidarnog prora\u010duna (funkc) [&hellip;]<\/p>\n","protected":false},"author":18,"featured_media":0,"parent":8,"menu_order":0,"comment_status":"closed","ping_status":"closed","template":"","meta":{"footnotes":""},"class_list":["post-23723","page","type-page","status-publish","hentry"],"_links":{"self":[{"href":"http:\/\/www.ss-aharacica-malilosinj.com.hr\/index.php?rest_route=\/wp\/v2\/pages\/23723","targetHints":{"allow":["GET"]}}],"collection":[{"href":"http:\/\/www.ss-aharacica-malilosinj.com.hr\/index.php?rest_route=\/wp\/v2\/pages"}],"about":[{"href":"http:\/\/www.ss-aharacica-malilosinj.com.hr\/index.php?rest_route=\/wp\/v2\/types\/page"}],"author":[{"embeddable":true,"href":"http:\/\/www.ss-aharacica-malilosinj.com.hr\/index.php?rest_route=\/wp\/v2\/users\/18"}],"replies":[{"embeddable":true,"href":"http:\/\/www.ss-aharacica-malilosinj.com.hr\/index.php?rest_route=%2Fwp%2Fv2%2Fcomments&post=23723"}],"version-history":[{"count":6,"href":"http:\/\/www.ss-aharacica-malilosinj.com.hr\/index.php?rest_route=\/wp\/v2\/pages\/23723\/revisions"}],"predecessor-version":[{"id":25933,"href":"http:\/\/www.ss-aharacica-malilosinj.com.hr\/index.php?rest_route=\/wp\/v2\/pages\/23723\/revisions\/25933"}],"up":[{"embeddable":true,"href":"http:\/\/www.ss-aharacica-malilosinj.com.hr\/index.php?rest_route=\/wp\/v2\/pages\/8"}],"wp:attachment":[{"href":"http:\/\/www.ss-aharacica-malilosinj.com.hr\/index.php?rest_route=%2Fwp%2Fv2%2Fmedia&parent=23723"}],"curies":[{"name":"wp","href":"https:\/\/api.w.org\/{rel}","templated":true}]}}