{"id":2197,"date":"2012-11-05T11:09:26","date_gmt":"2012-11-05T11:09:26","guid":{"rendered":"http:\/\/www.ss-aharacica-malilosinj.com.hr\/?page_id=2197"},"modified":"2021-03-18T18:38:27","modified_gmt":"2021-03-18T18:38:27","slug":"ipa-projekt","status":"publish","type":"page","link":"http:\/\/www.ss-aharacica-malilosinj.com.hr\/?page_id=2197","title":{"rendered":"IPA PROJEKT"},"content":{"rendered":"<p>Srednja \u0161kola Ambroza Hara\u010di\u0107a \u0107e, kao partner Pomorskoj \u0161koli u Bakru, sudjelovati u projektu u trajanju od 12 mjeseci kroz koji se razvijaju nove, inovativne zna\u010dajke u pomorskom strukovnom obrazovanju i pobolj\u0161ava mogu\u0107nost \u0161kole da pru\u017ei prakti\u010dno i tr\u017ei\u0161no usmjereno obrazovanje. Ostali partneri projekta su Hrvatska udruga poslodavaca i Sindikat pomoraca Hrvatske.<\/p>\n<p><a href=\"http:\/\/www.ss-aharacica-malilosinj.com.hr\/wp-content\/uploads\/2012\/11\/PA2600351.jpg\"><img loading=\"lazy\" decoding=\"async\" class=\"alignleft size-medium wp-image-2685\" title=\"PA260035\" src=\"http:\/\/www.ss-aharacica-malilosinj.com.hr\/wp-content\/uploads\/2012\/11\/PA2600351-300x225.jpg\" alt=\"\" width=\"300\" height=\"225\" srcset=\"http:\/\/www.ss-aharacica-malilosinj.com.hr\/wp-content\/uploads\/2012\/11\/PA2600351-300x225.jpg 300w, http:\/\/www.ss-aharacica-malilosinj.com.hr\/wp-content\/uploads\/2012\/11\/PA2600351-1024x768.jpg 1024w\" sizes=\"auto, (max-width: 300px) 100vw, 300px\" \/><\/a><\/p>\n<p>Projekt \u201cBridging the Gap between Education and Employment through Modernized Maritime VET School Curricula\u201d financijski podupire Europska unija u sklopu Vi\u0161egodi\u0161neg operativnog programa Razvoj ljudskih potencijala u Hrvatskoj, Instrument pretpristupne pomo\u0107i (BGUE 04 06-HRD), shema dodjele bespovratnih sredstava: Modernizacija \u0161kolskih kurikuluma u strukovnim \u0161kolama u skladu s promjenjivim potrebama tr\u017ei\u0161ta rada\/gospodarstva (Europeaid131231\/M\/ACT\/HR). Projekt se\u00a0 provodi\u00a0 u periodu od 22. rujna 2012. do 21. rujna 2013.<\/p>\n<p>Cilj projekta je razvijanje novih, inovativnih zna\u010dajki u pomorskom strukovnom obrazovanju i podizanje mogu\u0107nosti \u0161kole da pru\u017ei prakti\u010dno i tr\u017ei\u0161no orijentirano obrazovanje. Ujedno, projekt \u0107e dovesti do pove\u0107anja sposobnosti ljudskih potencijala i materijalnih mogu\u0107nosti u dvije srednje \u0161kole, pove\u0107anja zapo\u0161ljivosti u\u010denika, razvoja i ispitivanja Sustava za u\u010denje na daljinu (LMS), razvoja on-line sadr\u017eaja za Sustav za u\u010denje na daljinu i pobolj\u0161anja komunikacije s lokalnim \u010dimbenicima u pomorskom sektoru.<\/p>\n<p><strong>Odr\u017eana tiskovna konferencija<\/strong><\/p>\n<p>U \u010detvrtak, 20. prosinca 2012. godine je u Pomorskoj \u0161koli Bakar odr\u017eana tiskovna konferencija na kojoj je javnosti predstavljen IPA Projekt <em>Od obrazovanja do zapo\u0161ljavanja kroz modernizaciju kurikuluma pomorskih strukovnih \u0161kola<\/em>.<\/p>\n<p>Na tiskovnoj konferenciju su sudjelovali predstavnici svih partnera projekta.<\/p>\n<p><a href=\"http:\/\/www.ss-aharacica-malilosinj.com.hr\/wp-content\/uploads\/2012\/11\/Tiskovna-slika-2.jpg\"><img loading=\"lazy\" decoding=\"async\" class=\"alignright size-medium wp-image-2687\" title=\"Tiskovna slika 2\" src=\"http:\/\/www.ss-aharacica-malilosinj.com.hr\/wp-content\/uploads\/2012\/11\/Tiskovna-slika-2-300x225.jpg\" alt=\"\" width=\"300\" height=\"225\" srcset=\"http:\/\/www.ss-aharacica-malilosinj.com.hr\/wp-content\/uploads\/2012\/11\/Tiskovna-slika-2-300x225.jpg 300w, http:\/\/www.ss-aharacica-malilosinj.com.hr\/wp-content\/uploads\/2012\/11\/Tiskovna-slika-2-1024x768.jpg 1024w\" sizes=\"auto, (max-width: 300px) 100vw, 300px\" \/><\/a><\/p>\n<p>Pozdravnu i uvodnu rije\u010d imao je ravnatelj Pomorske \u0161kole Bakar, kap. Gordan Pape\u0161 koji je istakao va\u017enost prepoznavanja EU projekata kao izvor financiranja u uvjetima kada je sve vi\u0161e potreba, a sve manje mogu\u0107nosti. Sudjelovanje u IPA projektima je jedan od na\u010dina kojima se mo\u017ee vrlo kvalitetno unaprijediti rad \u0161kola, a ovaj projekt je sigurno tek prvi u nizu.<\/p>\n<p>Ravnateljica Srednje \u0161kole Ambroza Hara\u010di\u0107a Mali Lo\u0161inj, prof. Jelena Brali\u0107 predstavila je \u0161kolu i naglasila sljede\u0107e:<\/p>\n<p><em>U dana\u0161njim uvjetima u kojima mnogi faktori diktiraju brzinu napretka, mogu\u0107nost ulaganja u pobolj\u0161anje kvalitete rada jedne \u0161kole, a posebno ako je smje\u0161tena na otoku, pokazuje se kao najbolje ulo\u017eeni kapital koji nosi vrlo vrijedne kamate: konkurentnost i olak\u0161avanje pronalaska prvog ukrcaja za na\u0161e u\u010denike, pobolj\u0161anje kvalitete rada na\u0161ih nastavnika, postavljanje temelja za prezentiranje na\u0161eg znanja pomorcima iz cijelog svijeta.<\/em><\/p>\n<p><em>Jako nam je drago da je Pomorska \u0161kola\u00a0 Bakar odabrala ba\u0161 na\u0161u \u0161kolu za jednog od\u00a0 partnera koji \u0107e uz manje napore ostvariti gotovo iste rezultate, \u0161to u ve\u0107ini ovakvih projekata nije slu\u010daj .<\/em><\/p>\n<p><em>Vjerujem da \u0107e, unato\u010d svim pote\u0161ko\u0107ama koje \u0107emo susresti u ostvarivanju ovog projekta, sudjelovanje u njemu doprinijeti pobolj\u0161anju na\u0161e suradnje, jo\u0161 boljem me\u0111usobnom upoznavanju na\u0161ih nastavnika, razmjenu iskustava i radnih materijala i sve\u00a0 boljoj kvaliteti rada, a sve u cilju pobolj\u0161anja konkurentnosti na\u0161ih u\u010denika koji po izlasku iz \u0161kole odmah mogu krenuti na tr\u017ei\u0161te rada.<\/em><\/p>\n<p>U ime Hrvatske udruge poslodavaca, g. Nenad Seifert je istakao da je svaki projekt usmjeren na lak\u0161e zapo\u0161ljavanje mladih dobrodo\u0161ao te da \u0107e pru\u017eiti svu mogu\u0107u pomo\u0107 u ostvarivanju postavljenih ciljeva.<\/p>\n<p>U ime Primorsko-Goranske \u017eupanije \u2013 osniva\u010da \u0161kola \u2013 g\u0111a. Jasna Bla\u017eevi\u0107 je pozdravila projekt i istaknula \u010dinjenicu da \u0107e za ostvarivanje ciljeva najzaslu\u017eniji biti \u010dlanovi projektnog tima koji za svoj rad ne\u0107e biti pla\u0107eni, \u0161to su uobi\u010dajene propozicije ovakvih projekata.<\/p>\n<p>Tiskovna konferencija je bila jako dobro medijski popra\u0107ena jer je vijest prenijelo tridesetak novinskih i medijskih ku\u0107a.<\/p>\n<p><strong>Fakultativna nastava za u\u010denike<\/strong><\/p>\n<p>Nakon \u0161to je u o\u017eujku \u0160kola dobila dopusnicu Ministarstva pomorstva, prometa i infrastrukture, tijekom proljetnih praznika za 15 maturanata je po\u010dela fakultativna nastava iz sadr\u017eaja sigurnosti na tankerima i na RO-RO putni\u010dkim brodovima u trajanju od 70, odnosno 35 sati.<\/p>\n<p>Fakultativna nastava \u0107e zavr\u0161iti do 15. svibnja.<a href=\"http:\/\/www.ss-aharacica-malilosinj.com.hr\/wp-content\/uploads\/2012\/11\/IMG_0899.jpg\"><img loading=\"lazy\" decoding=\"async\" class=\"alignright size-medium wp-image-2874\" title=\"IMG_0899\" src=\"http:\/\/www.ss-aharacica-malilosinj.com.hr\/wp-content\/uploads\/2012\/11\/IMG_0899-300x224.jpg\" alt=\"\" width=\"300\" height=\"224\" srcset=\"http:\/\/www.ss-aharacica-malilosinj.com.hr\/wp-content\/uploads\/2012\/11\/IMG_0899-300x224.jpg 300w, http:\/\/www.ss-aharacica-malilosinj.com.hr\/wp-content\/uploads\/2012\/11\/IMG_0899-1024x764.jpg 1024w\" sizes=\"auto, (max-width: 300px) 100vw, 300px\" \/><\/a><\/p>\n<p>Nastavu \u0107e odr\u017eavati profesori: Renato Dudi\u0107, Miljenko Jovi\u0107 i Andrija Vitlov koji su na po\u010detku realizacije ovog projekta na Pomorskom fakultetu u Rijeci polagali te\u010dajeve iz ovih sadr\u017eaja.<\/p>\n<p>U sklopu nastave za sigurnost na RO-RO putni\u010dkim brodovima odr\u017eana je vje\u017eba u malolo\u0161injskom brodogradili\u0161tu, na trajektima Jadrolinije, a fotografije mo\u017eete pogledati ovdje:<\/p>\n<p><strong>Seminari i webinari za nastavnike<\/strong><\/p>\n<p>Jedan od ishoda projekata je izobrazba nastavnika za izradu digitalnih nastavnih sadr\u017eaja.<\/p>\n<p>U tom smislu u velja\u010di je odr\u017ean prvi seminar u Pomorskoj \u0161koli Bakar, nakon toga su svaki tjedan odr\u017eana po dva webinara na kojima su profesori nau\u010dili koristiti razne ra\u010dunalne alate za obradu tekstova, fotografija, zvuka, izradu filmova, prezentacija i ostalih sadr\u017eaja kojima se na interesantan, dinami\u010dan i interaktivan na\u010din mo\u017ee lak\u0161e prenositi nastavno gradivo.<\/p>\n<p>Seminare je pripremila tvrtka Aquilonis kojoj je na \u010delu prof. Predrag Pale, poznat kao jedan od tvoraca hrvatske internetske mre\u017ee Carnet.<\/p>\n<p>Dana 5. i. 6. travnja se odr\u017eava drugi dio seminara u Malom Lo\u0161inju na kojoj \u0107e svi sudionici (7 profesora iz Bakra i 5 iz Malog Lo\u0161inja) pokazati \u0161to su nau\u010dili tijekom prethodnog seminara i webinara, a sve \u0107e nadzirati profesori Predrag Pale i Vesna Kezdorf.<\/p>\n<p>Na seminaru sudjeluju:<\/p>\n<ul>\n<li>nastavnici iz\u00a0Malog Lo\u0161inja &#8211; Renato Dudi\u0107, Daniela Mu\u017ei\u0107, Davor Stipi\u0107, Andrija Vitlov i Aldina Buri\u0107<\/li>\n<li>nastavnici iz Bakra &#8211;\u00a0Vladimir Car, Igor i Jana Kegalj.\u00a0Davor O\u0161tri\u0107, Radiana Tomee Cicvari\u0107, Davor \u0160akan, Maja Vukas.<\/li>\n<\/ul>\n<p>Seminar vode prof. Predrag Pale i Vesna Kezdorf.<\/p>\n<p>Nakon ovog seminara \u0107e se jo\u0161 nekoliko tjedana odr\u017eavati webinari iz sadr\u017eaje koje su predlo\u017eili sami nastavnici.<\/p>\n<p>Od velja\u010de se povremeno odr\u017eavaju i webinari za nastavnike predava\u010de (po jedan iz Bakra i Malog Lo\u0161inja) iz strukovnih sadr\u017eaja vezanih za fakultativnu nastavu iz sigurnosti na RO-RO putni\u010dkim brodovima.<\/p>\n<p>Paralelno sa seminarom, odr\u017eat \u0107e se u na\u0161oj \u0161koli i\u00a0<strong>sastanak projektnog tima<\/strong>\u00a0na \u010delu s g. Darkom Jurekovi\u0107em, a kojeg \u010dine project leaderi: Davor O\u0161tri\u0107 i Aldina Buri\u0107, project administratori &#8211; na\u0161e tajnice Iva Vuleti\u0107 i Iva Krivi\u010di\u0107 te ra\u010dunovo\u0111a Aleksandar Popovi\u0107.<\/p>\n<p>Fotografije sa seminara i dru\u017eenja mo\u017eete pogledati ovdje:<\/p>\n<p><strong>Ra\u010dunalna oprema<\/strong><\/p>\n<p>Za nekoliko tjedana bi u obje \u0161kole trebala sti\u0107i ra\u010dunalna oprema koja obuhva\u0107a i po jedan server za svaku \u0161kolu na kojem \u0107e se mo\u0107i pohraniti nastavni digitalni sadr\u017eaji koje \u0107e pripremiti nastavnici koji sudjeluju na seminarima.<\/p>\n<p>Ra\u010dunalna oprema \u0107e omogu\u0107iti i videokonferencijske sastanke i predavanja na kojima \u0107e mo\u0107i sudjelovati obje \u0161kole, a s obzirom da su partneri projektu i Hrvatska udruga poslodavaca te Sindikat pomoraca Hrvatske, odr\u017eat \u0107e se i online predavanja predstavnika ovih partnera.<\/p>\n<p>Jedno predavanje i predstavljanje \u0107e u\u010denicima obiju \u0161kola odr\u017eati i neki od predstavnika agencija za zapo\u0161ljavanje pomoraca.<\/p>\n<p>&nbsp;<\/p>\n<p><strong>U novoopremljenom kabinetu uspje\u0161no zavr\u0161ila fakultativna nastava za malolo\u0161injske maturante<a href=\"http:\/\/www.ss-aharacica-malilosinj.com.hr\/wp-content\/uploads\/2012\/11\/IMG_20130523_085707.jpg\"><img loading=\"lazy\" decoding=\"async\" class=\"alignright size-medium wp-image-2932\" title=\"IMG_20130523_085707\" src=\"http:\/\/www.ss-aharacica-malilosinj.com.hr\/wp-content\/uploads\/2012\/11\/IMG_20130523_085707-300x225.jpg\" alt=\"\" width=\"300\" height=\"225\" srcset=\"http:\/\/www.ss-aharacica-malilosinj.com.hr\/wp-content\/uploads\/2012\/11\/IMG_20130523_085707-300x225.jpg 300w, http:\/\/www.ss-aharacica-malilosinj.com.hr\/wp-content\/uploads\/2012\/11\/IMG_20130523_085707-1024x768.jpg 1024w, http:\/\/www.ss-aharacica-malilosinj.com.hr\/wp-content\/uploads\/2012\/11\/IMG_20130523_085707.jpg 2048w\" sizes=\"auto, (max-width: 300px) 100vw, 300px\" \/><\/a><\/strong><\/p>\n<p>&nbsp;<\/p>\n<p>U srijedu, 23. svibnja 2013. godine, u\u010denici zavr\u0161nog razreda iz pomorskih struka (dva pomorska nauti\u010dara i pet tehni\u010dara za brodostrojarstvo), uspje\u0161no su polo\u017eili drugi dio ispita iz fakultativne nastave Sigurnosti na tankerima, \u010dime je uspje\u0161no okon\u010dan ovaj dio IPA projekta \u201eOd obrazovanja do zapo\u0161ljavanja kroz modernizaciju kurikuluma pomorskih strukovnih \u0161kola\u201c.<a href=\"http:\/\/www.ss-aharacica-malilosinj.com.hr\/wp-content\/uploads\/2012\/11\/IMG_20130523_085651.jpg\"><img loading=\"lazy\" decoding=\"async\" class=\"alignright size-medium wp-image-2931\" title=\"Novoopremljena u\u010dionica\" src=\"http:\/\/www.ss-aharacica-malilosinj.com.hr\/wp-content\/uploads\/2012\/11\/IMG_20130523_085651-300x225.jpg\" alt=\"\" width=\"300\" height=\"225\" srcset=\"http:\/\/www.ss-aharacica-malilosinj.com.hr\/wp-content\/uploads\/2012\/11\/IMG_20130523_085651-300x225.jpg 300w, http:\/\/www.ss-aharacica-malilosinj.com.hr\/wp-content\/uploads\/2012\/11\/IMG_20130523_085651-1024x768.jpg 1024w, http:\/\/www.ss-aharacica-malilosinj.com.hr\/wp-content\/uploads\/2012\/11\/IMG_20130523_085651.jpg 2048w\" sizes=\"auto, (max-width: 300px) 100vw, 300px\" \/><\/a><\/p>\n<p>Kako se mo\u017ee vidjeti na fotografijama, ispit je proveden u novoopremljenom nauti\u010dkom kabinetu, tako da su na\u0161i maturanti ujedno bili i prvi u\u010denici koji su imali priliku boraviti u tom specijaliziranom kabinetu. Ispit je proveo prof. Miljenko Jovi\u0107 koji je u tom djelu projekta bio anga\u017eiran s profesorima Renatom Dudi\u0107em i Andrijom Vitlovom.<\/p>\n<p>Nakon \u0161to je na\u0161 informati\u010dar, prof. Davor Stipi\u0107 uz pomo\u0107 ostalih djelatnika i u\u010denika \u0161kole odradio sve pripremne radove, gotovo svu ra\u010dunalnu opremu su instalirali i testirali djelatnici N-informetike u srijedu, 22. svibnja 2013. godine, a preostale radove \u0107e obaviti djelatnici \u0161kole do kraja ovog tjedna.<\/p>\n<p>U sklopu projekta, za nastavnike slijedi razdoblje u kojem \u0107e pripremati edukativne materijale koji \u0107e se koristiti za nastavu u kabinetu, a koji \u0107e biti sastavni dio LMS sustava kojeg razvija tvrtka Citus. Te materijale \u0107e mo\u0107i koristiti i pomorci diljem svijeta koji \u0107e imati mogu\u0107nost pristupa internetu, \u0161to je jedan od krajnjih ciljeva ovog projekta.<\/p>\n<p><span style=\"color: #000000;\"><strong>LMS &#8211; Sustav u\u010denja na daljinu<\/strong><\/span><\/p>\n<p>Nakon ljetnih praznika, tijekom kojih su nastavnici pripremali digitalne obrazovne materijale, dana 28. i 29. kolovoza 2013. godine u novoopremljenoj u\u010dionici 36 je odr\u017ean seminar &#8211; edukacija u kori\u0161tenju LMS platforme.\u00a0<a href=\"http:\/\/www.ss-aharacica-malilosinj.com.hr\/wp-content\/uploads\/2012\/11\/P9135355.jpg\"><img loading=\"lazy\" decoding=\"async\" class=\"alignright size-medium wp-image-3236\" title=\"P9135355\" src=\"http:\/\/www.ss-aharacica-malilosinj.com.hr\/wp-content\/uploads\/2012\/11\/P9135355-300x224.jpg\" alt=\"\" width=\"300\" height=\"224\" srcset=\"http:\/\/www.ss-aharacica-malilosinj.com.hr\/wp-content\/uploads\/2012\/11\/P9135355-300x224.jpg 300w, http:\/\/www.ss-aharacica-malilosinj.com.hr\/wp-content\/uploads\/2012\/11\/P9135355-1024x766.jpg 1024w\" sizes=\"auto, (max-width: 300px) 100vw, 300px\" \/><\/a><\/p>\n<p>Edukaciju je odr\u017eao predstavnik tvrtke &#8220;Citus&#8221; koja je izradila LMS sustav, g. Tomislav Bi\u0161\u0107an, a na edukaciji su sudjelovali \u010dlanovi projektnog tima: Aldina Buri\u0107, Renato Dudi\u0107, Miljenko Jovi\u0107, Davor Stipi\u0107 i Andrija Vitlov, te ostali profesori koji su tako\u0111er bili zainteresirani za objavu njihovih edukativnih materijala na novu web stranicu LMS sustava &#8211; Melita Chiole, Sandra Malji\u0107 i Tibor Peji\u0107. Materijali se mogu vidjeti na web stranici <a href=\"http:\/\/losinj.e-pomorstvo.eu\/\">LMS &#8211; Mali Lo\u0161inj<\/a>.<\/p>\n<p><strong>Na kraju projekta odr\u017eana tiskovna konferencija<\/strong><\/p>\n<p>U ponedjeljak, 16. rujna 2013. g., s po\u010detkom u 10.00 sati, u Pomorskoj \u0161koli Bakar odr\u017eana je tiskovna konferencija kojom je prakti\u010dki zaklju\u010den IPA Projekt <em>\u201eOd obrazovanja do zapo\u0161ljavanja kroz modernizaciju kurikuluma pomorskih strukovnih \u0161kola\u201c\u00a0 (Bridging the Gap between Education and Employment through Modernized Maritime VET School Curricula)<\/em>.<\/p>\n<p><a href=\"http:\/\/www.ss-aharacica-malilosinj.com.hr\/wp-content\/uploads\/2012\/11\/DSCN1669.jpg\"><img loading=\"lazy\" decoding=\"async\" class=\"alignright size-medium wp-image-3233\" title=\"DSCN1669\" src=\"http:\/\/www.ss-aharacica-malilosinj.com.hr\/wp-content\/uploads\/2012\/11\/DSCN1669-300x225.jpg\" alt=\"\" width=\"300\" height=\"225\" srcset=\"http:\/\/www.ss-aharacica-malilosinj.com.hr\/wp-content\/uploads\/2012\/11\/DSCN1669-300x225.jpg 300w, http:\/\/www.ss-aharacica-malilosinj.com.hr\/wp-content\/uploads\/2012\/11\/DSCN1669-1024x768.jpg 1024w\" sizes=\"auto, (max-width: 300px) 100vw, 300px\" \/><\/a><\/p>\n<p>Na tiskovnoj konferenciji su svoje izjave s dojmovima i rezultatima projekta iznijeli doma\u0107ini i gosti:<\/p>\n<p>&#8211;\u00a0\u00a0\u00a0\u00a0\u00a0\u00a0 ravnatelj Pomorske \u0161kole Bakar, prof. Gordan Pape\u0161<\/p>\n<p>&#8211;\u00a0\u00a0\u00a0\u00a0\u00a0\u00a0 ravnateljica Srednje \u0161kole Ambroza Hara\u010di\u0107a, prof. Jelena Brali\u0107<\/p>\n<p>&#8211;\u00a0\u00a0\u00a0\u00a0\u00a0\u00a0 predstavnik Hrvatske udruge poslodavaca, g. Nenad Seifert<\/p>\n<p>&#8211;\u00a0\u00a0\u00a0\u00a0\u00a0\u00a0 predstavnik Sindikata pomoraca Hrvatske, g. Danilo Prestint<\/p>\n<p>&#8211;\u00a0\u00a0\u00a0\u00a0\u00a0\u00a0 predstavnici \u017dupanije, Ministarstva znanosti obrazovanja i sporta te Ministarstva pomorstva, prometa i infrastrukture<\/p>\n<p><a href=\"http:\/\/www.ss-aharacica-malilosinj.com.hr\/wp-content\/uploads\/2012\/11\/DSCN1677.jpg\"><img loading=\"lazy\" decoding=\"async\" class=\"alignleft size-medium wp-image-3234\" title=\"DSCN1677\" src=\"http:\/\/www.ss-aharacica-malilosinj.com.hr\/wp-content\/uploads\/2012\/11\/DSCN1677-300x225.jpg\" alt=\"\" width=\"300\" height=\"225\" srcset=\"http:\/\/www.ss-aharacica-malilosinj.com.hr\/wp-content\/uploads\/2012\/11\/DSCN1677-300x225.jpg 300w, http:\/\/www.ss-aharacica-malilosinj.com.hr\/wp-content\/uploads\/2012\/11\/DSCN1677-1024x768.jpg 1024w\" sizes=\"auto, (max-width: 300px) 100vw, 300px\" \/><\/a>O samoj realizaciji projekta su govorili projektni manager, g. Darko Jurekovi\u0107 i voditelji projektnih timova, prof. Davor O\u0161tri\u0107 i Aldina Buri\u0107. Predstavljena i bro\u0161ura u kojoj je detaljno opisan cijeli projekt koju mo\u017eete pogledati u prilogu.\u00a0<a href=\"http:\/\/www.ss-aharacica-malilosinj.com.hr\/wp-content\/uploads\/2012\/11\/Scan-bro\u0161ure.pdf\">Bro\u0161ura projekta<\/a><\/p>\n<p>Nakon tiskovne konferencije su sudionici mogli razgledati novoopremljenu u\u010dionicu u Bakru.<\/p>\n<p>Poslije zakuske za sve uzvanike \u010dlanovi projektnog tima odr\u017eali su svoj posljednji slu\u017ebeni sastanak i dogovorili potrebne aktivnosti do kraja kalendarske godine.<\/p>\n<p>&nbsp;<\/p>\n<p>&nbsp;<\/p>\n<p>&nbsp;<\/p>\n<p>&nbsp;<\/p>\n<p>&nbsp;<\/p>\n","protected":false},"excerpt":{"rendered":"<p>Srednja \u0161kola Ambroza Hara\u010di\u0107a \u0107e, kao partner Pomorskoj \u0161koli u Bakru, sudjelovati u projektu u trajanju od 12 mjeseci kroz koji se razvijaju nove, inovativne zna\u010dajke u pomorskom strukovnom obrazovanju i pobolj\u0161ava mogu\u0107nost \u0161kole da pru\u017ei prakti\u010dno i tr\u017ei\u0161no usmjereno obrazovanje. Ostali partneri projekta su Hrvatska udruga poslodavaca i Sindikat pomoraca Hrvatske. Projekt \u201cBridging the [&hellip;]<\/p>\n","protected":false},"author":14,"featured_media":2931,"parent":1000,"menu_order":2,"comment_status":"closed","ping_status":"closed","template":"","meta":{"footnotes":""},"class_list":["post-2197","page","type-page","status-publish","has-post-thumbnail","hentry"],"_links":{"self":[{"href":"http:\/\/www.ss-aharacica-malilosinj.com.hr\/index.php?rest_route=\/wp\/v2\/pages\/2197","targetHints":{"allow":["GET"]}}],"collection":[{"href":"http:\/\/www.ss-aharacica-malilosinj.com.hr\/index.php?rest_route=\/wp\/v2\/pages"}],"about":[{"href":"http:\/\/www.ss-aharacica-malilosinj.com.hr\/index.php?rest_route=\/wp\/v2\/types\/page"}],"author":[{"embeddable":true,"href":"http:\/\/www.ss-aharacica-malilosinj.com.hr\/index.php?rest_route=\/wp\/v2\/users\/14"}],"replies":[{"embeddable":true,"href":"http:\/\/www.ss-aharacica-malilosinj.com.hr\/index.php?rest_route=%2Fwp%2Fv2%2Fcomments&post=2197"}],"version-history":[{"count":14,"href":"http:\/\/www.ss-aharacica-malilosinj.com.hr\/index.php?rest_route=\/wp\/v2\/pages\/2197\/revisions"}],"predecessor-version":[{"id":3239,"href":"http:\/\/www.ss-aharacica-malilosinj.com.hr\/index.php?rest_route=\/wp\/v2\/pages\/2197\/revisions\/3239"}],"up":[{"embeddable":true,"href":"http:\/\/www.ss-aharacica-malilosinj.com.hr\/index.php?rest_route=\/wp\/v2\/pages\/1000"}],"wp:featuredmedia":[{"embeddable":true,"href":"http:\/\/www.ss-aharacica-malilosinj.com.hr\/index.php?rest_route=\/wp\/v2\/media\/2931"}],"wp:attachment":[{"href":"http:\/\/www.ss-aharacica-malilosinj.com.hr\/index.php?rest_route=%2Fwp%2Fv2%2Fmedia&parent=2197"}],"curies":[{"name":"wp","href":"https:\/\/api.w.org\/{rel}","templated":true}]}}