{"id":18534,"date":"2022-11-03T18:14:18","date_gmt":"2022-11-03T18:14:18","guid":{"rendered":"http:\/\/www.ss-aharacica-malilosinj.com.hr\/?page_id=18534"},"modified":"2022-11-03T18:19:41","modified_gmt":"2022-11-03T18:19:41","slug":"2018-2019","status":"publish","type":"page","link":"http:\/\/www.ss-aharacica-malilosinj.com.hr\/?page_id=18534","title":{"rendered":"2018.\/2019."},"content":{"rendered":"<p><a href=\"http:\/\/www.ss-aharacica-malilosinj.com.hr\/?p=13156\">8. PUB KVIZ &#8211; 21. svibanj 2019.<\/a><\/p>\n<p><a href=\"http:\/\/www.ss-aharacica-malilosinj.com.hr\/?p=12867\">7. PUB KVIZ &#8211; 5. travnja 2019.<\/a><\/p>\n<p><a href=\"http:\/\/www.ss-aharacica-malilosinj.com.hr\/?p=12689\">6. PUB KVIZ &#8211; 8. o\u017eujka 2019.<\/a><\/p>\n<p><a href=\"http:\/\/www.ss-aharacica-malilosinj.com.hr\/?p=12489\">5. PUB KVIZ &#8211; 18. velja\u010de 2019.<\/a>&nbsp;<\/p>\n<p><a href=\"http:\/\/www.ss-aharacica-malilosinj.com.hr\/?p=124234.\">4. PUB KVIZ &#8211; 4. velja\u010de 2018.<\/a><\/p>\n<p><a href=\"http:\/\/www.ss-aharacica-malilosinj.com.hr\/?p=123163.\"> 3. PUB KVIZ &#8211; 17. prosinca 2018.<\/a><\/p>\n<p><a href=\"http:\/\/www.ss-aharacica-malilosinj.com.hr\/?p=12210\">2. PUB KVIZ &#8211; 26. studenog 2018.<\/a><\/p>\n<p><a href=\"http:\/\/www.ss-aharacica-malilosinj.com.hr\/?p=12019\">1. PUB KVIZ &#8211; 22. listopad 2018.&nbsp;<\/a><\/p>\n","protected":false},"excerpt":{"rendered":"<p>8. PUB KVIZ &#8211; 21. svibanj 2019. 7. PUB KVIZ &#8211; 5. travnja 2019. 6. PUB KVIZ &#8211; 8. o\u017eujka 2019. 5. PUB KVIZ &#8211; 18. velja\u010de 2019.&nbsp; 4. PUB KVIZ &#8211; 4. velja\u010de 2018. 3. PUB KVIZ &#8211; 17. prosinca 2018. 2. PUB KVIZ &#8211; 26. studenog 2018. 1. PUB KVIZ &#8211; 22. listopad [&hellip;]<\/p>\n","protected":false},"author":18,"featured_media":0,"parent":18525,"menu_order":13,"comment_status":"closed","ping_status":"closed","template":"","meta":{"footnotes":""},"class_list":["post-18534","page","type-page","status-publish","hentry"],"_links":{"self":[{"href":"http:\/\/www.ss-aharacica-malilosinj.com.hr\/index.php?rest_route=\/wp\/v2\/pages\/18534","targetHints":{"allow":["GET"]}}],"collection":[{"href":"http:\/\/www.ss-aharacica-malilosinj.com.hr\/index.php?rest_route=\/wp\/v2\/pages"}],"about":[{"href":"http:\/\/www.ss-aharacica-malilosinj.com.hr\/index.php?rest_route=\/wp\/v2\/types\/page"}],"author":[{"embeddable":true,"href":"http:\/\/www.ss-aharacica-malilosinj.com.hr\/index.php?rest_route=\/wp\/v2\/users\/18"}],"replies":[{"embeddable":true,"href":"http:\/\/www.ss-aharacica-malilosinj.com.hr\/index.php?rest_route=%2Fwp%2Fv2%2Fcomments&post=18534"}],"version-history":[{"count":2,"href":"http:\/\/www.ss-aharacica-malilosinj.com.hr\/index.php?rest_route=\/wp\/v2\/pages\/18534\/revisions"}],"predecessor-version":[{"id":18539,"href":"http:\/\/www.ss-aharacica-malilosinj.com.hr\/index.php?rest_route=\/wp\/v2\/pages\/18534\/revisions\/18539"}],"up":[{"embeddable":true,"href":"http:\/\/www.ss-aharacica-malilosinj.com.hr\/index.php?rest_route=\/wp\/v2\/pages\/18525"}],"wp:attachment":[{"href":"http:\/\/www.ss-aharacica-malilosinj.com.hr\/index.php?rest_route=%2Fwp%2Fv2%2Fmedia&parent=18534"}],"curies":[{"name":"wp","href":"https:\/\/api.w.org\/{rel}","templated":true}]}}