{"id":18102,"date":"2022-07-15T10:03:04","date_gmt":"2022-07-15T10:03:04","guid":{"rendered":"http:\/\/www.ss-aharacica-malilosinj.com.hr\/?page_id=18102"},"modified":"2022-11-08T12:59:12","modified_gmt":"2022-11-08T12:59:12","slug":"vijesti","status":"publish","type":"page","link":"http:\/\/www.ss-aharacica-malilosinj.com.hr\/?page_id=18102","title":{"rendered":"Vijesti"},"content":{"rendered":"<h2 style=\"text-align: center;\"><strong>Pristupa\u010dnost za osobe s invaliditetom&nbsp;<\/strong><\/h2>\n<p>Dana 26.10.2022. u Karlovcu odr\u017eana je edukcija pod nazivom Pristupa\u010dnost za osobe s invaliditetom u sklopu projekta Mre\u017ea kom5entnosti, programa edukacija za provedbu horizontalnih politika.<\/p>\n<p>Teme i plan rada najavio je gosp.Tomislav Kand\u017eija, voditelj mre\u017ee kom5entnosti, nakon \u010dega je svoje izlaganje nastavila Katja Luketi\u0107, profesorica Visoke poslovne \u0161kole PAR iz Rijeke.<\/p>\n<p>Nakon uvodnog predstavljanja svih sudionika edukacije uslijedilo je predavanje na temu zakonskih okvira koji se odnose na ravnopravnost spolova i suzbijanje diskriminacije op\u0107enito, pa tako i osoba s invaliditetom. Istaknuta su prava osoba s invaliditetom koja proizlaze iz Zakona o radu i Zakona o odgoju i obrazovanju u osnovnoj i srednjoj \u0161koli, te Konvencije o pravima osoba s invaliditetom. Bilo je govora i o profesionalnoj rehabilitaciji i zapo\u0161ljavanju te uklju\u010divanju osoba s invaliditetom u \u017eivot zajednice. Naglasak je bio na pristupu u\u010denicima s invaliditetom i te\u0161ko\u0107ama u razvoju op\u0107enito.<\/p>\n<p>U drugom dijelu edukacije vrlo \u017eivopisan doprinos ovoj temi dala je Jelena Vukovi\u0107, hrvatska paraolimpijka, osvaja\u010dica bron\u010dane medalje u bacanju diska na OI u Ateni 2004.godine. Svojom \u017eivotnom pri\u010dom je do\u010darala kako i osobe s invaliditetom mogu ostvariti svoje ciljeve i snove, te s kojim se sve preprekama susre\u0107u na tom putu.<\/p>\n<p>Uslijedili su primjeri dobre prakse pri \u010demu su se djelatnici iz svih pet \u0161kola koje su prisustvovale edukciji, prisjetili svojih u\u010denika s invaliditetom i iskustava koje su stekli kroz rad s njima. Govorilo se o te\u0161ko\u0107ama s kojima su se susretali u\u010denici s invaliditetom, \u0161kola, nastavnici i roditelji kako bi se ti u\u010denici uklopili u \u0161kolsko okru\u017eenje. Zaklju\u010dak je bio da su nastavnici mnogo toga nau\u010dili kroz kontakt i prilago\u0111avanje potrebama u\u010denika s invaliditetom, te da su spomenuti u\u010denici oplemenili svoju \u0161kolu i promijenili pogled nastavnika i ostalih u\u010denika na osobe s invaliditetom.<\/p>\n<h2 class=\"style-scope ytd-watch-metadata\" style=\"text-align: center;\"><a href=\"http:\/\/www.ss-aharacica-malilosinj.com.hr\/wp-content\/uploads\/2022\/07\/IMG-92f665127a65f3d7fdbe85d992458ab0-V.jpg\"><img loading=\"lazy\" decoding=\"async\" class=\"alignnone wp-image-18632\" src=\"http:\/\/www.ss-aharacica-malilosinj.com.hr\/wp-content\/uploads\/2022\/07\/IMG-92f665127a65f3d7fdbe85d992458ab0-V-300x225.jpg\" alt=\"\" width=\"493\" height=\"370\" srcset=\"http:\/\/www.ss-aharacica-malilosinj.com.hr\/wp-content\/uploads\/2022\/07\/IMG-92f665127a65f3d7fdbe85d992458ab0-V-300x225.jpg 300w, http:\/\/www.ss-aharacica-malilosinj.com.hr\/wp-content\/uploads\/2022\/07\/IMG-92f665127a65f3d7fdbe85d992458ab0-V-768x576.jpg 768w, http:\/\/www.ss-aharacica-malilosinj.com.hr\/wp-content\/uploads\/2022\/07\/IMG-92f665127a65f3d7fdbe85d992458ab0-V-1024x768.jpg 1024w, http:\/\/www.ss-aharacica-malilosinj.com.hr\/wp-content\/uploads\/2022\/07\/IMG-92f665127a65f3d7fdbe85d992458ab0-V.jpg 1600w\" sizes=\"auto, (max-width: 493px) 100vw, 493px\" \/><\/a><\/h2>\n<p>&nbsp;<\/p>\n<h2 class=\"style-scope ytd-watch-metadata\" style=\"text-align: center;\">Ugostiteljskoj \u0161koli Opatija i partnerskim ustanovama 31,3 milijuna kuna za ure\u0111enje objekata centra kompetentnosti<\/h2>\n<p><a href=\"http:\/\/www.ss-aharacica-malilosinj.com.hr\/wp-content\/uploads\/2022\/07\/Mre\u017ea-Kom5entnosti-ugovor.jpg\"><img loading=\"lazy\" decoding=\"async\" class=\"size-medium wp-image-18118 alignleft\" src=\"http:\/\/www.ss-aharacica-malilosinj.com.hr\/wp-content\/uploads\/2022\/07\/Mre\u017ea-Kom5entnosti-ugovor-300x200.jpg\" alt=\"\" width=\"300\" height=\"200\" srcset=\"http:\/\/www.ss-aharacica-malilosinj.com.hr\/wp-content\/uploads\/2022\/07\/Mre\u017ea-Kom5entnosti-ugovor-300x200.jpg 300w, http:\/\/www.ss-aharacica-malilosinj.com.hr\/wp-content\/uploads\/2022\/07\/Mre\u017ea-Kom5entnosti-ugovor-768x512.jpg 768w, http:\/\/www.ss-aharacica-malilosinj.com.hr\/wp-content\/uploads\/2022\/07\/Mre\u017ea-Kom5entnosti-ugovor.jpg 1024w\" sizes=\"auto, (max-width: 300px) 100vw, 300px\" \/><\/a>U Pomorskom i povijesnom muzeju Hrvatskog primorja Rijeka ravnatelji Ugostiteljske \u0161kola Opatija i srednjih \u0161kola dr. Antuna Barca Crikvenica, Hrvatski kralj Zvonimir, Krk i Ambroza Hara\u010di\u0107a, Mali Lo\u0161inj, potpisali su ugovore o adaptaciji objekata Regionalnog centra kompetentnosti i partnerskih ustanova s izvo\u0111a\u010dima radova.<\/p>\n<p>Dio je to projekta MRE\u017dA KOM5ENTNOSTI ukupne vrijednosti 31,3 milijuna kuna koji je financiran iz Europskog fonda za regionalni razvoj, a sredstvima \u0107e se adaptirati objekti \u0161kola i nabaviti specijalizirana oprema s ciljem pobolj\u0161anja kvalitete obrazovanja i osposobljavanja u\u010denika i nastavnika.<\/p>\n<p>Kako je pojasnila ravnateljica Ugostiteljske \u0161kole Opatija Sibila Roth, \u0161kola postaje sredi\u0161te izvrsnosti u turizmu i ugostiteljstvu za cijelu Hrvatsku. \u201cTo zna\u010di novi prostori, nova oprema i \u0161to bolje edukacija za nastavnike i u\u010denike koji \u0107e biti osposobljeni za tr\u017ei\u0161te rada.\u201d<\/p>\n<p>Podsjetimo, 2018. godine imenovano je 25 regionalnih centara kompetentnosti (RCK) u strukovnom obrazovanju na razini Hrvatske, a Ugostiteljska \u0161kola Opatija imenovana je u sektoru turizma i ugostiteljstva kao nositelj projekta, dok su preostale tri \u0161kole na podru\u010dju PG\u017d partneri, zajedno sa Trgova\u010dko-ugostiteljskom \u0161kolom iz Karlova\u010dke \u017eupanije. Ugostiteljsku \u0161kolu Opatija kandidirala je Primorsko-goranska \u017eupanija odvojiv\u0161i pritom i dva milijuna kuna za podr\u0161ku projektu, navela je pro\u010delnica Stilin tijekom potpisivanja ugovora, a kojemu je prisustvovao i \u017eupan Zlatko Komadina osvrnuv\u0161i se pritom na pove\u0107an interes u\u010denika srednjih \u0161kola u PG\u017d-u za strukovna zanimanja na ljetnom upisnom roku.<\/p>\n<p>\u201cOsobno mi je vrlo drago da se ula\u017ee u strukovne \u0161kole i da se pomalo bilje\u017ei povratak u\u010denika i interes prema strukovnim \u0161kolama, o \u010demu posebno svjedo\u010de ovogodi\u0161nji rezultati upisa u srednje \u0161kole. Ulaganje u kvalitetu obrazovanja i djelatnosti koje su potrebne gospodarstvu primarni je cilj Primorsko-goranske \u017eupanije. Danas svjedo\u010dimo po\u010detku radova, vrijednost ugovora iznosi preko 30 milijuna kuna i vjerujem da \u0107emo stvoriti jako dobre uvjete u\u010denicima i nastavnicima za rad\u201d, rekao je \u017eupan Komadina.<\/p>\n<p>O pove\u0107anom interesu za strukovno obrazovanje, posvjedo\u010dila je i ravnateljica Roth rekav\u0161i kako su svi razredi za konobare, kuhare, slasti\u010dare i turisti\u010dko-hotelijerske komercijaliste opatijske ugostiteljske \u0161kole popunjeni, a na \u0161to su izuzetno ponosni.<\/p>\n<p>Karlova\u010dka zamjenica \u017eupana Vesna Hajsan Dolinar zahvalila se \u017eupanu Komadini i PG\u017d-u na partnerstvu u projektu, dok je voditelj projekta Tomislav Kand\u017eija iz Regionalne razvojne agencije PG\u017d RRA odr\u017eao prezentaciju o tijeku projekta.<\/p>\n<p>Izvo\u0111a\u010di radova na sva \u010detiri \u017eupanijska \u0161kolska objekta bit \u0107e tvrtke G.P. Boros d.o.o. i Izgradnja d.o.o., a nakon zavr\u0161etka radova Srednja \u0161kola Ambroza Hara\u010di\u0107a dobit \u0107e preure\u0111en kabinet kuharstva i poslu\u017eivanja, dok \u0107e Srednja \u0161kola dr. Antuna Barca imati novi kabinet kuharstva i slasti\u010darstva, kao i rampu za osobe s invaliditetom, a kr\u010dka srednja \u0161kola imat \u0107e novi kabinet poslu\u017eivanja i kuharstva.<\/p>\n<p>Sve\u010danosti su prisustvovali i zamjenica \u017eupana Marina Medari\u0107, predstojnica Kabineta \u017eupana Ermina Duraj, ravnatelj Regionalne razvojne agencije PG\u017d Vedran Kru\u017ei\u0107 i zamjenik ravnatelja Regionalne razvojne agencije Karlova\u010dke \u017eupanije Krunoslav Kralj.<\/p>\n<p>Objavljeno: 13. srpnja 2022.<\/p>\n<p>Izvor:&nbsp;<\/p>\n<blockquote class=\"wp-embedded-content\" data-secret=\"D2YwE9J3Md\"><p><a href=\"https:\/\/www.pgz.hr\/objave\/ugostiteljskoj-skoli-opatija-i-partnerskim-ustanovama-313-milijuna-kuna-za-uredenje-objekata-centra-kompetentnosti\/\">Ugostiteljskoj \u0161koli Opatija i partnerskim ustanovama 31,3 milijuna kuna za ure\u0111enje objekata centra kompetentnosti<\/a><\/p><\/blockquote>\n<p><iframe loading=\"lazy\" class=\"wp-embedded-content\" sandbox=\"allow-scripts\" security=\"restricted\" style=\"position: absolute; visibility: hidden;\" title=\"&#8220;Ugostiteljskoj \u0161koli Opatija i partnerskim ustanovama 31,3 milijuna kuna za ure\u0111enje objekata centra kompetentnosti&#8221; &#8212; Primorsko-goranska \u017eupanija\" src=\"https:\/\/www.pgz.hr\/objave\/ugostiteljskoj-skoli-opatija-i-partnerskim-ustanovama-313-milijuna-kuna-za-uredenje-objekata-centra-kompetentnosti\/embed\/#?secret=8081CAwXd5#?secret=D2YwE9J3Md\" data-secret=\"D2YwE9J3Md\" width=\"600\" height=\"338\" frameborder=\"0\" marginwidth=\"0\" marginheight=\"0\" scrolling=\"no\"><\/iframe><\/p>\n<h2 class=\"style-scope ytd-watch-metadata\" style=\"text-align: center;\">&nbsp;<\/h2>\n<h2 class=\"style-scope ytd-watch-metadata\" style=\"text-align: center;\">Mre\u017ea kompetentnosti<\/h2>\n<p><iframe loading=\"lazy\" title=\"Mre\u017ea kompetentnosti\" width=\"640\" height=\"360\" src=\"https:\/\/www.youtube.com\/embed\/eQCjzDA0wgQ?feature=oembed\" frameborder=\"0\" allow=\"accelerometer; autoplay; clipboard-write; encrypted-media; gyroscope; picture-in-picture; web-share\" referrerpolicy=\"strict-origin-when-cross-origin\" allowfullscreen><\/iframe><\/p>\n<p>Objavljeni: 28. sije\u010dnja 2021.<\/p>\n<p>&nbsp;<\/p>\n<h2 style=\"text-align: center;\">Odr\u017eana po\u010detna konferencija projekta MRE\u017dA KOM5ENTNOSTI<\/h2>\n<p>U Opatiji je odr\u017eana po\u010detna konferencija projekta MRE\u017dA KOM5ENTNOSTI, u tzv. hibridnom formatu, fizi\u010dki i online preko platforme ZOOM, uz pridr\u017eavanje svih epidemiolo\u0161kih preporuka za prevenciju \u0161irenja koronavirusa.<br \/>\nKako je tom prigodom istaknuto, projektom MRE\u017dA KOM5ENTNOSTI planirano je uspostavljanje prostorno \u2013 tehni\u010dkih uvjeta za rad Regionalnog centra kompetentnosti Ugostiteljske \u0161kole Opatija i partnerskih javnih ustanova, te stvaranje suradnje s gospodarskim sektorom. Svojom opremljeno\u0161\u0107u i stru\u010dnim kadrovima Centar \u0107e biti nositelj kvalitetnog strukovnog obrazovanja povezanog sa svijetom rada.<\/p>\n<p>\u017dupan Zlatko Komadina zahvalio je svima koji su dali svoj doprinos istaknuv\u0161i zadovoljstvo \u0161to je u Projektu prepoznata va\u017enost strukovnog obrazovanja i unapre\u0111enje znanja. \u201e Turizam i ugostiteljstvo \u010dine veliki dio dru\u0161tvenog proizvoda. Stoga je va\u017eno raditi na kvaliteti struke i usluge koja se pru\u017ea, a \u0161to se kroz ulaganje u objekte i opremu kao i nova znanja i vje\u0161tine te kvalitetan sustav obrazovanja kroz Regionalan centar kompetentnosti u sektoru turizma i ugostiteljstva \u017eeli osigurati\u201c, rekao je \u017eupan Komadina.<\/p>\n<p>Dr\u017eavna tajnica Ministarstva regionalnog razvoja i Fondova EU Spomenka \u0110uri\u0107 istaknula je zadovoljstvo \u0161to je RCK u sektoru turizma i ugostiteljstva upravo Ugostiteljska \u0161kola iz Opatije, grada kolijevke i perjanice hrvatskog turizma kao i obrazovanja u turizmu.<\/p>\n<p>Vjeruju\u0107i u nastavak uspje\u0161ne suradnje kroz projekt regionalnih centara kompetentnosti, \u010destitkama na realizaciji pridru\u017eila se i zamjenica \u017eupana Karlova\u010dke \u017eupanije Vesna Hajsan Dolinar.<\/p>\n<p>Ravnateljica Ugostiteljske \u0161kole Opatija Sibila Roth podsjetila je kako radovi u Ugostiteljskoj \u0161koli Opatija obuhva\u0107aju adaptaciju dviju zgrada kao i nabavu nove specijalizirane opreme. Projektom je obuhva\u0107ena i rekonstrukcija i adaptacija te nabava opreme za jo\u0161 4 \u0161kole \u2013 S\u0160 dr. Antuna Barca Crikvenica, S\u0160 Hrvatski kralj Zvonimir Krk, S\u0160 Ambroza Hara\u010di\u0107a Mali Lo\u0161inj i Trgova\u010dko-tekstilnu \u0161kolu Karlovac.<\/p>\n<p>Primorsko-goranska \u017eupanija, kao partner u projektu, financirala je izradu cjelokupne tehni\u010dke dokumentacije \u2013 svih glavnih projekata adaptacije \u0161kola na podru\u010dju \u017eupanije, \u010dime su ostvareni preduvjeti za projektnu prijavu dok je Regionalna razvojna agencija Primorsko-goranske \u017eupanije, kao suradnik na projektu MRE\u017dA KOM5ENTNOSTI, pru\u017eala stru\u010dnu i savjetodavnu pomo\u0107 u postupku izrade prijave, u fazi pripreme projekta.<\/p>\n<p>Projekt MRE\u017dA KOM5ENTNOSTI financira se iz Europskog fonda za regionalni razvoj, u sklopu Operativnog programa Konkurentnost i kohezija. Ukupna vrijednost projekta iznosi 31.391.735,36 kuna, a provodi se u razdoblju od 7. sije\u010dnja 2020. \u2013 27. travnja 2023. godine.<\/p>\n<p>Podsjetimo, Odlukom Ministarstva znanosti i obrazovanja o imenovanju regionalnih centara kompetentnosti u strukovnom obrazovanju, 2018. godine imenovano je ukupno 25 regionalnih centara kompetentnosti.<\/p>\n<p>Konferenciji u Opatiji prisustvovala su i resorna pro\u010delnica Edita Stilin, ravnatelj Regionalne razvojne agencije Vedran Kru\u017ei\u0107 kao i ravnatelji ustanova uklju\u010denih u projekt.<\/p>\n<p>U Opatiji, 4. prosinca 2020.<\/p>\n<p>Izvor:&nbsp;<\/p>\n<blockquote class=\"wp-embedded-content\" data-secret=\"omZsZZXvKW\"><p><a href=\"https:\/\/www.pgz.hr\/objave\/odrzana-pocetna-konferencija-projekta-mreza-kom5entnosti\/\">Odr\u017eana po\u010detna konferencija projekta MRE\u017dA KOM5ENTNOSTI<\/a><\/p><\/blockquote>\n<p><iframe loading=\"lazy\" class=\"wp-embedded-content\" sandbox=\"allow-scripts\" security=\"restricted\" style=\"position: absolute; visibility: hidden;\" title=\"&#8220;Odr\u017eana po\u010detna konferencija projekta MRE\u017dA KOM5ENTNOSTI&#8221; &#8212; Primorsko-goranska \u017eupanija\" src=\"https:\/\/www.pgz.hr\/objave\/odrzana-pocetna-konferencija-projekta-mreza-kom5entnosti\/embed\/#?secret=N7mcs3Q56N#?secret=omZsZZXvKW\" data-secret=\"omZsZZXvKW\" width=\"600\" height=\"338\" frameborder=\"0\" marginwidth=\"0\" marginheight=\"0\" scrolling=\"no\"><\/iframe><\/p>\n","protected":false},"excerpt":{"rendered":"<p>Pristupa\u010dnost za osobe s invaliditetom&nbsp; Dana 26.10.2022. u Karlovcu odr\u017eana je edukcija pod nazivom Pristupa\u010dnost za osobe s invaliditetom u sklopu projekta Mre\u017ea kom5entnosti, programa edukacija za provedbu horizontalnih politika. Teme i plan rada najavio je gosp.Tomislav Kand\u017eija, voditelj mre\u017ee kom5entnosti, nakon \u010dega je svoje izlaganje nastavila Katja Luketi\u0107, profesorica Visoke poslovne \u0161kole PAR iz [&hellip;]<\/p>\n","protected":false},"author":14,"featured_media":0,"parent":15580,"menu_order":2,"comment_status":"closed","ping_status":"closed","template":"","meta":{"footnotes":""},"class_list":["post-18102","page","type-page","status-publish","hentry"],"_links":{"self":[{"href":"http:\/\/www.ss-aharacica-malilosinj.com.hr\/index.php?rest_route=\/wp\/v2\/pages\/18102","targetHints":{"allow":["GET"]}}],"collection":[{"href":"http:\/\/www.ss-aharacica-malilosinj.com.hr\/index.php?rest_route=\/wp\/v2\/pages"}],"about":[{"href":"http:\/\/www.ss-aharacica-malilosinj.com.hr\/index.php?rest_route=\/wp\/v2\/types\/page"}],"author":[{"embeddable":true,"href":"http:\/\/www.ss-aharacica-malilosinj.com.hr\/index.php?rest_route=\/wp\/v2\/users\/14"}],"replies":[{"embeddable":true,"href":"http:\/\/www.ss-aharacica-malilosinj.com.hr\/index.php?rest_route=%2Fwp%2Fv2%2Fcomments&post=18102"}],"version-history":[{"count":7,"href":"http:\/\/www.ss-aharacica-malilosinj.com.hr\/index.php?rest_route=\/wp\/v2\/pages\/18102\/revisions"}],"predecessor-version":[{"id":18633,"href":"http:\/\/www.ss-aharacica-malilosinj.com.hr\/index.php?rest_route=\/wp\/v2\/pages\/18102\/revisions\/18633"}],"up":[{"embeddable":true,"href":"http:\/\/www.ss-aharacica-malilosinj.com.hr\/index.php?rest_route=\/wp\/v2\/pages\/15580"}],"wp:attachment":[{"href":"http:\/\/www.ss-aharacica-malilosinj.com.hr\/index.php?rest_route=%2Fwp%2Fv2%2Fmedia&parent=18102"}],"curies":[{"name":"wp","href":"https:\/\/api.w.org\/{rel}","templated":true}]}}