{"id":18099,"date":"2022-07-15T10:01:56","date_gmt":"2022-07-15T10:01:56","guid":{"rendered":"http:\/\/www.ss-aharacica-malilosinj.com.hr\/?page_id=18099"},"modified":"2022-11-03T17:33:56","modified_gmt":"2022-11-03T17:33:56","slug":"o-projektu","status":"publish","type":"page","link":"http:\/\/www.ss-aharacica-malilosinj.com.hr\/?page_id=18099","title":{"rendered":"O projektu"},"content":{"rendered":"<p><a href=\"http:\/\/www.ss-aharacica-malilosinj.com.hr\/wp-content\/uploads\/2022\/07\/RCK-Banner-e1657882650753.jpg\"><img loading=\"lazy\" decoding=\"async\" class=\"alignleft wp-image-18113 size-medium\" src=\"http:\/\/www.ss-aharacica-malilosinj.com.hr\/wp-content\/uploads\/2022\/07\/RCK-Banner-187x300.jpg\" alt=\"\" width=\"187\" height=\"300\"><\/a>INFORMATIVNA OBILJE\u017dJA O PROJEKTIMA \u201eMRE\u017dA KOM5ENTNOSTI\u201c I \u201eRCK RECEPT\u201c<\/p>\n<p>Na\u0161a \u0161kola kao partner sudjeluje u dva projekta \u010diji je nositelj Ugostiteljska \u0161kola Opatija koja postaje Regionalni centar kompetencija te se ista uspostavlja kao centar izvrsnosti strukovnog obrazovanja i osposobljavanja te cjelo\u017eivotnog u\u010denja u sektoru ugostiteljstva i turizma na podru\u010dju Primorsko-goranske i Karlova\u010dke \u017eupanije. O\u010dekuju\u0107i sna\u017eniji zamah projektnih aktivnosti, u prostoru na\u0161e \u0161kole postavljena su informativna obilje\u017eja o projektima.<\/p>\n<p>U sklopu projekta MRE\u017dA KOM5ENTNOSTI u na\u0161oj \u0161koli planira se adaptacija i opremanje ugostiteljskog praktikuma novom kvalitetnom opremom koja prati trendove u ugostiteljskim zanimanjima.<\/p>\n<p>Pobolj\u0161anim uvjetima te novom suvremenom opremom \u0107e se podi\u0107i razina kvalitete obrazovanja, prilago\u0111ena suvremenim metodama rada.<\/p>\n<p>U sklopu projekta RCK RECEPT na\u0161i nastavnici imat \u0107e mogu\u0107nost sudjelovanja u vrhunskim edukacijama i radionicama iz tema ugostiteljstva kao i u timovima koji \u0107e izra\u0111ivati nove, suvremene programe i kurikulume za pojedina ugostiteljska zanimanja.&nbsp;<a href=\"http:\/\/www.ss-aharacica-malilosinj.com.hr\/wp-content\/uploads\/2021\/03\/RCK-plo\u010da-e1657881144836.jpg\"><img loading=\"lazy\" decoding=\"async\" class=\"alignright size-full wp-image-18107\" src=\"http:\/\/www.ss-aharacica-malilosinj.com.hr\/wp-content\/uploads\/2021\/03\/RCK-plo\u010da-e1657881144836.jpg\" alt=\"\" width=\"300\" height=\"181\"><\/a> U sklopu projekta sudjelovat \u0107emo i u timu za razvoj sustava osiguravanja kvalitete koji \u0107e imati za zadatak osmisliti sustav vrednovanja rezultata projekta kao i rada odgojno-obrazovnih ustanova uklju\u010denih u projekt.<\/p>\n<p>Vi\u0161e o projektima pro\u010ditajte putem prilo\u017eenih linkova.<\/p>\n<p><a href=\"https:\/\/ugostiteljskaskolaopatija.hr\/projekti\/mreza-kom5entnosti\">Ugostiteljska \u0161kola Opatija<\/a><\/p>\n<p>Redovito se mo\u017eete informirati na web stranici:&nbsp;<a href=\"https:\/\/www.mrezakom5entnosti.eu\/\">https:\/\/www.mrezakom5entnosti.eu\/<\/a><\/p>\n","protected":false},"excerpt":{"rendered":"<p>INFORMATIVNA OBILJE\u017dJA O PROJEKTIMA \u201eMRE\u017dA KOM5ENTNOSTI\u201c I \u201eRCK RECEPT\u201c Na\u0161a \u0161kola kao partner sudjeluje u dva projekta \u010diji je nositelj Ugostiteljska \u0161kola Opatija koja postaje Regionalni centar kompetencija te se ista uspostavlja kao centar izvrsnosti strukovnog obrazovanja i osposobljavanja te cjelo\u017eivotnog u\u010denja u sektoru ugostiteljstva i turizma na podru\u010dju Primorsko-goranske i Karlova\u010dke \u017eupanije. O\u010dekuju\u0107i sna\u017eniji [&hellip;]<\/p>\n","protected":false},"author":14,"featured_media":18107,"parent":15580,"menu_order":1,"comment_status":"closed","ping_status":"closed","template":"","meta":{"footnotes":""},"class_list":["post-18099","page","type-page","status-publish","has-post-thumbnail","hentry"],"_links":{"self":[{"href":"http:\/\/www.ss-aharacica-malilosinj.com.hr\/index.php?rest_route=\/wp\/v2\/pages\/18099","targetHints":{"allow":["GET"]}}],"collection":[{"href":"http:\/\/www.ss-aharacica-malilosinj.com.hr\/index.php?rest_route=\/wp\/v2\/pages"}],"about":[{"href":"http:\/\/www.ss-aharacica-malilosinj.com.hr\/index.php?rest_route=\/wp\/v2\/types\/page"}],"author":[{"embeddable":true,"href":"http:\/\/www.ss-aharacica-malilosinj.com.hr\/index.php?rest_route=\/wp\/v2\/users\/14"}],"replies":[{"embeddable":true,"href":"http:\/\/www.ss-aharacica-malilosinj.com.hr\/index.php?rest_route=%2Fwp%2Fv2%2Fcomments&post=18099"}],"version-history":[{"count":6,"href":"http:\/\/www.ss-aharacica-malilosinj.com.hr\/index.php?rest_route=\/wp\/v2\/pages\/18099\/revisions"}],"predecessor-version":[{"id":18523,"href":"http:\/\/www.ss-aharacica-malilosinj.com.hr\/index.php?rest_route=\/wp\/v2\/pages\/18099\/revisions\/18523"}],"up":[{"embeddable":true,"href":"http:\/\/www.ss-aharacica-malilosinj.com.hr\/index.php?rest_route=\/wp\/v2\/pages\/15580"}],"wp:featuredmedia":[{"embeddable":true,"href":"http:\/\/www.ss-aharacica-malilosinj.com.hr\/index.php?rest_route=\/wp\/v2\/media\/18107"}],"wp:attachment":[{"href":"http:\/\/www.ss-aharacica-malilosinj.com.hr\/index.php?rest_route=%2Fwp%2Fv2%2Fmedia&parent=18099"}],"curies":[{"name":"wp","href":"https:\/\/api.w.org\/{rel}","templated":true}]}}