{"id":17749,"date":"2022-05-19T09:40:36","date_gmt":"2022-05-19T09:40:36","guid":{"rendered":"http:\/\/www.ss-aharacica-malilosinj.com.hr\/?page_id=17749"},"modified":"2023-01-11T19:02:08","modified_gmt":"2023-01-11T19:02:08","slug":"natjecaji-2022","status":"publish","type":"page","link":"http:\/\/www.ss-aharacica-malilosinj.com.hr\/?page_id=17749","title":{"rendered":"Natje\u010daji 2022"},"content":{"rendered":"<table border=\"0\">\n<tbody>\n<tr>\n<td>19.05.2022.<\/td>\n<td><a href=\"http:\/\/www.ss-aharacica-malilosinj.com.hr\/wp-content\/uploads\/2022\/05\/Natjecaj_za_ravnatelja-2022-1a.pdf\">Natje\u010daj za imenovanje ravnatelja\/ice<\/a>(pdf) <a href=\"http:\/\/www.ss-aharacica-malilosinj.com.hr\/wp-content\/uploads\/2022\/05\/Natjecaj_za_ravnatelja-2022-1.docx\">&nbsp;(docx)<\/a><\/td>\n<\/tr>\n<tr>\n<td>26.05.2022.<\/td>\n<td><a href=\"http:\/\/www.ss-aharacica-malilosinj.com.hr\/wp-content\/uploads\/2022\/05\/IMG_20220527_0001.pdf\">Natje\u010daj za zasnivanje radnog odnosa-sprema\u010dic<\/a>a&nbsp;<\/td>\n<\/tr>\n<tr>\n<td>7.06.2022.<\/td>\n<td><a href=\"http:\/\/www.ss-aharacica-malilosinj.com.hr\/wp-content\/uploads\/2022\/05\/IMG_20220624_0001.pdf\">Obavijest i poziv kandidatu na radnom mjestu-srema\u010dica&nbsp;<\/a><\/td>\n<\/tr>\n<tr>\n<td>13.06.2022.<\/td>\n<td><a href=\"http:\/\/www.ss-aharacica-malilosinj.com.hr\/wp-content\/uploads\/2022\/05\/IMG_20220624_0002.pdf\">Poziv i razgovor i rezultat testiranja na radnom mjestu sprema\u010dice<\/a>&nbsp;<\/td>\n<\/tr>\n<tr>\n<td>15.06.2022.<\/td>\n<td><a href=\"http:\/\/www.ss-aharacica-malilosinj.com.hr\/wp-content\/uploads\/2022\/05\/IMG_20220624_0003.pdf\">Obavijest o rezultatu natje\u010daja raspisanom 26.5.2022. za radno mjesto-sprema\u010dica<\/a><\/td>\n<\/tr>\n<tr>\n<td>11.07.2022.<\/td>\n<td><a href=\"http:\/\/www.ss-aharacica-malilosinj.com.hr\/wp-content\/uploads\/2022\/05\/IMG_20220721_0003.pdf\">Obavijest o&nbsp;ishodu natje\u010daja&nbsp;za imenovanje ravnateljice \u0161kole<\/a><\/td>\n<\/tr>\n<tr>\n<td>15.09.2022.<\/td>\n<td><a href=\"http:\/\/www.ss-aharacica-malilosinj.com.hr\/wp-content\/uploads\/2022\/05\/Tekst-natjec\u030caja-rujan-2022.pdf\">Tekst natje\u010daja za vi\u0161e radnih mjesta &#8211; rujan 2022.<\/a><\/td>\n<\/tr>\n<tr>\n<td>29.09.2022.<\/td>\n<td>&nbsp;<a href=\"http:\/\/www.ss-aharacica-malilosinj.com.hr\/wp-content\/uploads\/2022\/05\/IMG_20221013_0002.pdf\">OBAVIJEST I POZIV<\/a><br \/>\nkandidatu prijavljenom za radno mjesto nastavnika matematike i nastavnika fizike<\/td>\n<\/tr>\n<tr>\n<td>05.10.2022.<\/td>\n<td>\n<div class=\"page\" title=\"Page 1\">\n<div class=\"layoutArea\">\n<div class=\"column\"><a href=\"http:\/\/www.ss-aharacica-malilosinj.com.hr\/wp-content\/uploads\/2022\/05\/IMG_20221013_0003_.pdf\">POZIV NA RAZGOVOR I REZULTAT TESTIRANJA<\/a><br \/>\nza radna mjesta: nastavnik matematike na puno neodredeno radno vrijeme nastavnik fizike na puno neodredeno radno vrijeme<\/div>\n<\/div>\n<\/div>\n<\/td>\n<\/tr>\n<tr>\n<td>06.10.2022.<\/td>\n<td>\n<div class=\"page\" title=\"Page 1\">\n<div class=\"layoutArea\">\n<div class=\"column\"><a href=\"http:\/\/www.ss-aharacica-malilosinj.com.hr\/wp-content\/uploads\/2022\/05\/IMG_20221018_0001.pdf\">OBAVIJEST<\/a><br \/>\no rezultatu natje\u010daja raspisanog 15. rujna 2022.godine<\/div>\n<\/div>\n<\/div>\n<\/td>\n<\/tr>\n<tr>\n<td>28.11.2022.<\/td>\n<td>\n<div class=\"page\" title=\"Page 1\">\n<div class=\"layoutArea\">\n<div class=\"column\"><a href=\"http:\/\/www.ss-aharacica-malilosinj.com.hr\/wp-content\/uploads\/2022\/05\/IMG_20221128_0004.pdf\">NATJE\u010cAJ za zasnivanje radnog odnosa na radnom mjestu: sprema\u010dica<\/a><\/div>\n<\/div>\n<\/div>\n<\/td>\n<\/tr>\n<tr>\n<td>8.12.2022.<\/td>\n<td>\n<div class=\"page\" title=\"Page 1\">\n<div class=\"layoutArea\">\n<div class=\"column\"><a href=\"http:\/\/www.ss-aharacica-malilosinj.com.hr\/wp-content\/uploads\/2022\/05\/IMG_20221213_0001.pdf\">OBAVIJEST I POZIV kandidatu prijavljenom za radno mjesto sprema\u010dice<\/a><\/div>\n<\/div>\n<\/div>\n<\/td>\n<\/tr>\n<tr>\n<td>15.12.2022.<\/td>\n<td>\n<div class=\"page\" title=\"Page 1\">\n<div class=\"layoutArea\">\n<div class=\"column\"><a href=\"http:\/\/www.ss-aharacica-malilosinj.com.hr\/wp-content\/uploads\/2022\/05\/IMG_20221215_0001.pdf\">POZIV NA RAZGOVOR I REZULTAT TESTIRANJA za radno mjesto<\/a><br \/>\nsprema\u010dica na puno neodre\u0111eno radno vrijeme<\/div>\n<\/div>\n<\/div>\n<\/td>\n<\/tr>\n<tr>\n<td>22.12.2022.<\/td>\n<td>\n<div class=\"page\" title=\"Page 1\">\n<div class=\"layoutArea\">\n<div class=\"column\">\n<div class=\"page\" title=\"Page 1\">\n<div class=\"layoutArea\">\n<div class=\"column\">\n<p><a href=\"http:\/\/www.ss-aharacica-malilosinj.com.hr\/wp-content\/uploads\/2022\/05\/IMG_20221223_0001.pdf\">Obavijest o rezultatu natjedaja raspisanog 28. studenog 2022. godine za radno mjesto spremaiice<\/a><\/p>\n<\/div>\n<\/div>\n<\/div>\n<\/div>\n<\/div>\n<\/div>\n<\/td>\n<\/tr>\n<\/tbody>\n<\/table>\n","protected":false},"excerpt":{"rendered":"<p>19.05.2022. Natje\u010daj za imenovanje ravnatelja\/ice(pdf) &nbsp;(docx) 26.05.2022. Natje\u010daj za zasnivanje radnog odnosa-sprema\u010dica&nbsp; 7.06.2022. Obavijest i poziv kandidatu na radnom mjestu-srema\u010dica&nbsp; 13.06.2022. Poziv i razgovor i rezultat testiranja na radnom mjestu sprema\u010dice&nbsp; 15.06.2022. Obavijest o rezultatu natje\u010daja raspisanom 26.5.2022. za radno mjesto-sprema\u010dica 11.07.2022. Obavijest o&nbsp;ishodu natje\u010daja&nbsp;za imenovanje ravnateljice \u0161kole 15.09.2022. Tekst natje\u010daja za vi\u0161e radnih mjesta [&hellip;]<\/p>\n","protected":false},"author":1,"featured_media":0,"parent":9277,"menu_order":95,"comment_status":"closed","ping_status":"closed","template":"","meta":{"footnotes":""},"class_list":["post-17749","page","type-page","status-publish","hentry"],"_links":{"self":[{"href":"http:\/\/www.ss-aharacica-malilosinj.com.hr\/index.php?rest_route=\/wp\/v2\/pages\/17749","targetHints":{"allow":["GET"]}}],"collection":[{"href":"http:\/\/www.ss-aharacica-malilosinj.com.hr\/index.php?rest_route=\/wp\/v2\/pages"}],"about":[{"href":"http:\/\/www.ss-aharacica-malilosinj.com.hr\/index.php?rest_route=\/wp\/v2\/types\/page"}],"author":[{"embeddable":true,"href":"http:\/\/www.ss-aharacica-malilosinj.com.hr\/index.php?rest_route=\/wp\/v2\/users\/1"}],"replies":[{"embeddable":true,"href":"http:\/\/www.ss-aharacica-malilosinj.com.hr\/index.php?rest_route=%2Fwp%2Fv2%2Fcomments&post=17749"}],"version-history":[{"count":23,"href":"http:\/\/www.ss-aharacica-malilosinj.com.hr\/index.php?rest_route=\/wp\/v2\/pages\/17749\/revisions"}],"predecessor-version":[{"id":19199,"href":"http:\/\/www.ss-aharacica-malilosinj.com.hr\/index.php?rest_route=\/wp\/v2\/pages\/17749\/revisions\/19199"}],"up":[{"embeddable":true,"href":"http:\/\/www.ss-aharacica-malilosinj.com.hr\/index.php?rest_route=\/wp\/v2\/pages\/9277"}],"wp:attachment":[{"href":"http:\/\/www.ss-aharacica-malilosinj.com.hr\/index.php?rest_route=%2Fwp%2Fv2%2Fmedia&parent=17749"}],"curies":[{"name":"wp","href":"https:\/\/api.w.org\/{rel}","templated":true}]}}