{"id":1627,"date":"2012-04-12T11:29:41","date_gmt":"2012-04-12T11:29:41","guid":{"rendered":"http:\/\/www.ss-aharacica-malilosinj.com.hr\/?page_id=1627"},"modified":"2017-10-23T09:30:39","modified_gmt":"2017-10-23T09:30:39","slug":"knjizice-3","status":"publish","type":"page","link":"http:\/\/www.ss-aharacica-malilosinj.com.hr\/?page_id=1627","title":{"rendered":"KNJI\u017dICE"},"content":{"rendered":"<p>1. <a href=\"http:\/\/www.ss-aharacica-malilosinj.com.hr\/wp-content\/uploads\/2012\/04\/AMBROZ-HARACIC.pdf\">AMBROZ HARA\u010cI\u0106<\/a><\/p>\n<p>2. <a href=\"http:\/\/www.ss-aharacica-malilosinj.com.hr\/wp-content\/uploads\/2012\/04\/DIJAKRITICKI-HARACIC.pdf\">DIJAKRITI\u010cKI HARA\u010cI\u0106<\/a><\/p>\n<p>3. <a href=\"http:\/\/www.ss-aharacica-malilosinj.com.hr\/wp-content\/uploads\/2012\/04\/AMBROZ-HERBARIJ.pdf\">AMBROZ &#8211; HERBARIJ<\/a><\/p>\n<p>4. <a href=\"http:\/\/www.ss-aharacica-malilosinj.com.hr\/wp-content\/uploads\/2012\/04\/AMBROZ-TURIZAM.pdf\">AMBROZ &#8211; TURIZAM<\/a><\/p>\n<p>5. <a href=\"http:\/\/www.ss-aharacica-malilosinj.com.hr\/wp-content\/uploads\/2012\/12\/AMBROZ-5-FOTOALBUM.pdf\">FOTOALBUM JEDNOG PROFESORA<\/a><\/p>\n<p>6. <a href=\"http:\/\/www.ss-aharacica-malilosinj.com.hr\/wp-content\/uploads\/2015\/02\/AMBROZ-PO\u0160UMLJAVANJE.pdf\">AMBROZ &#8211; PO\u0160UMLJAVANJE<\/a><\/p>\n","protected":false},"excerpt":{"rendered":"<p>1. AMBROZ HARA\u010cI\u0106 2. DIJAKRITI\u010cKI HARA\u010cI\u0106 3. AMBROZ &#8211; HERBARIJ 4. AMBROZ &#8211; TURIZAM 5. FOTOALBUM JEDNOG PROFESORA 6. AMBROZ &#8211; PO\u0160UMLJAVANJE<\/p>\n","protected":false},"author":11,"featured_media":0,"parent":1405,"menu_order":0,"comment_status":"closed","ping_status":"closed","template":"","meta":{"footnotes":""},"class_list":["post-1627","page","type-page","status-publish","hentry"],"_links":{"self":[{"href":"http:\/\/www.ss-aharacica-malilosinj.com.hr\/index.php?rest_route=\/wp\/v2\/pages\/1627","targetHints":{"allow":["GET"]}}],"collection":[{"href":"http:\/\/www.ss-aharacica-malilosinj.com.hr\/index.php?rest_route=\/wp\/v2\/pages"}],"about":[{"href":"http:\/\/www.ss-aharacica-malilosinj.com.hr\/index.php?rest_route=\/wp\/v2\/types\/page"}],"author":[{"embeddable":true,"href":"http:\/\/www.ss-aharacica-malilosinj.com.hr\/index.php?rest_route=\/wp\/v2\/users\/11"}],"replies":[{"embeddable":true,"href":"http:\/\/www.ss-aharacica-malilosinj.com.hr\/index.php?rest_route=%2Fwp%2Fv2%2Fcomments&post=1627"}],"version-history":[{"count":11,"href":"http:\/\/www.ss-aharacica-malilosinj.com.hr\/index.php?rest_route=\/wp\/v2\/pages\/1627\/revisions"}],"predecessor-version":[{"id":10250,"href":"http:\/\/www.ss-aharacica-malilosinj.com.hr\/index.php?rest_route=\/wp\/v2\/pages\/1627\/revisions\/10250"}],"up":[{"embeddable":true,"href":"http:\/\/www.ss-aharacica-malilosinj.com.hr\/index.php?rest_route=\/wp\/v2\/pages\/1405"}],"wp:attachment":[{"href":"http:\/\/www.ss-aharacica-malilosinj.com.hr\/index.php?rest_route=%2Fwp%2Fv2%2Fmedia&parent=1627"}],"curies":[{"name":"wp","href":"https:\/\/api.w.org\/{rel}","templated":true}]}}