{"id":15613,"date":"2021-03-18T19:53:48","date_gmt":"2021-03-18T19:53:48","guid":{"rendered":"http:\/\/www.ss-aharacica-malilosinj.com.hr\/?page_id=15613"},"modified":"2021-09-24T13:00:41","modified_gmt":"2021-09-24T13:00:41","slug":"sastanci-upravljackog-odbora","status":"publish","type":"page","link":"http:\/\/www.ss-aharacica-malilosinj.com.hr\/?page_id=15613","title":{"rendered":"Sastanci upravlja\u010dkog odbora"},"content":{"rendered":"<h2 style=\"text-align: center;\"><b>4. sastanak Upravlja\u010dkog odbora od 08.09.2021.<\/b><\/h2>\n<p><b><img decoding=\"async\" class=\"aligncenter\" src=\"http:\/\/ss-abarca-crikvenica.skole.hr\/upload\/ss-abarca-crikvenica\/images\/static3\/1430\/Image\/EU%20financiranje1.jpg\" alt=\"\"><\/b><\/p>\n<p>Dana 08. rujna 2021. godine odr\u017ean je \u010detvrti sastanak Upravlja\u010dkog odbora na projektu RCK RECEPT \u2013 Regionalni centar profesija u turizmu.&nbsp;&nbsp;<\/p>\n<div><em>Prilog:<\/em>&nbsp;<a href=\"http:\/\/www.ss-aharacica-malilosinj.com.hr\/wp-content\/uploads\/2021\/03\/Zapisnik-4.-sastanka-UO-08.09.2021..pdf\">Zapisnik 4. sastanka UO 08.09.2021.&nbsp;<\/a><\/div>\n<div><em>Prilog:<\/em>&nbsp;<a href=\"http:\/\/www.ss-aharacica-malilosinj.com.hr\/wp-content\/uploads\/2021\/03\/Plan-edukacija-od-rujna-do-prosinca-2021.pdf\">Plan edukacija od rujna do prosinca 2021.<\/a><\/div>\n<div><em>Prilog:<\/em><a href=\"http:\/\/www.ss-aharacica-malilosinj.com.hr\/wp-content\/uploads\/2021\/03\/Plan-aktivnosti-rujan-prosinac-2021.pdf\">&nbsp;Plan aktivnosti &#8211; rujan-prosinac-2021.<\/a><\/div>\n<div><em>Prilog:<\/em>&nbsp;<a href=\"http:\/\/www.ss-aharacica-malilosinj.com.hr\/wp-content\/uploads\/2021\/03\/Izvjes\u030cc\u0301e-o-aktivnostima-lipanj-kolovoz-2021.pdf\">Izvje\u0161\u0107e o aktivnostima &#8211; lipanj-kolovoz-2021.<\/a><\/div>\n<div><em>Prilog:<\/em>&nbsp;<a href=\"http:\/\/www.ss-aharacica-malilosinj.com.hr\/wp-content\/uploads\/2021\/03\/Strates\u030cko-usmjerenje-RCK.pdf\">Strate\u0161ko usmjerenje RCK<\/a><\/div>\n<div><em>Prilog:<\/em>&nbsp;<a href=\"http:\/\/www.ss-aharacica-malilosinj.com.hr\/wp-content\/uploads\/2021\/03\/Me\u0111unadodna-suradnja.pdf\">Me\u0111unarodna suradnja<\/a><\/div>\n<div><em>Prilog:<\/em>&nbsp;<a href=\"http:\/\/www.ss-aharacica-malilosinj.com.hr\/wp-content\/uploads\/2021\/03\/Meetup-susreti-compressed.pdf\">Meetup susreti<\/a><\/div>\n<div><em>Prilog:<\/em>&nbsp;<a href=\"http:\/\/www.ss-aharacica-malilosinj.com.hr\/wp-content\/uploads\/2021\/03\/Uvodna-konferencija.pdf\">Uvodna konferencija<\/a><\/div>\n<div><em>Prilog:<\/em>&nbsp;<a href=\"http:\/\/www.ss-aharacica-malilosinj.com.hr\/wp-content\/uploads\/2021\/03\/Rezultati-i-izazovi-UO.pdf\">Rezultati i izazovi UO<\/a><\/div>\n<h2 style=\"text-align: center;\">&nbsp;<\/h2>\n<h2 style=\"text-align: center;\"><b>2. sastanak Upravlja\u010dkog odbora od 02.03.2021.<\/b><\/h2>\n<p><b><img decoding=\"async\" class=\"aligncenter\" src=\"http:\/\/ss-abarca-crikvenica.skole.hr\/upload\/ss-abarca-crikvenica\/images\/static3\/1430\/Image\/EU%20financiranje1.jpg\" alt=\"\"><\/b><\/p>\n<p>Dana 02. o\u017eujka 2021. godine odr\u017ean je drugi sastanak Upravlja\u010dkog odbora na projektu RCK RECEPT \u2013 Regionalni centar profesija u turizmu, u svrhu analize dosada\u0161njih aktivnosti te planiranju daljnjih aktivnosti na projektu. Na sastanku je izme\u0111u ostalog bilo rije\u010di o statusu projektnih aktivnosti,&nbsp; kvartalnom planu projektnih aktivnosti za naredno tromjese\u010dje, kvartalnom planu za mobilnost nastavnika za naredno tromjese\u010dje, projektnim aktivnostima izrade SZ, SK i kurikuluma, financiranju projektnih aktivnosti te o drugim otvorenim pitanjima.<\/p>\n<p>&nbsp;<\/p>\n<h2 style=\"text-align: center;\"><b>1. sastanak Upravlja\u010dkog odbora od 18.12.2020.<\/b><\/h2>\n<p><b><img decoding=\"async\" class=\"aligncenter\" src=\"http:\/\/ss-abarca-crikvenica.skole.hr\/upload\/ss-abarca-crikvenica\/images\/static3\/1430\/Image\/EU%20financiranje1.jpg\" alt=\"\"><\/b><\/p>\n<p>Dana 18. prosinca 2020. godine odr\u017ean je prvi satanak Upravlja\u010dkog odbora na projektu RCK RECEPT \u2013 Regionalni centar profesija u turizmu, online putem. Raspravljalo se o temama va\u017enim za daljnji rad centra. \u010clanovi Upravlja\u010dkog odbora upoznati su s dosad provedenim aktivnostima, realiziranim stavkama i pote\u0161ko\u0107ama nastalim pri upravljanju projektom.<\/p>\n","protected":false},"excerpt":{"rendered":"<p>4. sastanak Upravlja\u010dkog odbora od 08.09.2021. Dana 08. rujna 2021. godine odr\u017ean je \u010detvrti sastanak Upravlja\u010dkog odbora na projektu RCK RECEPT \u2013 Regionalni centar profesija u turizmu.&nbsp;&nbsp; Prilog:&nbsp;Zapisnik 4. sastanka UO 08.09.2021.&nbsp; Prilog:&nbsp;Plan edukacija od rujna do prosinca 2021. Prilog:&nbsp;Plan aktivnosti &#8211; rujan-prosinac-2021. Prilog:&nbsp;Izvje\u0161\u0107e o aktivnostima &#8211; lipanj-kolovoz-2021. Prilog:&nbsp;Strate\u0161ko usmjerenje RCK Prilog:&nbsp;Me\u0111unarodna suradnja Prilog:&nbsp;Meetup susreti [&hellip;]<\/p>\n","protected":false},"author":18,"featured_media":0,"parent":15582,"menu_order":3,"comment_status":"closed","ping_status":"closed","template":"","meta":{"footnotes":""},"class_list":["post-15613","page","type-page","status-publish","hentry"],"_links":{"self":[{"href":"http:\/\/www.ss-aharacica-malilosinj.com.hr\/index.php?rest_route=\/wp\/v2\/pages\/15613","targetHints":{"allow":["GET"]}}],"collection":[{"href":"http:\/\/www.ss-aharacica-malilosinj.com.hr\/index.php?rest_route=\/wp\/v2\/pages"}],"about":[{"href":"http:\/\/www.ss-aharacica-malilosinj.com.hr\/index.php?rest_route=\/wp\/v2\/types\/page"}],"author":[{"embeddable":true,"href":"http:\/\/www.ss-aharacica-malilosinj.com.hr\/index.php?rest_route=\/wp\/v2\/users\/18"}],"replies":[{"embeddable":true,"href":"http:\/\/www.ss-aharacica-malilosinj.com.hr\/index.php?rest_route=%2Fwp%2Fv2%2Fcomments&post=15613"}],"version-history":[{"count":5,"href":"http:\/\/www.ss-aharacica-malilosinj.com.hr\/index.php?rest_route=\/wp\/v2\/pages\/15613\/revisions"}],"predecessor-version":[{"id":16424,"href":"http:\/\/www.ss-aharacica-malilosinj.com.hr\/index.php?rest_route=\/wp\/v2\/pages\/15613\/revisions\/16424"}],"up":[{"embeddable":true,"href":"http:\/\/www.ss-aharacica-malilosinj.com.hr\/index.php?rest_route=\/wp\/v2\/pages\/15582"}],"wp:attachment":[{"href":"http:\/\/www.ss-aharacica-malilosinj.com.hr\/index.php?rest_route=%2Fwp%2Fv2%2Fmedia&parent=15613"}],"curies":[{"name":"wp","href":"https:\/\/api.w.org\/{rel}","templated":true}]}}