{"id":14439,"date":"2020-03-08T20:04:20","date_gmt":"2020-03-08T20:04:20","guid":{"rendered":"http:\/\/www.ss-aharacica-malilosinj.com.hr\/?page_id=14439"},"modified":"2020-03-08T20:04:20","modified_gmt":"2020-03-08T20:04:20","slug":"skolska-godina-2016-2017","status":"publish","type":"page","link":"http:\/\/www.ss-aharacica-malilosinj.com.hr\/?page_id=14439","title":{"rendered":"\u0160kolska godina 2016.\/2017."},"content":{"rendered":"<p>&nbsp;<strong><em>Me\u0111unarodno natjecanje Klokan bez granica 2017.<\/em><\/strong><\/p>\n<p><a href=\"http:\/\/www.ss-aharacica-malilosinj.com.hr\/wp-content\/uploads\/2017\/05\/klokan-bez-granica.jpg\"><img loading=\"lazy\" decoding=\"async\" class=\"alignleft size-thumbnail wp-image-9591\" src=\"http:\/\/www.ss-aharacica-malilosinj.com.hr\/wp-content\/uploads\/2017\/05\/klokan-bez-granica-150x150.jpg\" alt=\"klokan bez granica\" width=\"150\" height=\"150\"><\/a>Pod pokroviteljstvom Hrvatskog matemati\u010dkog dru\u0161tva 23. o\u017eujka 2017. godine odr\u017ealo se, ve\u0107 devetnaesti put, Me\u0111unarodno matemati\u010dko natjecanje \u201cKlokan bez granica\u201d.<\/p>\n<p>Pod vodstvom prof. Ivana Brzovi\u0107a u mati\u010dnoj \u0161koli natjecalo se 30 u\u010denika, dok su se u Podru\u010dnom odjelu u Cresu natjecala 22 u\u010denika (voditeljica natjecanja bila je prof. Melita Chiole).<\/p>\n<p>\u0160kola na ovom natjecanju sudjeluje od&nbsp;<strong>2006.<\/strong>&nbsp;<strong>godine<\/strong>.<\/p>\n<p>U&nbsp;<strong>10 %<\/strong>&nbsp;najboljih u Republici Hrvatskoj&nbsp; plasirano je&nbsp;<strong>11 u\u010denika<\/strong>&nbsp;na\u0161e \u0161kole.<\/p>\n<p>Po kategorijama:<\/p>\n<ul>\n<li>CADET ( 394 u\u010denika, raspore\u0111ena na 82 mjesta)<\/li>\n<\/ul>\n<p><strong>&nbsp;&nbsp;&nbsp;&nbsp;&nbsp;&nbsp;&nbsp;&nbsp; Fran Sagani\u0107, 1.g&nbsp; \u2013 12. mjesto<\/strong><\/p>\n<ul>\n<li><strong>&nbsp;<\/strong>JUNIOR ( 192 u\u010denika, raspore\u0111ena na 84 mjesta)<\/li>\n<\/ul>\n<p><strong>&nbsp;&nbsp;&nbsp;&nbsp;&nbsp;&nbsp;&nbsp;&nbsp; Zvonimir Matijevi\u0107, 2.gc \u2013 41. mjesto<\/strong><\/p>\n<p><strong>&nbsp;&nbsp;&nbsp;&nbsp;&nbsp;&nbsp;&nbsp;&nbsp; Luka Maros, 3.g \u2013 45. mjesto<\/strong><\/p>\n<p><strong>&nbsp;&nbsp;&nbsp;&nbsp;&nbsp;&nbsp;&nbsp;&nbsp; Andrej Salkovi\u0107, 2.nb \u2013 61. mjesto<\/strong><\/p>\n<p><strong>&nbsp;&nbsp;&nbsp;&nbsp;&nbsp;&nbsp;&nbsp;&nbsp; Antonio Zubovi\u0107, 3.gc \u2013 61. mjesto<\/strong><\/p>\n<p><strong>&nbsp;&nbsp;&nbsp;&nbsp;&nbsp;&nbsp;&nbsp;&nbsp; Gulia Rodinis, 2.gc&nbsp; \u2013 71. mjesto<\/strong><\/p>\n<p><strong>&nbsp;&nbsp;&nbsp;&nbsp;&nbsp;&nbsp;&nbsp;&nbsp; Matea Zec, 3.gc \u2013 71. mjesto&nbsp;<\/strong><\/p>\n<p><strong>&nbsp;&nbsp;&nbsp;&nbsp;&nbsp;&nbsp;&nbsp;&nbsp; Damian Jedreti\u0107, 3.gc \u2013 72. mjesto<\/strong><\/p>\n<ul>\n<li>STUDENT ( 60 u\u010denika, raspore\u0111eno na 41 mjesto)<\/li>\n<\/ul>\n<p><strong>&nbsp;&nbsp;&nbsp;&nbsp;&nbsp;&nbsp;&nbsp;&nbsp;&nbsp; Matej Salkovi\u0107, 4.gc \u2013 1. MJESTO<\/strong><\/p>\n<p><strong>&nbsp;&nbsp;&nbsp;&nbsp;&nbsp;&nbsp;&nbsp;&nbsp;&nbsp; Marko Miki\u0107, 4.g \u2013 9. MJESTO<\/strong><\/p>\n<p><strong>&nbsp;&nbsp;&nbsp;&nbsp;&nbsp;&nbsp;&nbsp;&nbsp;&nbsp; Sabino Sep\u010di\u0107, 4gc \u2013 24. mjesto<\/strong><\/p>\n<p>Vi\u0161e o natjecanju mo\u017ee se vidjeti na:&nbsp;<a href=\"http:\/\/www.matematika.hr\/klokan\/2017\/\">http:\/\/www.matematika.hr\/klokan\/2017\/<\/a><\/p>\n","protected":false},"excerpt":{"rendered":"<p>&nbsp;Me\u0111unarodno natjecanje Klokan bez granica 2017. Pod pokroviteljstvom Hrvatskog matemati\u010dkog dru\u0161tva 23. o\u017eujka 2017. godine odr\u017ealo se, ve\u0107 devetnaesti put, Me\u0111unarodno matemati\u010dko natjecanje \u201cKlokan bez granica\u201d. Pod vodstvom prof. Ivana Brzovi\u0107a u mati\u010dnoj \u0161koli natjecalo se 30 u\u010denika, dok su se u Podru\u010dnom odjelu u Cresu natjecala 22 u\u010denika (voditeljica natjecanja bila je prof. Melita [&hellip;]<\/p>\n","protected":false},"author":18,"featured_media":0,"parent":10563,"menu_order":0,"comment_status":"closed","ping_status":"closed","template":"","meta":{"footnotes":""},"class_list":["post-14439","page","type-page","status-publish","hentry"],"_links":{"self":[{"href":"http:\/\/www.ss-aharacica-malilosinj.com.hr\/index.php?rest_route=\/wp\/v2\/pages\/14439","targetHints":{"allow":["GET"]}}],"collection":[{"href":"http:\/\/www.ss-aharacica-malilosinj.com.hr\/index.php?rest_route=\/wp\/v2\/pages"}],"about":[{"href":"http:\/\/www.ss-aharacica-malilosinj.com.hr\/index.php?rest_route=\/wp\/v2\/types\/page"}],"author":[{"embeddable":true,"href":"http:\/\/www.ss-aharacica-malilosinj.com.hr\/index.php?rest_route=\/wp\/v2\/users\/18"}],"replies":[{"embeddable":true,"href":"http:\/\/www.ss-aharacica-malilosinj.com.hr\/index.php?rest_route=%2Fwp%2Fv2%2Fcomments&post=14439"}],"version-history":[{"count":1,"href":"http:\/\/www.ss-aharacica-malilosinj.com.hr\/index.php?rest_route=\/wp\/v2\/pages\/14439\/revisions"}],"predecessor-version":[{"id":14440,"href":"http:\/\/www.ss-aharacica-malilosinj.com.hr\/index.php?rest_route=\/wp\/v2\/pages\/14439\/revisions\/14440"}],"up":[{"embeddable":true,"href":"http:\/\/www.ss-aharacica-malilosinj.com.hr\/index.php?rest_route=\/wp\/v2\/pages\/10563"}],"wp:attachment":[{"href":"http:\/\/www.ss-aharacica-malilosinj.com.hr\/index.php?rest_route=%2Fwp%2Fv2%2Fmedia&parent=14439"}],"curies":[{"name":"wp","href":"https:\/\/api.w.org\/{rel}","templated":true}]}}