{"id":14303,"date":"2020-03-01T21:05:40","date_gmt":"2020-03-01T21:05:40","guid":{"rendered":"http:\/\/www.ss-aharacica-malilosinj.com.hr\/?page_id=14303"},"modified":"2020-03-01T21:14:07","modified_gmt":"2020-03-01T21:14:07","slug":"2018-2019","status":"publish","type":"page","link":"http:\/\/www.ss-aharacica-malilosinj.com.hr\/?page_id=14303","title":{"rendered":"Razmjena 2018.\/2019."},"content":{"rendered":"<blockquote class=\"wp-embedded-content\" data-secret=\"aYC4eEAE7u\"><p><a href=\"http:\/\/www.ss-aharacica-malilosinj.com.hr\/?p=12646\">Na\u0161i u\u010denici na razmjeni u Gleisdorfu<\/a><\/p><\/blockquote>\n<p><iframe loading=\"lazy\" class=\"wp-embedded-content\" sandbox=\"allow-scripts\" security=\"restricted\" style=\"position: absolute; visibility: hidden;\" title=\"&#8220;Na\u0161i u\u010denici na razmjeni u Gleisdorfu&#8221; &#8212; Srednja \u0161kola Ambroza Hara\u010di\u0107a\" src=\"http:\/\/www.ss-aharacica-malilosinj.com.hr\/?p=12646&#038;embed=true#?secret=9tp6KRpda2#?secret=aYC4eEAE7u\" data-secret=\"aYC4eEAE7u\" width=\"600\" height=\"338\" frameborder=\"0\" marginwidth=\"0\" marginheight=\"0\" scrolling=\"no\"><\/iframe><\/p>\n<blockquote class=\"wp-embedded-content\" data-secret=\"vYKt3hMOFG\"><p><a href=\"http:\/\/www.ss-aharacica-malilosinj.com.hr\/?p=13068\">Razmjena u\u010denika<\/a><\/p><\/blockquote>\n<p><iframe loading=\"lazy\" class=\"wp-embedded-content\" sandbox=\"allow-scripts\" security=\"restricted\" style=\"position: absolute; visibility: hidden;\" title=\"&#8220;Razmjena u\u010denika&#8221; &#8212; Srednja \u0161kola Ambroza Hara\u010di\u0107a\" src=\"http:\/\/www.ss-aharacica-malilosinj.com.hr\/?p=13068&#038;embed=true#?secret=Y3dR1WRxHZ#?secret=vYKt3hMOFG\" data-secret=\"vYKt3hMOFG\" width=\"600\" height=\"338\" frameborder=\"0\" marginwidth=\"0\" marginheight=\"0\" scrolling=\"no\"><\/iframe><\/p>\n","protected":false},"excerpt":{"rendered":"<p>Na\u0161i u\u010denici na razmjeni u Gleisdorfu Razmjena u\u010denika<\/p>\n","protected":false},"author":18,"featured_media":0,"parent":1003,"menu_order":11,"comment_status":"closed","ping_status":"closed","template":"","meta":{"footnotes":""},"class_list":["post-14303","page","type-page","status-publish","hentry"],"_links":{"self":[{"href":"http:\/\/www.ss-aharacica-malilosinj.com.hr\/index.php?rest_route=\/wp\/v2\/pages\/14303","targetHints":{"allow":["GET"]}}],"collection":[{"href":"http:\/\/www.ss-aharacica-malilosinj.com.hr\/index.php?rest_route=\/wp\/v2\/pages"}],"about":[{"href":"http:\/\/www.ss-aharacica-malilosinj.com.hr\/index.php?rest_route=\/wp\/v2\/types\/page"}],"author":[{"embeddable":true,"href":"http:\/\/www.ss-aharacica-malilosinj.com.hr\/index.php?rest_route=\/wp\/v2\/users\/18"}],"replies":[{"embeddable":true,"href":"http:\/\/www.ss-aharacica-malilosinj.com.hr\/index.php?rest_route=%2Fwp%2Fv2%2Fcomments&post=14303"}],"version-history":[{"count":5,"href":"http:\/\/www.ss-aharacica-malilosinj.com.hr\/index.php?rest_route=\/wp\/v2\/pages\/14303\/revisions"}],"predecessor-version":[{"id":14312,"href":"http:\/\/www.ss-aharacica-malilosinj.com.hr\/index.php?rest_route=\/wp\/v2\/pages\/14303\/revisions\/14312"}],"up":[{"embeddable":true,"href":"http:\/\/www.ss-aharacica-malilosinj.com.hr\/index.php?rest_route=\/wp\/v2\/pages\/1003"}],"wp:attachment":[{"href":"http:\/\/www.ss-aharacica-malilosinj.com.hr\/index.php?rest_route=%2Fwp%2Fv2%2Fmedia&parent=14303"}],"curies":[{"name":"wp","href":"https:\/\/api.w.org\/{rel}","templated":true}]}}