{"id":1419,"date":"2012-01-31T08:53:03","date_gmt":"2012-01-31T08:53:03","guid":{"rendered":"http:\/\/www.ss-aharacica-malilosinj.com.hr\/?page_id=1419"},"modified":"2012-01-31T08:53:03","modified_gmt":"2012-01-31T08:53:03","slug":"2005-2006","status":"publish","type":"page","link":"http:\/\/www.ss-aharacica-malilosinj.com.hr\/?page_id=1419","title":{"rendered":"2005.\/2006."},"content":{"rendered":"<p>Osnovana je u Srednjoj \u0161koli Ambroza Hara\u010di\u0107a grupa slobodnih aktivnosti Mladi povjesni\u010dari u koju su se u\u010dlanile u\u010denice gimnazije: Tanja \u0106elap, Lea Mu\u017ei\u0107, Marina Dlaka, Mirna Ku\u010di\u0107, Gorana Radi\u0161i\u0107 i Kristina Volari\u0107.<br \/>\nKrenuli smo s istra\u017eiva\u010dkim radom. Istra\u017eivali smo u arhivu \u0160kole, grada Malog Lo\u0161inja i arhivima drugih institucija, prikupljali materijal, slikali, intervjuirali itd. Fotografirali smo objekte i znamenitosti povezane sa \u017eivotom i radom Ambroza Hara\u010di\u0107a.<br \/>\nUkljuju\u010dili smo se u obilje\u017eavanje tada zna\u010dajnih obljetnica na\u0161e \u0161kole ( 225 godina od za\u010detka pomorskog \u0161kolstva u M. Lo\u0161inju, 150 godina od osnutka \u0161kole kao dr\u017eavne pomorske \u0161kole, 150 godi\u0161njica ro\u0111enja Ambroza Hara\u010di\u0107a). Za Dan \u0161kole 6. prosinca 2005. izradili smo prigodnu izlo\u017ebu.<\/p>\n<p>Mlade povjesni\u010darke na terenskoj nastavi u Zadru<\/p>\n<p><a href=\"http:\/\/www.ss-aharacica-malilosinj.com.hr\/wp-content\/uploads\/2012\/01\/a.jpg\"><img loading=\"lazy\" decoding=\"async\" class=\"alignnone size-medium wp-image-1417\" title=\"a\" src=\"http:\/\/www.ss-aharacica-malilosinj.com.hr\/wp-content\/uploads\/2012\/01\/a-300x242.jpg\" alt=\"\" width=\"300\" height=\"242\" srcset=\"http:\/\/www.ss-aharacica-malilosinj.com.hr\/wp-content\/uploads\/2012\/01\/a-300x242.jpg 300w, http:\/\/www.ss-aharacica-malilosinj.com.hr\/wp-content\/uploads\/2012\/01\/a.jpg 800w\" sizes=\"auto, (max-width: 300px) 100vw, 300px\" \/><\/a><\/p>\n<p>U holu \u0161kole postavljena je skromna izlo\u017eba o Ambrozu Hara\u010di\u0107u<\/p>\n<p><a href=\"http:\/\/www.ss-aharacica-malilosinj.com.hr\/wp-content\/uploads\/2012\/01\/b.jpg\"><img loading=\"lazy\" decoding=\"async\" class=\"alignnone size-medium wp-image-1418\" title=\"b\" src=\"http:\/\/www.ss-aharacica-malilosinj.com.hr\/wp-content\/uploads\/2012\/01\/b-300x204.jpg\" alt=\"\" width=\"300\" height=\"204\" srcset=\"http:\/\/www.ss-aharacica-malilosinj.com.hr\/wp-content\/uploads\/2012\/01\/b-300x204.jpg 300w, http:\/\/www.ss-aharacica-malilosinj.com.hr\/wp-content\/uploads\/2012\/01\/b.jpg 800w\" sizes=\"auto, (max-width: 300px) 100vw, 300px\" \/><\/a><\/p>\n","protected":false},"excerpt":{"rendered":"<p>Osnovana je u Srednjoj \u0161koli Ambroza Hara\u010di\u0107a grupa slobodnih aktivnosti Mladi povjesni\u010dari u koju su se u\u010dlanile u\u010denice gimnazije: Tanja \u0106elap, Lea Mu\u017ei\u0107, Marina Dlaka, Mirna Ku\u010di\u0107, Gorana Radi\u0161i\u0107 i Kristina Volari\u0107. Krenuli smo s istra\u017eiva\u010dkim radom. Istra\u017eivali smo u arhivu \u0160kole, grada Malog Lo\u0161inja i arhivima drugih institucija, prikupljali materijal, slikali, intervjuirali itd. Fotografirali [&hellip;]<\/p>\n","protected":false},"author":11,"featured_media":0,"parent":1405,"menu_order":0,"comment_status":"open","ping_status":"open","template":"","meta":{"footnotes":""},"class_list":["post-1419","page","type-page","status-publish","hentry"],"_links":{"self":[{"href":"http:\/\/www.ss-aharacica-malilosinj.com.hr\/index.php?rest_route=\/wp\/v2\/pages\/1419","targetHints":{"allow":["GET"]}}],"collection":[{"href":"http:\/\/www.ss-aharacica-malilosinj.com.hr\/index.php?rest_route=\/wp\/v2\/pages"}],"about":[{"href":"http:\/\/www.ss-aharacica-malilosinj.com.hr\/index.php?rest_route=\/wp\/v2\/types\/page"}],"author":[{"embeddable":true,"href":"http:\/\/www.ss-aharacica-malilosinj.com.hr\/index.php?rest_route=\/wp\/v2\/users\/11"}],"replies":[{"embeddable":true,"href":"http:\/\/www.ss-aharacica-malilosinj.com.hr\/index.php?rest_route=%2Fwp%2Fv2%2Fcomments&post=1419"}],"version-history":[{"count":1,"href":"http:\/\/www.ss-aharacica-malilosinj.com.hr\/index.php?rest_route=\/wp\/v2\/pages\/1419\/revisions"}],"predecessor-version":[{"id":1420,"href":"http:\/\/www.ss-aharacica-malilosinj.com.hr\/index.php?rest_route=\/wp\/v2\/pages\/1419\/revisions\/1420"}],"up":[{"embeddable":true,"href":"http:\/\/www.ss-aharacica-malilosinj.com.hr\/index.php?rest_route=\/wp\/v2\/pages\/1405"}],"wp:attachment":[{"href":"http:\/\/www.ss-aharacica-malilosinj.com.hr\/index.php?rest_route=%2Fwp%2Fv2%2Fmedia&parent=1419"}],"curies":[{"name":"wp","href":"https:\/\/api.w.org\/{rel}","templated":true}]}}