{"id":13867,"date":"2019-12-09T12:08:04","date_gmt":"2019-12-09T12:08:04","guid":{"rendered":"http:\/\/www.ss-aharacica-malilosinj.com.hr\/?page_id=13867"},"modified":"2019-12-09T12:09:35","modified_gmt":"2019-12-09T12:09:35","slug":"2018-2019","status":"publish","type":"page","link":"http:\/\/www.ss-aharacica-malilosinj.com.hr\/?page_id=13867","title":{"rendered":"2018.\/2019."},"content":{"rendered":"<p>4.g<\/p>\n<p>Razrednica: Milica Prole, prof.<\/p>\n<table width=\"257\">\n<tbody>\n<tr>\n<td width=\"36\">R.b.<\/td>\n<td width=\"111\">U\u010denik<\/td>\n<\/tr>\n<tr>\n<td width=\"36\">1.<\/td>\n<td width=\"111\">Ema Baumgarten<\/td>\n<\/tr>\n<tr>\n<td width=\"36\">2.<\/td>\n<td width=\"111\">Karlo \u0106ori\u0107<\/td>\n<\/tr>\n<tr>\n<td width=\"36\">3.<\/td>\n<td width=\"111\">Maja Dragovi\u0107<\/td>\n<\/tr>\n<tr>\n<td width=\"36\">4.<\/td>\n<td width=\"111\">Aida Hysenaj<\/td>\n<\/tr>\n<tr>\n<td width=\"36\">5.<\/td>\n<td width=\"111\">Ivana-Jozefina I\u0161tokovi\u0107<\/td>\n<\/tr>\n<tr>\n<td width=\"36\">6.<\/td>\n<td width=\"111\">Irina Jovanovi\u0107<\/td>\n<\/tr>\n<tr>\n<td width=\"36\">7.<\/td>\n<td width=\"111\">Lucija Kleva<\/td>\n<\/tr>\n<tr>\n<td width=\"36\">8.<\/td>\n<td width=\"111\">Ira Lehocki<\/td>\n<\/tr>\n<tr>\n<td width=\"36\">9.<\/td>\n<td width=\"111\">Iva Leki\u0107<\/td>\n<\/tr>\n<tr>\n<td width=\"36\">10.<\/td>\n<td width=\"111\">Ariana Mu\u017ei\u0107<\/td>\n<\/tr>\n<tr>\n<td width=\"36\">11.<\/td>\n<td width=\"111\">Valeria Ana Pervan<\/td>\n<\/tr>\n<tr>\n<td width=\"36\">12.<\/td>\n<td width=\"111\">An\u0111ela Rukavina<\/td>\n<\/tr>\n<tr>\n<td width=\"36\">13.<\/td>\n<td width=\"111\">Marija Eliza Sereki<\/td>\n<\/tr>\n<tr>\n<td width=\"36\">14.<\/td>\n<td width=\"111\">Leonora Shala<\/td>\n<\/tr>\n<tr>\n<td width=\"36\">15.<\/td>\n<td width=\"111\">Mia Marija \u0160alov<\/td>\n<\/tr>\n<tr>\n<td width=\"36\">16.<\/td>\n<td width=\"111\">Kristina&nbsp; Zori\u0107<\/td>\n<\/tr>\n<\/tbody>\n<\/table>\n","protected":false},"excerpt":{"rendered":"<p>4.g Razrednica: Milica Prole, prof. R.b. U\u010denik 1. Ema Baumgarten 2. Karlo \u0106ori\u0107 3. Maja Dragovi\u0107 4. Aida Hysenaj 5. Ivana-Jozefina I\u0161tokovi\u0107 6. Irina Jovanovi\u0107 7. Lucija Kleva 8. Ira Lehocki 9. Iva Leki\u0107 10. Ariana Mu\u017ei\u0107 11. Valeria Ana Pervan 12. An\u0111ela Rukavina 13. Marija Eliza Sereki 14. Leonora Shala 15. Mia Marija \u0160alov [&hellip;]<\/p>\n","protected":false},"author":11,"featured_media":0,"parent":12,"menu_order":-1,"comment_status":"closed","ping_status":"closed","template":"","meta":{"footnotes":""},"class_list":["post-13867","page","type-page","status-publish","hentry"],"_links":{"self":[{"href":"http:\/\/www.ss-aharacica-malilosinj.com.hr\/index.php?rest_route=\/wp\/v2\/pages\/13867","targetHints":{"allow":["GET"]}}],"collection":[{"href":"http:\/\/www.ss-aharacica-malilosinj.com.hr\/index.php?rest_route=\/wp\/v2\/pages"}],"about":[{"href":"http:\/\/www.ss-aharacica-malilosinj.com.hr\/index.php?rest_route=\/wp\/v2\/types\/page"}],"author":[{"embeddable":true,"href":"http:\/\/www.ss-aharacica-malilosinj.com.hr\/index.php?rest_route=\/wp\/v2\/users\/11"}],"replies":[{"embeddable":true,"href":"http:\/\/www.ss-aharacica-malilosinj.com.hr\/index.php?rest_route=%2Fwp%2Fv2%2Fcomments&post=13867"}],"version-history":[{"count":1,"href":"http:\/\/www.ss-aharacica-malilosinj.com.hr\/index.php?rest_route=\/wp\/v2\/pages\/13867\/revisions"}],"predecessor-version":[{"id":13868,"href":"http:\/\/www.ss-aharacica-malilosinj.com.hr\/index.php?rest_route=\/wp\/v2\/pages\/13867\/revisions\/13868"}],"up":[{"embeddable":true,"href":"http:\/\/www.ss-aharacica-malilosinj.com.hr\/index.php?rest_route=\/wp\/v2\/pages\/12"}],"wp:attachment":[{"href":"http:\/\/www.ss-aharacica-malilosinj.com.hr\/index.php?rest_route=%2Fwp%2Fv2%2Fmedia&parent=13867"}],"curies":[{"name":"wp","href":"https:\/\/api.w.org\/{rel}","templated":true}]}}