{"id":13399,"date":"2019-09-03T05:54:50","date_gmt":"2019-09-03T05:54:50","guid":{"rendered":"http:\/\/www.ss-aharacica-malilosinj.com.hr\/?page_id=13399"},"modified":"2020-06-24T15:39:08","modified_gmt":"2020-06-24T15:39:08","slug":"skolska-godina-2019-2020","status":"publish","type":"page","link":"http:\/\/www.ss-aharacica-malilosinj.com.hr\/?page_id=13399","title":{"rendered":"\u0160KOLSKA GODINA 2019.\/2020."},"content":{"rendered":"<p><a href=\"http:\/\/www.ss-aharacica-malilosinj.com.hr\/wp-content\/uploads\/2019\/09\/lika-obrazac-prijave-za-vi\u0161ednevu-u\u010dioni\u010dku-nastavu-1.pdf\">Obrazac prijave za vi\u0161ednevu u\u010dioni\u010dku nastavu-Lika.pdf<\/a> &#8211;&nbsp;objavljeno 2.9.2019<\/p>\n<p><a href=\"http:\/\/www.ss-aharacica-malilosinj.com.hr\/wp-content\/uploads\/2019\/09\/Obrazac-prijave-za-vi\u0161ednevu-u\u010dioni\u010dku-nastavu-posjet-kazali\u0161tu-u-Zagreb.docx\">Obrazac prijave za vi\u0161ednevnu u\u010dioni\u010dku nastavu &#8211; Posjet kazali\u0161tu u Zagreb<\/a>&nbsp;&#8211; objavljeno 24.9.2019<\/p>\n<p><a href=\"http:\/\/www.ss-aharacica-malilosinj.com.hr\/wp-content\/uploads\/2019\/09\/Obrazac_poziva_za_organizaciju_visednevne_izvanucionicke_nastave-2.poziv-Veliki-\u017eitnik.docx\">Obrazac poziva za organizaciju vi\u0161ednevne izvanu\u010dioni\u010dke nastave, 2.poziv, Veliki \u017eitnik<\/a>&nbsp;&#8211; objavljeno 26.9.2019.<\/p>\n<p><a href=\"http:\/\/www.ss-aharacica-malilosinj.com.hr\/wp-content\/uploads\/2019\/09\/Odluka.pdf\">Odluka o prihva\u0107anju ponude<\/a>&nbsp;&#8211; objavljeno 15.10.2019.<\/p>\n<p><a href=\"http:\/\/www.ss-aharacica-malilosinj.com.hr\/wp-content\/uploads\/2019\/09\/Obrazac-poziva-za-organizaciju-vi\u0161ednevne-izvanu\u010dioni\u010dke-nastave-Be\u010d.pdf\">Obrazac poziva za organizaciju vi\u0161ednevne izvanu\u010dioni\u010dke nastave &#8211; Be\u010d<\/a>&nbsp;&#8211; objavljeno 3.2.2020.<\/p>\n<p><a href=\"http:\/\/www.ss-aharacica-malilosinj.com.hr\/wp-content\/uploads\/2019\/09\/Obrazac_poziva_za_organizaciju_visednevne_izvanucionicke_nastave-2020-maturalno-putovanje-1.pdf\">Obrazac poziva za organizaciju vi\u0161ednevne izvanu\u010dioni\u010dke nastave &#8211; maturalno putovanje<\/a> &#8211; objavljeno 21.2.2020.<\/p>\n<p><a href=\"http:\/\/www.ss-aharacica-malilosinj.com.hr\/wp-content\/uploads\/2019\/09\/IMG_20200309_0001.pdf\">Odluka o prihva\u0107anju ponude, izlet u Be\u010d<\/a> &#8211;&nbsp;objavljeno &nbsp;25.2.2020<\/p>\n<p><a href=\"http:\/\/www.ss-aharacica-malilosinj.com.hr\/wp-content\/uploads\/2019\/09\/IMG_20200624_0001.pdf\">Odluka o neprihva\u0107anju nove ponude organizacije maturalnog putovanja<\/a> &#8211; objavljeno 24.6.2020.<\/p>\n","protected":false},"excerpt":{"rendered":"<p>Obrazac prijave za vi\u0161ednevu u\u010dioni\u010dku nastavu-Lika.pdf &#8211;&nbsp;objavljeno 2.9.2019 Obrazac prijave za vi\u0161ednevnu u\u010dioni\u010dku nastavu &#8211; Posjet kazali\u0161tu u Zagreb&nbsp;&#8211; objavljeno 24.9.2019 Obrazac poziva za organizaciju vi\u0161ednevne izvanu\u010dioni\u010dke nastave, 2.poziv, Veliki \u017eitnik&nbsp;&#8211; objavljeno 26.9.2019. Odluka o prihva\u0107anju ponude&nbsp;&#8211; objavljeno 15.10.2019. Obrazac poziva za organizaciju vi\u0161ednevne izvanu\u010dioni\u010dke nastave &#8211; Be\u010d&nbsp;&#8211; objavljeno 3.2.2020. Obrazac poziva za organizaciju vi\u0161ednevne [&hellip;]<\/p>\n","protected":false},"author":1,"featured_media":0,"parent":4907,"menu_order":100,"comment_status":"closed","ping_status":"closed","template":"","meta":{"footnotes":""},"class_list":["post-13399","page","type-page","status-publish","hentry"],"_links":{"self":[{"href":"http:\/\/www.ss-aharacica-malilosinj.com.hr\/index.php?rest_route=\/wp\/v2\/pages\/13399","targetHints":{"allow":["GET"]}}],"collection":[{"href":"http:\/\/www.ss-aharacica-malilosinj.com.hr\/index.php?rest_route=\/wp\/v2\/pages"}],"about":[{"href":"http:\/\/www.ss-aharacica-malilosinj.com.hr\/index.php?rest_route=\/wp\/v2\/types\/page"}],"author":[{"embeddable":true,"href":"http:\/\/www.ss-aharacica-malilosinj.com.hr\/index.php?rest_route=\/wp\/v2\/users\/1"}],"replies":[{"embeddable":true,"href":"http:\/\/www.ss-aharacica-malilosinj.com.hr\/index.php?rest_route=%2Fwp%2Fv2%2Fcomments&post=13399"}],"version-history":[{"count":12,"href":"http:\/\/www.ss-aharacica-malilosinj.com.hr\/index.php?rest_route=\/wp\/v2\/pages\/13399\/revisions"}],"predecessor-version":[{"id":14773,"href":"http:\/\/www.ss-aharacica-malilosinj.com.hr\/index.php?rest_route=\/wp\/v2\/pages\/13399\/revisions\/14773"}],"up":[{"embeddable":true,"href":"http:\/\/www.ss-aharacica-malilosinj.com.hr\/index.php?rest_route=\/wp\/v2\/pages\/4907"}],"wp:attachment":[{"href":"http:\/\/www.ss-aharacica-malilosinj.com.hr\/index.php?rest_route=%2Fwp%2Fv2%2Fmedia&parent=13399"}],"curies":[{"name":"wp","href":"https:\/\/api.w.org\/{rel}","templated":true}]}}