{"id":1197,"date":"2011-11-07T10:57:33","date_gmt":"2011-11-07T10:57:33","guid":{"rendered":"http:\/\/www.ss-aharacica-malilosinj.com.hr\/?page_id=1197"},"modified":"2017-10-20T06:35:02","modified_gmt":"2017-10-20T06:35:02","slug":"nerezine","status":"publish","type":"page","link":"http:\/\/www.ss-aharacica-malilosinj.com.hr\/?page_id=1197","title":{"rendered":"Glagoljica u Nerezinama (2011.)"},"content":{"rendered":"<p>Predavanje s predstavljanjem i izlo\u017ebom u Nerezinama<\/p>\n<p>Na dan nerezinske za\u0161titnice Marije Magdalene ( 22.07.2011.) su glagolja\u0161i na\u0161e \u0161kole pokazali rezultate svoga istra\u017eivanja glagoljice u ovom oto\u010dkom mjestu.<\/p>\n<p>Javnosti je otvorena izlo\u017eba glagoljskih tekstova koje se \u010duva u Dr\u017eavnom arhivu u Rijeci, ali i niz stranica iz razli\u010ditih mati\u010dnih knjiga nerezinske \u017eupe. Potonji su prvi puta pokazani \u0161to je izazvalo&nbsp; iznena\u0111enje i zanimanje posjetitelja .<\/p>\n<p>Uz to su u\u010denici glagolja\u0161i priredili predstavljanje o povijesti naselja i pisanoj , uglavnom&nbsp; glagoljskoj ostav\u0161tini kako bi potvrdili na\u0161u kulturnu pripadnost Evropi.<\/p>\n<p>Popratni esej sastavile su i predstavile u\u010denice:<\/p>\n<p>Anamarija I\u0161tokovi\u0107, Antonija Kova\u010d, Martina Marjanovi\u0107,u\u010denice 1.g. razreda.<\/p>\n<p>Prijevod na talijanski jezik potpisuje dr\u017eavni prvak iz talijanskog jezika-Marko Lettich,u\u010denik 4. g. razreda.<\/p>\n<p>Prezentaciju sastavila , na njema\u010dki jezik prevela i \u010ditala Erna Jensch, u\u010d.4.g. razreda.<\/p>\n<p>Gost Josip \u017dic je cijelo predstavljanje glazbeno pratio sviranjem na klavijaturama.<\/p>\n<p>Test je na talijanskom jeziku \u010ditao Andrija \u017divkovi\u0107, u\u010denik 1.htt razreda.<\/p>\n<p>Program otvaranja izlo\u017ebe i predstavljanja&nbsp; bio je na tri jezika-hrvatskom, talijanskom i njema\u010dkom pa su ga pratili i gosti \u2013turisti.<\/p>\n<p>Na\u0161 rad su i ovoga puta podr\u017eali Grad Mali Lo\u0161inj, \u017dupanija primorsko-goranska, i Turisti\u010dka zajednica Mali Lo\u0161inj kojima se zahvaljujemo.<\/p>\n\n\t\t<style type=\"text\/css\">\n\t\t\t#gallery-1 {\n\t\t\t\tmargin: auto;\n\t\t\t}\n\t\t\t#gallery-1 .gallery-item {\n\t\t\t\tfloat: left;\n\t\t\t\tmargin-top: 10px;\n\t\t\t\ttext-align: center;\n\t\t\t\twidth: 33%;\n\t\t\t}\n\t\t\t#gallery-1 img {\n\t\t\t\tborder: 2px solid #cfcfcf;\n\t\t\t}\n\t\t\t#gallery-1 .gallery-caption {\n\t\t\t\tmargin-left: 0;\n\t\t\t}\n\t\t\t\/* see gallery_shortcode() in wp-includes\/media.php *\/\n\t\t<\/style>\n\t\t<div id='gallery-1' class='gallery galleryid-1197 gallery-columns-3 gallery-size-thumbnail'><dl class='gallery-item'>\n\t\t\t<dt class='gallery-icon landscape'>\n\t\t\t\t<a href='http:\/\/www.ss-aharacica-malilosinj.com.hr\/?attachment_id=1199#main'><img loading=\"lazy\" decoding=\"async\" width=\"150\" height=\"150\" src=\"http:\/\/www.ss-aharacica-malilosinj.com.hr\/wp-content\/uploads\/2011\/11\/Picture-08-150x150.jpg\" class=\"attachment-thumbnail size-thumbnail\" alt=\"\" \/><\/a>\n\t\t\t<\/dt><\/dl><dl class='gallery-item'>\n\t\t\t<dt class='gallery-icon landscape'>\n\t\t\t\t<a href='http:\/\/www.ss-aharacica-malilosinj.com.hr\/?attachment_id=1200#main'><img loading=\"lazy\" decoding=\"async\" width=\"150\" height=\"150\" src=\"http:\/\/www.ss-aharacica-malilosinj.com.hr\/wp-content\/uploads\/2011\/11\/Picture-09-150x150.jpg\" class=\"attachment-thumbnail size-thumbnail\" alt=\"\" \/><\/a>\n\t\t\t<\/dt><\/dl><dl class='gallery-item'>\n\t\t\t<dt class='gallery-icon landscape'>\n\t\t\t\t<a href='http:\/\/www.ss-aharacica-malilosinj.com.hr\/?attachment_id=1201#main'><img loading=\"lazy\" decoding=\"async\" width=\"150\" height=\"150\" src=\"http:\/\/www.ss-aharacica-malilosinj.com.hr\/wp-content\/uploads\/2011\/11\/Picture-12-150x150.jpg\" class=\"attachment-thumbnail size-thumbnail\" alt=\"\" \/><\/a>\n\t\t\t<\/dt><\/dl><br style=\"clear: both\" \/><dl class='gallery-item'>\n\t\t\t<dt class='gallery-icon landscape'>\n\t\t\t\t<a href='http:\/\/www.ss-aharacica-malilosinj.com.hr\/?attachment_id=1202#main'><img loading=\"lazy\" decoding=\"async\" width=\"150\" height=\"150\" src=\"http:\/\/www.ss-aharacica-malilosinj.com.hr\/wp-content\/uploads\/2011\/11\/Picture-15-150x150.jpg\" class=\"attachment-thumbnail size-thumbnail\" alt=\"\" \/><\/a>\n\t\t\t<\/dt><\/dl>\n\t\t\t<br style='clear: both' \/>\n\t\t<\/div>\n\n","protected":false},"excerpt":{"rendered":"<p>Predavanje s predstavljanjem i izlo\u017ebom u Nerezinama Na dan nerezinske za\u0161titnice Marije Magdalene ( 22.07.2011.) su glagolja\u0161i na\u0161e \u0161kole pokazali rezultate svoga istra\u017eivanja glagoljice u ovom oto\u010dkom mjestu. Javnosti je otvorena izlo\u017eba glagoljskih tekstova koje se \u010duva u Dr\u017eavnom arhivu u Rijeci, ali i niz stranica iz razli\u010ditih mati\u010dnih knjiga nerezinske \u017eupe. Potonji su prvi [&hellip;]<\/p>\n","protected":false},"author":11,"featured_media":0,"parent":10399,"menu_order":0,"comment_status":"closed","ping_status":"closed","template":"","meta":{"footnotes":""},"class_list":["post-1197","page","type-page","status-publish","hentry"],"_links":{"self":[{"href":"http:\/\/www.ss-aharacica-malilosinj.com.hr\/index.php?rest_route=\/wp\/v2\/pages\/1197","targetHints":{"allow":["GET"]}}],"collection":[{"href":"http:\/\/www.ss-aharacica-malilosinj.com.hr\/index.php?rest_route=\/wp\/v2\/pages"}],"about":[{"href":"http:\/\/www.ss-aharacica-malilosinj.com.hr\/index.php?rest_route=\/wp\/v2\/types\/page"}],"author":[{"embeddable":true,"href":"http:\/\/www.ss-aharacica-malilosinj.com.hr\/index.php?rest_route=\/wp\/v2\/users\/11"}],"replies":[{"embeddable":true,"href":"http:\/\/www.ss-aharacica-malilosinj.com.hr\/index.php?rest_route=%2Fwp%2Fv2%2Fcomments&post=1197"}],"version-history":[{"count":6,"href":"http:\/\/www.ss-aharacica-malilosinj.com.hr\/index.php?rest_route=\/wp\/v2\/pages\/1197\/revisions"}],"predecessor-version":[{"id":10402,"href":"http:\/\/www.ss-aharacica-malilosinj.com.hr\/index.php?rest_route=\/wp\/v2\/pages\/1197\/revisions\/10402"}],"up":[{"embeddable":true,"href":"http:\/\/www.ss-aharacica-malilosinj.com.hr\/index.php?rest_route=\/wp\/v2\/pages\/10399"}],"wp:attachment":[{"href":"http:\/\/www.ss-aharacica-malilosinj.com.hr\/index.php?rest_route=%2Fwp%2Fv2%2Fmedia&parent=1197"}],"curies":[{"name":"wp","href":"https:\/\/api.w.org\/{rel}","templated":true}]}}