{"id":11693,"date":"2018-06-12T11:14:57","date_gmt":"2018-06-12T11:14:57","guid":{"rendered":"http:\/\/www.ss-aharacica-malilosinj.com.hr\/?page_id=11693"},"modified":"2019-05-28T09:55:09","modified_gmt":"2019-05-28T09:55:09","slug":"upisi-u-prvi-razred-2018-2019","status":"publish","type":"page","link":"http:\/\/www.ss-aharacica-malilosinj.com.hr\/?page_id=11693","title":{"rendered":"Upisi u 1. razred 2018.\/2019."},"content":{"rendered":"<p><a href=\"http:\/\/www.ss-aharacica-malilosinj.com.hr\/wp-content\/uploads\/2018\/06\/Upisi-promid\u017ebeni-listi\u0107.pdf\">Upisi &#8211; promid\u017ebeni listi\u0107<\/a><\/p>\n<p><a href=\"http:\/\/www.ss-aharacica-malilosinj.com.hr\/wp-content\/uploads\/2018\/06\/Pravilnik-o-elementima-i-kriterijima-za-upis-u-prvi-razred-srednje-\u0161kole.pdf\">Pravilnik o elementima i kriterijima za upis u prvi razred srednje \u0161kole<\/a><\/p>\n<p><a href=\"http:\/\/www.ss-aharacica-malilosinj.com.hr\/wp-content\/uploads\/2018\/06\/Izmjene-i-dopune-Pravilnika-o-kriterijima-za-upis.docx\">Izmjene i dopune Pravilnika o kriterijima za upis<\/a><\/p>\n<p>Natje\u010daj Primorsko-goranske \u017eupanije na: <a href=\"https:\/\/www.pgz.hr\/naslovnica\/natjecaji\">https:\/\/www.pgz.hr\/naslovnica\/natjecaji<\/a><\/p>\n<p>&nbsp;<\/p>\n<p>&nbsp;<\/p>\n<p>&nbsp;<\/p>\n<p>&nbsp;<\/p>\n<p>&nbsp;<\/p>\n<p>&nbsp;<\/p>\n","protected":false},"excerpt":{"rendered":"<p>Upisi &#8211; promid\u017ebeni listi\u0107 Pravilnik o elementima i kriterijima za upis u prvi razred srednje \u0161kole Izmjene i dopune Pravilnika o kriterijima za upis Natje\u010daj Primorsko-goranske \u017eupanije na: https:\/\/www.pgz.hr\/naslovnica\/natjecaji &nbsp; &nbsp; &nbsp; &nbsp; &nbsp; &nbsp;<\/p>\n","protected":false},"author":11,"featured_media":0,"parent":8221,"menu_order":11,"comment_status":"closed","ping_status":"closed","template":"","meta":{"footnotes":""},"class_list":["post-11693","page","type-page","status-publish","hentry"],"_links":{"self":[{"href":"http:\/\/www.ss-aharacica-malilosinj.com.hr\/index.php?rest_route=\/wp\/v2\/pages\/11693","targetHints":{"allow":["GET"]}}],"collection":[{"href":"http:\/\/www.ss-aharacica-malilosinj.com.hr\/index.php?rest_route=\/wp\/v2\/pages"}],"about":[{"href":"http:\/\/www.ss-aharacica-malilosinj.com.hr\/index.php?rest_route=\/wp\/v2\/types\/page"}],"author":[{"embeddable":true,"href":"http:\/\/www.ss-aharacica-malilosinj.com.hr\/index.php?rest_route=\/wp\/v2\/users\/11"}],"replies":[{"embeddable":true,"href":"http:\/\/www.ss-aharacica-malilosinj.com.hr\/index.php?rest_route=%2Fwp%2Fv2%2Fcomments&post=11693"}],"version-history":[{"count":6,"href":"http:\/\/www.ss-aharacica-malilosinj.com.hr\/index.php?rest_route=\/wp\/v2\/pages\/11693\/revisions"}],"predecessor-version":[{"id":11732,"href":"http:\/\/www.ss-aharacica-malilosinj.com.hr\/index.php?rest_route=\/wp\/v2\/pages\/11693\/revisions\/11732"}],"up":[{"embeddable":true,"href":"http:\/\/www.ss-aharacica-malilosinj.com.hr\/index.php?rest_route=\/wp\/v2\/pages\/8221"}],"wp:attachment":[{"href":"http:\/\/www.ss-aharacica-malilosinj.com.hr\/index.php?rest_route=%2Fwp%2Fv2%2Fmedia&parent=11693"}],"curies":[{"name":"wp","href":"https:\/\/api.w.org\/{rel}","templated":true}]}}