{"id":11466,"date":"2018-04-25T11:59:48","date_gmt":"2018-04-25T11:59:48","guid":{"rendered":"http:\/\/www.ss-aharacica-malilosinj.com.hr\/?page_id=11466"},"modified":"2019-03-04T11:01:07","modified_gmt":"2019-03-04T11:01:07","slug":"drzavno-natjecanje-gastro-2018","status":"publish","type":"page","link":"http:\/\/www.ss-aharacica-malilosinj.com.hr\/?page_id=11466","title":{"rendered":"Gastro 2018.- dr\u017eavno natjecanje"},"content":{"rendered":"<blockquote class=\"wp-embedded-content\" data-secret=\"gU146UjdJC\"><p><a href=\"https:\/\/www.ss-aharacica-malilosinj.com.hr\/?p=11200\">Dr\u017eavno natjecanje Gastro 2018.<\/a><\/p><\/blockquote>\n<p><iframe loading=\"lazy\" class=\"wp-embedded-content\" sandbox=\"allow-scripts\" security=\"restricted\" style=\"position: absolute; visibility: hidden;\" title=\"&#8220;Dr\u017eavno natjecanje Gastro 2018.&#8221; &#8212; Srednja \u0161kola Ambroza Hara\u010di\u0107a\" src=\"https:\/\/www.ss-aharacica-malilosinj.com.hr\/?p=11200&#038;embed=true#?secret=YUwA678I9J#?secret=gU146UjdJC\" data-secret=\"gU146UjdJC\" width=\"600\" height=\"338\" frameborder=\"0\" marginwidth=\"0\" marginheight=\"0\" scrolling=\"no\"><\/iframe><\/p>\n<blockquote class=\"wp-embedded-content\" data-secret=\"piQ2CAmGg6\"><p><a href=\"https:\/\/www.ss-aharacica-malilosinj.com.hr\/?p=11265\">Vremenik &#8211; World Skills Croatia Gastro 2018.<\/a><\/p><\/blockquote>\n<p><iframe loading=\"lazy\" class=\"wp-embedded-content\" sandbox=\"allow-scripts\" security=\"restricted\" style=\"position: absolute; visibility: hidden;\" title=\"&#8220;Vremenik &#8211; World Skills Croatia Gastro 2018.&#8221; &#8212; Srednja \u0161kola Ambroza Hara\u010di\u0107a\" src=\"https:\/\/www.ss-aharacica-malilosinj.com.hr\/?p=11265&#038;embed=true#?secret=UkkWaZvjoF#?secret=piQ2CAmGg6\" data-secret=\"piQ2CAmGg6\" width=\"600\" height=\"338\" frameborder=\"0\" marginwidth=\"0\" marginheight=\"0\" scrolling=\"no\"><\/iframe><\/p>\n<blockquote class=\"wp-embedded-content\" data-secret=\"W0Yoqtd8Vo\"><p><a href=\"https:\/\/www.ss-aharacica-malilosinj.com.hr\/?p=11295\">Dobro do\u0161li na Gastro 2018.<\/a><\/p><\/blockquote>\n<p><iframe loading=\"lazy\" class=\"wp-embedded-content\" sandbox=\"allow-scripts\" security=\"restricted\" style=\"position: absolute; visibility: hidden;\" title=\"&#8220;Dobro do\u0161li na Gastro 2018.&#8221; &#8212; Srednja \u0161kola Ambroza Hara\u010di\u0107a\" src=\"https:\/\/www.ss-aharacica-malilosinj.com.hr\/?p=11295&#038;embed=true#?secret=qCNTlGnl4e#?secret=W0Yoqtd8Vo\" data-secret=\"W0Yoqtd8Vo\" width=\"600\" height=\"338\" frameborder=\"0\" marginwidth=\"0\" marginheight=\"0\" scrolling=\"no\"><\/iframe><\/p>\n<blockquote class=\"wp-embedded-content\" data-secret=\"SfvZdt0kDr\"><p><a href=\"https:\/\/www.ss-aharacica-malilosinj.com.hr\/?p=11319\">World Skills Croatia Gastro 2018.<\/a><\/p><\/blockquote>\n<p><iframe loading=\"lazy\" class=\"wp-embedded-content\" sandbox=\"allow-scripts\" security=\"restricted\" style=\"position: absolute; visibility: hidden;\" title=\"&#8220;World Skills Croatia Gastro 2018.&#8221; &#8212; Srednja \u0161kola Ambroza Hara\u010di\u0107a\" src=\"https:\/\/www.ss-aharacica-malilosinj.com.hr\/?p=11319&#038;embed=true#?secret=nCP8FLdwDF#?secret=SfvZdt0kDr\" data-secret=\"SfvZdt0kDr\" width=\"600\" height=\"338\" frameborder=\"0\" marginwidth=\"0\" marginheight=\"0\" scrolling=\"no\"><\/iframe><\/p>\n<p><a href=\"http:\/\/www.ss-aharacica-malilosinj.com.hr\/wp-content\/uploads\/2018\/05\/Bilten-Gastro-2018.pdf\">Bilten Gastro 2018<\/a><\/p>\n","protected":false},"excerpt":{"rendered":"<p>Dr\u017eavno natjecanje Gastro 2018. Vremenik &#8211; World Skills Croatia Gastro 2018. Dobro do\u0161li na Gastro 2018. World Skills Croatia Gastro 2018. Bilten Gastro 2018<\/p>\n","protected":false},"author":11,"featured_media":0,"parent":11463,"menu_order":0,"comment_status":"closed","ping_status":"closed","template":"","meta":{"footnotes":""},"class_list":["post-11466","page","type-page","status-publish","hentry"],"_links":{"self":[{"href":"http:\/\/www.ss-aharacica-malilosinj.com.hr\/index.php?rest_route=\/wp\/v2\/pages\/11466","targetHints":{"allow":["GET"]}}],"collection":[{"href":"http:\/\/www.ss-aharacica-malilosinj.com.hr\/index.php?rest_route=\/wp\/v2\/pages"}],"about":[{"href":"http:\/\/www.ss-aharacica-malilosinj.com.hr\/index.php?rest_route=\/wp\/v2\/types\/page"}],"author":[{"embeddable":true,"href":"http:\/\/www.ss-aharacica-malilosinj.com.hr\/index.php?rest_route=\/wp\/v2\/users\/11"}],"replies":[{"embeddable":true,"href":"http:\/\/www.ss-aharacica-malilosinj.com.hr\/index.php?rest_route=%2Fwp%2Fv2%2Fcomments&post=11466"}],"version-history":[{"count":5,"href":"http:\/\/www.ss-aharacica-malilosinj.com.hr\/index.php?rest_route=\/wp\/v2\/pages\/11466\/revisions"}],"predecessor-version":[{"id":12626,"href":"http:\/\/www.ss-aharacica-malilosinj.com.hr\/index.php?rest_route=\/wp\/v2\/pages\/11466\/revisions\/12626"}],"up":[{"embeddable":true,"href":"http:\/\/www.ss-aharacica-malilosinj.com.hr\/index.php?rest_route=\/wp\/v2\/pages\/11463"}],"wp:attachment":[{"href":"http:\/\/www.ss-aharacica-malilosinj.com.hr\/index.php?rest_route=%2Fwp%2Fv2%2Fmedia&parent=11466"}],"curies":[{"name":"wp","href":"https:\/\/api.w.org\/{rel}","templated":true}]}}