{"id":11144,"date":"2018-02-08T15:48:32","date_gmt":"2018-02-08T15:48:32","guid":{"rendered":"http:\/\/www.ss-aharacica-malilosinj.com.hr\/?page_id=11144"},"modified":"2019-03-18T19:54:52","modified_gmt":"2019-03-18T19:54:52","slug":"natjecaji-2018","status":"publish","type":"page","link":"http:\/\/www.ss-aharacica-malilosinj.com.hr\/?page_id=11144","title":{"rendered":"Natje\u010daji 2018"},"content":{"rendered":"<table width=\"502\">\n<tbody>\n<tr>\n<td>Nadnevak<\/td>\n<td>OPIS<\/td>\n<\/tr>\n<tr>\n<td>6.2.2018.<\/td>\n<td><a href=\"http:\/\/www.ss-aharacica-malilosinj.com.hr\/wp-content\/uploads\/2018\/02\/IMG_20180208_0004.pdf\">Natje\u010daj za Stru\u010dno osposobljavanje bez zasnivanja radnog odnosa<\/a><\/td>\n<\/tr>\n<tr>\n<td>28.2.2018.<\/td>\n<td><a href=\"http:\/\/www.ss-aharacica-malilosinj.com.hr\/wp-content\/uploads\/2018\/02\/IMG_20180228_0002.pdf\"> Natje\u010daj za zaposlenje nastavnika<\/a><\/td>\n<\/tr>\n<tr>\n<td>15.3.2018.<\/td>\n<td><a href=\"http:\/\/www.ss-aharacica-malilosinj.com.hr\/wp-content\/uploads\/2018\/03\/IMG_20180315_0001.pdf\"> Natje\u010daj za zaposlenje nastavnika<\/a><\/td>\n<\/tr>\n<tr>\n<td>19.3.2018.<\/td>\n<td><a href=\"http:\/\/www.ss-aharacica-malilosinj.com.hr\/wp-content\/uploads\/2018\/03\/IMG_20180322_0001.pdf\"> Obavijest o rezultatu natje\u010daja raspisanog 28.2.2018.<\/a><\/td>\n<\/tr>\n<tr>\n<td>28.3.2018.<\/td>\n<td><a href=\"http:\/\/www.ss-aharacica-malilosinj.com.hr\/wp-content\/uploads\/2018\/04\/IMG_20180329_0002.pdf\"> Obavijest o rezultatu natje\u010daja raspisanog 15. o\u017eujka 2018.<\/a><\/td>\n<\/tr>\n<tr>\n<td>27.4.2018.<\/td>\n<td><a href=\"http:\/\/www.ss-aharacica-malilosinj.com.hr\/wp-content\/uploads\/2018\/04\/IMG_20180427_0002.pdf\">Natje\u010daj za stru\u010dno osp\u0161osobljavanje za rad<br \/>\nbez zasnivanja radnog odnosa.<\/a><\/td>\n<\/tr>\n<tr>\n<td>17.10.2018.<\/td>\n<td><a href=\"http:\/\/www.ss-aharacica-malilosinj.com.hr\/wp-content\/uploads\/2018\/10\/tekst-natje\u010daja.pdf\"> Natje\u010daj za zaposlenje nastavnika<\/a><\/td>\n<\/tr>\n<tr>\n<td>5.11.2018.<\/td>\n<td><a href=\"http:\/\/www.ss-aharacica-malilosinj.com.hr\/wp-content\/uploads\/2018\/11\/IMG_20181105_0001.pdf\">Obavijest o rezultatu natje\u010daja raspisanog 17.10.2018.<\/a><\/td>\n<\/tr>\n<tr>\n<td>21.11.2018.<\/td>\n<td><a href=\"http:\/\/www.ss-aharacica-malilosinj.com.hr\/wp-content\/uploads\/2018\/11\/IMG_20181126_0001.pdf\"> Natje\u010daj za zaposlenje \u010dista\u010dice<\/a><\/td>\n<\/tr>\n<tr>\n<td>3.12.2018.<\/td>\n<td><a href=\"http:\/\/www.ss-aharacica-malilosinj.com.hr\/wp-content\/uploads\/2019\/01\/obavijest122019.pdf\">Obavijest o rezultatima natje\u010daja raspisanog 21.11.2018.<\/a><\/td>\n<\/tr>\n<\/tbody>\n<\/table>\n","protected":false},"excerpt":{"rendered":"<p>Nadnevak OPIS 6.2.2018. Natje\u010daj za Stru\u010dno osposobljavanje bez zasnivanja radnog odnosa 28.2.2018. Natje\u010daj za zaposlenje nastavnika 15.3.2018. Natje\u010daj za zaposlenje nastavnika 19.3.2018. Obavijest o rezultatu natje\u010daja raspisanog 28.2.2018. 28.3.2018. Obavijest o rezultatu natje\u010daja raspisanog 15. o\u017eujka 2018. 27.4.2018. Natje\u010daj za stru\u010dno osp\u0161osobljavanje za rad bez zasnivanja radnog odnosa. 17.10.2018. Natje\u010daj za zaposlenje nastavnika 5.11.2018. Obavijest [&hellip;]<\/p>\n","protected":false},"author":1,"featured_media":0,"parent":9277,"menu_order":99,"comment_status":"closed","ping_status":"closed","template":"","meta":{"footnotes":""},"class_list":["post-11144","page","type-page","status-publish","hentry"],"_links":{"self":[{"href":"http:\/\/www.ss-aharacica-malilosinj.com.hr\/index.php?rest_route=\/wp\/v2\/pages\/11144","targetHints":{"allow":["GET"]}}],"collection":[{"href":"http:\/\/www.ss-aharacica-malilosinj.com.hr\/index.php?rest_route=\/wp\/v2\/pages"}],"about":[{"href":"http:\/\/www.ss-aharacica-malilosinj.com.hr\/index.php?rest_route=\/wp\/v2\/types\/page"}],"author":[{"embeddable":true,"href":"http:\/\/www.ss-aharacica-malilosinj.com.hr\/index.php?rest_route=\/wp\/v2\/users\/1"}],"replies":[{"embeddable":true,"href":"http:\/\/www.ss-aharacica-malilosinj.com.hr\/index.php?rest_route=%2Fwp%2Fv2%2Fcomments&post=11144"}],"version-history":[{"count":15,"href":"http:\/\/www.ss-aharacica-malilosinj.com.hr\/index.php?rest_route=\/wp\/v2\/pages\/11144\/revisions"}],"predecessor-version":[{"id":12363,"href":"http:\/\/www.ss-aharacica-malilosinj.com.hr\/index.php?rest_route=\/wp\/v2\/pages\/11144\/revisions\/12363"}],"up":[{"embeddable":true,"href":"http:\/\/www.ss-aharacica-malilosinj.com.hr\/index.php?rest_route=\/wp\/v2\/pages\/9277"}],"wp:attachment":[{"href":"http:\/\/www.ss-aharacica-malilosinj.com.hr\/index.php?rest_route=%2Fwp%2Fv2%2Fmedia&parent=11144"}],"curies":[{"name":"wp","href":"https:\/\/api.w.org\/{rel}","templated":true}]}}