{"id":10747,"date":"2017-11-21T07:35:50","date_gmt":"2017-11-21T07:35:50","guid":{"rendered":"http:\/\/www.ss-aharacica-malilosinj.com.hr\/?page_id=10747"},"modified":"2017-11-21T07:37:11","modified_gmt":"2017-11-21T07:37:11","slug":"2014-2015","status":"publish","type":"page","link":"http:\/\/www.ss-aharacica-malilosinj.com.hr\/?page_id=10747","title":{"rendered":"2014.\/2015."},"content":{"rendered":"<p><strong>DAN MRTVIH &#8211; URE\u0110ENJE HARA\u010cI\u0106EVA GROBA<\/strong><\/p>\n<p><strong> 31. listopada 2014.<\/strong> \u2013 uo\u010di dana Svi sveti \u010dlanovi grupe Mladi povjesni\u010dari obi\u0161li su i uredili grob Ambroza Hara\u010di\u0107a na groblju Sv. Martin. Na putu prema grobu, nose\u0107i cvije\u0107e, u\u010denici obavezno zastanu pred ku\u0107om u Ulici bra\u0107e Viduli\u0107a 22, rodnoj ku\u0107i profesora Hara\u010di\u0107a.<\/p>\n\n\t\t<style type=\"text\/css\">\n\t\t\t#gallery-1 {\n\t\t\t\tmargin: auto;\n\t\t\t}\n\t\t\t#gallery-1 .gallery-item {\n\t\t\t\tfloat: left;\n\t\t\t\tmargin-top: 10px;\n\t\t\t\ttext-align: center;\n\t\t\t\twidth: 25%;\n\t\t\t}\n\t\t\t#gallery-1 img {\n\t\t\t\tborder: 2px solid #cfcfcf;\n\t\t\t}\n\t\t\t#gallery-1 .gallery-caption {\n\t\t\t\tmargin-left: 0;\n\t\t\t}\n\t\t\t\/* see gallery_shortcode() in wp-includes\/media.php *\/\n\t\t<\/style>\n\t\t<div id='gallery-1' class='gallery galleryid-10747 gallery-columns-4 gallery-size-thumbnail'><dl class='gallery-item'>\n\t\t\t<dt class='gallery-icon landscape'>\n\t\t\t\t<a href='http:\/\/www.ss-aharacica-malilosinj.com.hr\/?attachment_id=10748#main'><img loading=\"lazy\" decoding=\"async\" width=\"150\" height=\"150\" src=\"http:\/\/www.ss-aharacica-malilosinj.com.hr\/wp-content\/uploads\/2017\/11\/a-150x150.jpg\" class=\"attachment-thumbnail size-thumbnail\" alt=\"\" \/><\/a>\n\t\t\t<\/dt><\/dl><dl class='gallery-item'>\n\t\t\t<dt class='gallery-icon landscape'>\n\t\t\t\t<a href='http:\/\/www.ss-aharacica-malilosinj.com.hr\/?attachment_id=10757#main'><img loading=\"lazy\" decoding=\"async\" width=\"150\" height=\"150\" src=\"http:\/\/www.ss-aharacica-malilosinj.com.hr\/wp-content\/uploads\/2017\/11\/f-150x150.jpg\" class=\"attachment-thumbnail size-thumbnail\" alt=\"\" \/><\/a>\n\t\t\t<\/dt><\/dl><dl class='gallery-item'>\n\t\t\t<dt class='gallery-icon landscape'>\n\t\t\t\t<a href='http:\/\/www.ss-aharacica-malilosinj.com.hr\/?attachment_id=10758#main'><img loading=\"lazy\" decoding=\"async\" width=\"150\" height=\"150\" src=\"http:\/\/www.ss-aharacica-malilosinj.com.hr\/wp-content\/uploads\/2017\/11\/h-150x150.jpg\" class=\"attachment-thumbnail size-thumbnail\" alt=\"\" \/><\/a>\n\t\t\t<\/dt><\/dl><dl class='gallery-item'>\n\t\t\t<dt class='gallery-icon landscape'>\n\t\t\t\t<a href='http:\/\/www.ss-aharacica-malilosinj.com.hr\/?attachment_id=10771#main'><img loading=\"lazy\" decoding=\"async\" width=\"150\" height=\"150\" src=\"http:\/\/www.ss-aharacica-malilosinj.com.hr\/wp-content\/uploads\/2017\/11\/z-150x150.jpg\" class=\"attachment-thumbnail size-thumbnail\" alt=\"\" \/><\/a>\n\t\t\t<\/dt><\/dl><br style=\"clear: both\" \/>\n\t\t<\/div>\n\n<p>&nbsp;<\/p>\n<p><strong>PRVA GASTRONOMSKO-POVIJESNO-LITERARNA RADIONICA<\/strong><\/p>\n<p><strong> 22. prosinca 2014.<\/strong> \u2013 uz prvi dan zime odr\u017eana je 1. gastronomska radionica s temom &#8220;Kopuni na na\u0161im blagdanskim stolovima&#8221; u Ugostiteljskom praktikumu na\u0161e \u0160kole. U pripremi radionice uz mentoricu prof. L. Kosmos sudjelovali su Mladi povjesni\u010dari uz profesore hrvatskog jezika \u2013 \u010ditanje dijela teksta Dr\u017ei\u010devog Duda Maroja (Pometov monolog o kopunu) i ugostiteljskih razreda uz mentorstvo lo\u0161injskog kuhara Adrijana Nikoli\u0107a.<\/p>\n\n\t\t<style type=\"text\/css\">\n\t\t\t#gallery-2 {\n\t\t\t\tmargin: auto;\n\t\t\t}\n\t\t\t#gallery-2 .gallery-item {\n\t\t\t\tfloat: left;\n\t\t\t\tmargin-top: 10px;\n\t\t\t\ttext-align: center;\n\t\t\t\twidth: 25%;\n\t\t\t}\n\t\t\t#gallery-2 img {\n\t\t\t\tborder: 2px solid #cfcfcf;\n\t\t\t}\n\t\t\t#gallery-2 .gallery-caption {\n\t\t\t\tmargin-left: 0;\n\t\t\t}\n\t\t\t\/* see gallery_shortcode() in wp-includes\/media.php *\/\n\t\t<\/style>\n\t\t<div id='gallery-2' class='gallery galleryid-10747 gallery-columns-4 gallery-size-thumbnail'><dl class='gallery-item'>\n\t\t\t<dt class='gallery-icon landscape'>\n\t\t\t\t<a href='http:\/\/www.ss-aharacica-malilosinj.com.hr\/?attachment_id=10766#main'><img loading=\"lazy\" decoding=\"async\" width=\"150\" height=\"150\" src=\"http:\/\/www.ss-aharacica-malilosinj.com.hr\/wp-content\/uploads\/2017\/11\/tg-150x150.jpg\" class=\"attachment-thumbnail size-thumbnail\" alt=\"\" \/><\/a>\n\t\t\t<\/dt><\/dl><dl class='gallery-item'>\n\t\t\t<dt class='gallery-icon landscape'>\n\t\t\t\t<a href='http:\/\/www.ss-aharacica-malilosinj.com.hr\/?attachment_id=10761#main'><img loading=\"lazy\" decoding=\"async\" width=\"150\" height=\"150\" src=\"http:\/\/www.ss-aharacica-malilosinj.com.hr\/wp-content\/uploads\/2017\/11\/m-150x150.jpg\" class=\"attachment-thumbnail size-thumbnail\" alt=\"\" \/><\/a>\n\t\t\t<\/dt><\/dl><dl class='gallery-item'>\n\t\t\t<dt class='gallery-icon landscape'>\n\t\t\t\t<a href='http:\/\/www.ss-aharacica-malilosinj.com.hr\/?attachment_id=10751#main'><img loading=\"lazy\" decoding=\"async\" width=\"150\" height=\"150\" src=\"http:\/\/www.ss-aharacica-malilosinj.com.hr\/wp-content\/uploads\/2017\/11\/c-150x150.jpg\" class=\"attachment-thumbnail size-thumbnail\" alt=\"\" \/><\/a>\n\t\t\t<\/dt><\/dl><dl class='gallery-item'>\n\t\t\t<dt class='gallery-icon landscape'>\n\t\t\t\t<a href='http:\/\/www.ss-aharacica-malilosinj.com.hr\/?attachment_id=10762#main'><img loading=\"lazy\" decoding=\"async\" width=\"150\" height=\"150\" src=\"http:\/\/www.ss-aharacica-malilosinj.com.hr\/wp-content\/uploads\/2017\/11\/n-150x150.jpg\" class=\"attachment-thumbnail size-thumbnail\" alt=\"\" \/><\/a>\n\t\t\t<\/dt><\/dl><br style=\"clear: both\" \/>\n\t\t<\/div>\n\n<p>&nbsp;<\/p>\n<p><strong>DRUGA GASTRONOMSKO-POVIJESNO-LITERARNA RADIONICA<\/strong><\/p>\n<p><strong> 5. velja\u010de 2015.<\/strong> \u2013 odr\u017eana 2. gastronomska radionica u Ugostiteljskom praktikumu na\u0161e \u0160kole s temom &#8220;Apoksiomenova gastronomska pri\u010da \u2013 anti\u010dka kuhinja&#8221;. Pod pokroviteljstom Turisti\u010dke zajednice grada Malog Lo\u0161inja, odr\u017ean je Apoksiomenov banket. Bila je to druga kreativna radionica pod vodstvom Adrijana Nikoli\u0107a, poznatog lo\u0161injskog kuhara uz predava\u010de u \u0161koli Milana \u017duni\u0107a i Ivana Luki\u0107a te sudjelovanje u\u010denika II. razreda strukovnih \u0161kola, kuhara i konobara. Prire\u0111ena su jela koja su inspirirana gastronomskim navikama i namirnicama iz vremena anti\u010dke Gr\u010dke.<br \/>\nBanket je popra\u0107en predavanjem o svakodnevici i prehrambenim navikama starih Grka, koje je odr\u017eala prof. Lidija Kosmos, zatim \u010ditanjem ulomaka iz knji\u017eevnih djela anti\u010dke knji\u017eevnosti s tematikom gastronomije, u \u010demu su sudjelovali u\u010denici Anamarija \u0160epl 1.htt, Jan Tomich 1.g i Damjan Stani\u0107 4.g. Sredi\u0161nji dio banketa bila je degustacije brojnih jela, a prevladavale su masline, \u017eito, ribe i drugi plodovi mora, meso, povr\u0107e i vino.<\/p>\n\n\t\t<style type=\"text\/css\">\n\t\t\t#gallery-3 {\n\t\t\t\tmargin: auto;\n\t\t\t}\n\t\t\t#gallery-3 .gallery-item {\n\t\t\t\tfloat: left;\n\t\t\t\tmargin-top: 10px;\n\t\t\t\ttext-align: center;\n\t\t\t\twidth: 25%;\n\t\t\t}\n\t\t\t#gallery-3 img {\n\t\t\t\tborder: 2px solid #cfcfcf;\n\t\t\t}\n\t\t\t#gallery-3 .gallery-caption {\n\t\t\t\tmargin-left: 0;\n\t\t\t}\n\t\t\t\/* see gallery_shortcode() in wp-includes\/media.php *\/\n\t\t<\/style>\n\t\t<div id='gallery-3' class='gallery galleryid-10747 gallery-columns-4 gallery-size-thumbnail'><dl class='gallery-item'>\n\t\t\t<dt class='gallery-icon landscape'>\n\t\t\t\t<a href='http:\/\/www.ss-aharacica-malilosinj.com.hr\/?attachment_id=10755#main'><img loading=\"lazy\" decoding=\"async\" width=\"150\" height=\"150\" src=\"http:\/\/www.ss-aharacica-malilosinj.com.hr\/wp-content\/uploads\/2017\/11\/\u0111-150x150.jpg\" class=\"attachment-thumbnail size-thumbnail\" alt=\"\" \/><\/a>\n\t\t\t<\/dt><\/dl><dl class='gallery-item'>\n\t\t\t<dt class='gallery-icon landscape'>\n\t\t\t\t<a href='http:\/\/www.ss-aharacica-malilosinj.com.hr\/?attachment_id=10764#main'><img loading=\"lazy\" decoding=\"async\" width=\"150\" height=\"150\" src=\"http:\/\/www.ss-aharacica-malilosinj.com.hr\/wp-content\/uploads\/2017\/11\/q-150x150.jpg\" class=\"attachment-thumbnail size-thumbnail\" alt=\"\" \/><\/a>\n\t\t\t<\/dt><\/dl><dl class='gallery-item'>\n\t\t\t<dt class='gallery-icon landscape'>\n\t\t\t\t<a href='http:\/\/www.ss-aharacica-malilosinj.com.hr\/?attachment_id=10763#main'><img loading=\"lazy\" decoding=\"async\" width=\"150\" height=\"150\" src=\"http:\/\/www.ss-aharacica-malilosinj.com.hr\/wp-content\/uploads\/2017\/11\/p-150x150.jpg\" class=\"attachment-thumbnail size-thumbnail\" alt=\"\" \/><\/a>\n\t\t\t<\/dt><\/dl><dl class='gallery-item'>\n\t\t\t<dt class='gallery-icon landscape'>\n\t\t\t\t<a href='http:\/\/www.ss-aharacica-malilosinj.com.hr\/?attachment_id=10769#main'><img loading=\"lazy\" decoding=\"async\" width=\"150\" height=\"150\" src=\"http:\/\/www.ss-aharacica-malilosinj.com.hr\/wp-content\/uploads\/2017\/11\/x-150x150.jpg\" class=\"attachment-thumbnail size-thumbnail\" alt=\"\" \/><\/a>\n\t\t\t<\/dt><\/dl><br style=\"clear: both\" \/><dl class='gallery-item'>\n\t\t\t<dt class='gallery-icon landscape'>\n\t\t\t\t<a href='http:\/\/www.ss-aharacica-malilosinj.com.hr\/?attachment_id=10749#main'><img loading=\"lazy\" decoding=\"async\" width=\"150\" height=\"150\" src=\"http:\/\/www.ss-aharacica-malilosinj.com.hr\/wp-content\/uploads\/2017\/11\/b-150x150.jpg\" class=\"attachment-thumbnail size-thumbnail\" alt=\"\" \/><\/a>\n\t\t\t<\/dt><\/dl><dl class='gallery-item'>\n\t\t\t<dt class='gallery-icon landscape'>\n\t\t\t\t<a href='http:\/\/www.ss-aharacica-malilosinj.com.hr\/?attachment_id=10770#main'><img loading=\"lazy\" decoding=\"async\" width=\"150\" height=\"150\" src=\"http:\/\/www.ss-aharacica-malilosinj.com.hr\/wp-content\/uploads\/2017\/11\/y-150x150.jpg\" class=\"attachment-thumbnail size-thumbnail\" alt=\"\" \/><\/a>\n\t\t\t<\/dt><\/dl><dl class='gallery-item'>\n\t\t\t<dt class='gallery-icon landscape'>\n\t\t\t\t<a href='http:\/\/www.ss-aharacica-malilosinj.com.hr\/?attachment_id=10765#main'><img loading=\"lazy\" decoding=\"async\" width=\"150\" height=\"150\" src=\"http:\/\/www.ss-aharacica-malilosinj.com.hr\/wp-content\/uploads\/2017\/11\/r-150x150.jpg\" class=\"attachment-thumbnail size-thumbnail\" alt=\"\" \/><\/a>\n\t\t\t<\/dt><\/dl><dl class='gallery-item'>\n\t\t\t<dt class='gallery-icon landscape'>\n\t\t\t\t<a href='http:\/\/www.ss-aharacica-malilosinj.com.hr\/?attachment_id=10756#main'><img loading=\"lazy\" decoding=\"async\" width=\"150\" height=\"150\" src=\"http:\/\/www.ss-aharacica-malilosinj.com.hr\/wp-content\/uploads\/2017\/11\/e-150x150.jpg\" class=\"attachment-thumbnail size-thumbnail\" alt=\"\" \/><\/a>\n\t\t\t<\/dt><\/dl><br style=\"clear: both\" \/>\n\t\t<\/div>\n\n<p>&nbsp;<\/p>\n<p><strong>\u017dUPANIJSKO NATJECANJE IZ POVIJESTI \u2013<\/strong> <strong><em>Plovidba Programom Nautice <\/em><\/strong><\/p>\n<p><strong> 6. o\u017eujka 2015.<\/strong> \u2013 u\u010denici Damjan Stani\u0107, 4.g i Marija Miki\u0107 4.g., sudjelovali na \u017dupanijskom natjecanju iz povijesti u kategoriji samostalni istra\u017eiva\u010dki rad iz povijesti u Opatiji s temom &#8220;Plovidba Programom Nautice&#8221; \u2013 osvojeno 1. mjesto.<\/p>\n\n\t\t<style type=\"text\/css\">\n\t\t\t#gallery-4 {\n\t\t\t\tmargin: auto;\n\t\t\t}\n\t\t\t#gallery-4 .gallery-item {\n\t\t\t\tfloat: left;\n\t\t\t\tmargin-top: 10px;\n\t\t\t\ttext-align: center;\n\t\t\t\twidth: 50%;\n\t\t\t}\n\t\t\t#gallery-4 img {\n\t\t\t\tborder: 2px solid #cfcfcf;\n\t\t\t}\n\t\t\t#gallery-4 .gallery-caption {\n\t\t\t\tmargin-left: 0;\n\t\t\t}\n\t\t\t\/* see gallery_shortcode() in wp-includes\/media.php *\/\n\t\t<\/style>\n\t\t<div id='gallery-4' class='gallery galleryid-10747 gallery-columns-2 gallery-size-thumbnail'><dl class='gallery-item'>\n\t\t\t<dt class='gallery-icon landscape'>\n\t\t\t\t<a href='http:\/\/www.ss-aharacica-malilosinj.com.hr\/?attachment_id=10753#main'><img loading=\"lazy\" decoding=\"async\" width=\"150\" height=\"150\" src=\"http:\/\/www.ss-aharacica-malilosinj.com.hr\/wp-content\/uploads\/2017\/11\/dd-150x150.jpg\" class=\"attachment-thumbnail size-thumbnail\" alt=\"\" \/><\/a>\n\t\t\t<\/dt><\/dl><dl class='gallery-item'>\n\t\t\t<dt class='gallery-icon landscape'>\n\t\t\t\t<a href='http:\/\/www.ss-aharacica-malilosinj.com.hr\/?attachment_id=10752#main'><img loading=\"lazy\" decoding=\"async\" width=\"150\" height=\"150\" src=\"http:\/\/www.ss-aharacica-malilosinj.com.hr\/wp-content\/uploads\/2017\/11\/cd-150x150.jpg\" class=\"attachment-thumbnail size-thumbnail\" alt=\"\" \/><\/a>\n\t\t\t<\/dt><\/dl><br style=\"clear: both\" \/>\n\t\t<\/div>\n\n<p>&nbsp;<\/p>\n<p><strong>DR\u017dAVNO NATJECANJE IZ POVIJESTI<\/strong><\/p>\n<p><strong>13.-15. travnja 2015.<\/strong> \u2013 Damjan Stani\u0107, 4.g i Marija Miki\u0107 4.g., sudjelovali na Dr\u017eavnom natjecanju u samostalnom istra\u017eiva\u010dkom radu iz povijesti u \u0160ibeniku \u2013 osvojeno 6. mjesto<\/p>\n\n\t\t<style type=\"text\/css\">\n\t\t\t#gallery-5 {\n\t\t\t\tmargin: auto;\n\t\t\t}\n\t\t\t#gallery-5 .gallery-item {\n\t\t\t\tfloat: left;\n\t\t\t\tmargin-top: 10px;\n\t\t\t\ttext-align: center;\n\t\t\t\twidth: 33%;\n\t\t\t}\n\t\t\t#gallery-5 img {\n\t\t\t\tborder: 2px solid #cfcfcf;\n\t\t\t}\n\t\t\t#gallery-5 .gallery-caption {\n\t\t\t\tmargin-left: 0;\n\t\t\t}\n\t\t\t\/* see gallery_shortcode() in wp-includes\/media.php *\/\n\t\t<\/style>\n\t\t<div id='gallery-5' class='gallery galleryid-10747 gallery-columns-3 gallery-size-thumbnail'><dl class='gallery-item'>\n\t\t\t<dt class='gallery-icon landscape'>\n\t\t\t\t<a href='http:\/\/www.ss-aharacica-malilosinj.com.hr\/?attachment_id=10759#main'><img loading=\"lazy\" decoding=\"async\" width=\"150\" height=\"150\" src=\"http:\/\/www.ss-aharacica-malilosinj.com.hr\/wp-content\/uploads\/2017\/11\/hz6-150x150.jpg\" class=\"attachment-thumbnail size-thumbnail\" alt=\"\" \/><\/a>\n\t\t\t<\/dt><\/dl><dl class='gallery-item'>\n\t\t\t<dt class='gallery-icon landscape'>\n\t\t\t\t<a href='http:\/\/www.ss-aharacica-malilosinj.com.hr\/?attachment_id=10760#main'><img loading=\"lazy\" decoding=\"async\" width=\"150\" height=\"150\" src=\"http:\/\/www.ss-aharacica-malilosinj.com.hr\/wp-content\/uploads\/2017\/11\/jlj-150x150.jpg\" class=\"attachment-thumbnail size-thumbnail\" alt=\"\" \/><\/a>\n\t\t\t<\/dt><\/dl><dl class='gallery-item'>\n\t\t\t<dt class='gallery-icon landscape'>\n\t\t\t\t<a href='http:\/\/www.ss-aharacica-malilosinj.com.hr\/?attachment_id=10754#main'><img loading=\"lazy\" decoding=\"async\" width=\"150\" height=\"150\" src=\"http:\/\/www.ss-aharacica-malilosinj.com.hr\/wp-content\/uploads\/2017\/11\/ds-150x150.jpg\" class=\"attachment-thumbnail size-thumbnail\" alt=\"\" \/><\/a>\n\t\t\t<\/dt><\/dl><br style=\"clear: both\" \/>\n\t\t<\/div>\n\n<p>&nbsp;<\/p>\n<p><strong><em>Plovidba Programom Nautice <\/em>PREDSTAVLJENA ROTARIJANCIMA<\/strong><\/p>\n<p><strong> 16. svibnja 2015.<\/strong> \u2013 sudjelovanje na Distriktnoj konferenciji Rotary kluba Hrvatske \u2013 predstavljen istra\u017eiva\u010dki rad &#8220;Plovidba Programom Nautice&#8221; u hotelu Bellevue u Malom Lo\u0161inju<\/p>\n<p>&nbsp;<\/p>\n<p><strong>OBILJE\u017dAVANJE 40. GODI\u0160NJICE PRESELJENJA U NOVU \u0160KOLSKU ZGRADU<\/strong><\/p>\n<p><strong> 25. svibnja 2015.<\/strong> \u2013 na Nastavni\u010dkom vije\u0107u Srednje \u0161kole obilje\u017eeno 40 godina od preseljenja u novu \u0161kolsku zgradu \u2013 prezentacija prof. Lidije Kosmos. Ujedno su maturanti Damjan Stani\u0107 i Marija Miki\u0107 predstavili rad &#8220;Plovidba Programom Nautice&#8221; koji je posve\u0107en 160.-oj obljetnici osnutka \u0160kole.<\/p>\n\n\t\t<style type=\"text\/css\">\n\t\t\t#gallery-6 {\n\t\t\t\tmargin: auto;\n\t\t\t}\n\t\t\t#gallery-6 .gallery-item {\n\t\t\t\tfloat: left;\n\t\t\t\tmargin-top: 10px;\n\t\t\t\ttext-align: center;\n\t\t\t\twidth: 25%;\n\t\t\t}\n\t\t\t#gallery-6 img {\n\t\t\t\tborder: 2px solid #cfcfcf;\n\t\t\t}\n\t\t\t#gallery-6 .gallery-caption {\n\t\t\t\tmargin-left: 0;\n\t\t\t}\n\t\t\t\/* see gallery_shortcode() in wp-includes\/media.php *\/\n\t\t<\/style>\n\t\t<div id='gallery-6' class='gallery galleryid-10747 gallery-columns-4 gallery-size-thumbnail'><dl class='gallery-item'>\n\t\t\t<dt class='gallery-icon landscape'>\n\t\t\t\t<a href='http:\/\/www.ss-aharacica-malilosinj.com.hr\/?attachment_id=10772#main'><img loading=\"lazy\" decoding=\"async\" width=\"150\" height=\"150\" src=\"http:\/\/www.ss-aharacica-malilosinj.com.hr\/wp-content\/uploads\/2017\/11\/zj-150x150.jpg\" class=\"attachment-thumbnail size-thumbnail\" alt=\"\" \/><\/a>\n\t\t\t<\/dt><\/dl><dl class='gallery-item'>\n\t\t\t<dt class='gallery-icon landscape'>\n\t\t\t\t<a href='http:\/\/www.ss-aharacica-malilosinj.com.hr\/?attachment_id=10768#main'><img loading=\"lazy\" decoding=\"async\" width=\"150\" height=\"150\" src=\"http:\/\/www.ss-aharacica-malilosinj.com.hr\/wp-content\/uploads\/2017\/11\/vf-150x150.jpg\" class=\"attachment-thumbnail size-thumbnail\" alt=\"\" \/><\/a>\n\t\t\t<\/dt><\/dl><dl class='gallery-item'>\n\t\t\t<dt class='gallery-icon landscape'>\n\t\t\t\t<a href='http:\/\/www.ss-aharacica-malilosinj.com.hr\/?attachment_id=10767#main'><img loading=\"lazy\" decoding=\"async\" width=\"150\" height=\"150\" src=\"http:\/\/www.ss-aharacica-malilosinj.com.hr\/wp-content\/uploads\/2017\/11\/vcl-150x150.jpg\" class=\"attachment-thumbnail size-thumbnail\" alt=\"\" \/><\/a>\n\t\t\t<\/dt><\/dl><dl class='gallery-item'>\n\t\t\t<dt class='gallery-icon landscape'>\n\t\t\t\t<a href='http:\/\/www.ss-aharacica-malilosinj.com.hr\/?attachment_id=10750#main'><img loading=\"lazy\" decoding=\"async\" width=\"150\" height=\"150\" src=\"http:\/\/www.ss-aharacica-malilosinj.com.hr\/wp-content\/uploads\/2017\/11\/bgf-150x150.jpg\" class=\"attachment-thumbnail size-thumbnail\" alt=\"\" \/><\/a>\n\t\t\t<\/dt><\/dl><br style=\"clear: both\" \/>\n\t\t<\/div>\n\n<p>&nbsp;<\/p>\n<p><strong>POVJESNI\u010cARI NA OTVARANJU LJETNE \u0160KOLE MLADIH FIZI\u010cARA<\/strong><\/p>\n<p><strong> 22. lipnja 2015.<\/strong> \u2013 otvaranje Ljetne \u0161kole Mladih fizi\u010dara \u2013 sudionicima ljetne \u0161kole su predavanje i prezentaciju o programu Nauti\u010dke \u0161kole iz 1885.\/86. godine predstavili Damjan Stani\u0107 i Marija Miki\u0107.<\/p>\n","protected":false},"excerpt":{"rendered":"<p>DAN MRTVIH &#8211; URE\u0110ENJE HARA\u010cI\u0106EVA GROBA 31. listopada 2014. \u2013 uo\u010di dana Svi sveti \u010dlanovi grupe Mladi povjesni\u010dari obi\u0161li su i uredili grob Ambroza Hara\u010di\u0107a na groblju Sv. Martin. Na putu prema grobu, nose\u0107i cvije\u0107e, u\u010denici obavezno zastanu pred ku\u0107om u Ulici bra\u0107e Viduli\u0107a 22, rodnoj ku\u0107i profesora Hara\u010di\u0107a. &nbsp; PRVA GASTRONOMSKO-POVIJESNO-LITERARNA RADIONICA 22. prosinca [&hellip;]<\/p>\n","protected":false},"author":11,"featured_media":0,"parent":1405,"menu_order":0,"comment_status":"closed","ping_status":"closed","template":"","meta":{"footnotes":""},"class_list":["post-10747","page","type-page","status-publish","hentry"],"_links":{"self":[{"href":"http:\/\/www.ss-aharacica-malilosinj.com.hr\/index.php?rest_route=\/wp\/v2\/pages\/10747","targetHints":{"allow":["GET"]}}],"collection":[{"href":"http:\/\/www.ss-aharacica-malilosinj.com.hr\/index.php?rest_route=\/wp\/v2\/pages"}],"about":[{"href":"http:\/\/www.ss-aharacica-malilosinj.com.hr\/index.php?rest_route=\/wp\/v2\/types\/page"}],"author":[{"embeddable":true,"href":"http:\/\/www.ss-aharacica-malilosinj.com.hr\/index.php?rest_route=\/wp\/v2\/users\/11"}],"replies":[{"embeddable":true,"href":"http:\/\/www.ss-aharacica-malilosinj.com.hr\/index.php?rest_route=%2Fwp%2Fv2%2Fcomments&post=10747"}],"version-history":[{"count":2,"href":"http:\/\/www.ss-aharacica-malilosinj.com.hr\/index.php?rest_route=\/wp\/v2\/pages\/10747\/revisions"}],"predecessor-version":[{"id":10774,"href":"http:\/\/www.ss-aharacica-malilosinj.com.hr\/index.php?rest_route=\/wp\/v2\/pages\/10747\/revisions\/10774"}],"up":[{"embeddable":true,"href":"http:\/\/www.ss-aharacica-malilosinj.com.hr\/index.php?rest_route=\/wp\/v2\/pages\/1405"}],"wp:attachment":[{"href":"http:\/\/www.ss-aharacica-malilosinj.com.hr\/index.php?rest_route=%2Fwp%2Fv2%2Fmedia&parent=10747"}],"curies":[{"name":"wp","href":"https:\/\/api.w.org\/{rel}","templated":true}]}}