{"id":10563,"date":"2017-10-31T10:07:38","date_gmt":"2017-10-31T10:07:38","guid":{"rendered":"http:\/\/www.ss-aharacica-malilosinj.com.hr\/?page_id=10563"},"modified":"2020-03-08T19:18:05","modified_gmt":"2020-03-08T19:18:05","slug":"klokan-bez-granica","status":"publish","type":"page","link":"http:\/\/www.ss-aharacica-malilosinj.com.hr\/?page_id=10563","title":{"rendered":"Klokan bez granica"},"content":{"rendered":"<blockquote class=\"wp-embedded-content\" data-secret=\"6N8zM3t9Vd\"><p><a href=\"https:\/\/www.ss-aharacica-malilosinj.com.hr\/?p=7810\">Me\u0111unarodno natjecanje Klokan bez granica<\/a><\/p><\/blockquote>\n<p><iframe loading=\"lazy\" class=\"wp-embedded-content\" sandbox=\"allow-scripts\" security=\"restricted\" style=\"position: absolute; visibility: hidden;\" title=\"&#8220;Me\u0111unarodno natjecanje Klokan bez granica&#8221; &#8212; Srednja \u0161kola Ambroza Hara\u010di\u0107a\" src=\"https:\/\/www.ss-aharacica-malilosinj.com.hr\/?p=7810&#038;embed=true#?secret=zM3smAtLVq#?secret=6N8zM3t9Vd\" data-secret=\"6N8zM3t9Vd\" width=\"600\" height=\"338\" frameborder=\"0\" marginwidth=\"0\" marginheight=\"0\" scrolling=\"no\"><\/iframe><\/p>\n<blockquote class=\"wp-embedded-content\" data-secret=\"P2TAh1OJqp\"><p><a href=\"https:\/\/www.ss-aharacica-malilosinj.com.hr\/?p=6008\">Me\u0111unarodno matemati\u010dko natjecanje &#8220;Klokan bez granica&#8221;-2015<\/a><\/p><\/blockquote>\n<p><iframe loading=\"lazy\" class=\"wp-embedded-content\" sandbox=\"allow-scripts\" security=\"restricted\" style=\"position: absolute; visibility: hidden;\" title=\"&#8220;Me\u0111unarodno matemati\u010dko natjecanje &#8220;Klokan bez granica&#8221;-2015&#8221; &#8212; Srednja \u0161kola Ambroza Hara\u010di\u0107a\" src=\"https:\/\/www.ss-aharacica-malilosinj.com.hr\/?p=6008&#038;embed=true#?secret=vSJEg9ZuQW#?secret=P2TAh1OJqp\" data-secret=\"P2TAh1OJqp\" width=\"600\" height=\"338\" frameborder=\"0\" marginwidth=\"0\" marginheight=\"0\" scrolling=\"no\"><\/iframe><\/p>\n<blockquote class=\"wp-embedded-content\" data-secret=\"B9lEJSgT47\"><p><a href=\"https:\/\/www.ss-aharacica-malilosinj.com.hr\/?p=3937\">Klokan bez granica<\/a><\/p><\/blockquote>\n<p><iframe loading=\"lazy\" class=\"wp-embedded-content\" sandbox=\"allow-scripts\" security=\"restricted\" style=\"position: absolute; visibility: hidden;\" title=\"&#8220;Klokan bez granica&#8221; &#8212; Srednja \u0161kola Ambroza Hara\u010di\u0107a\" src=\"https:\/\/www.ss-aharacica-malilosinj.com.hr\/?p=3937&#038;embed=true#?secret=ceshK4DugS#?secret=B9lEJSgT47\" data-secret=\"B9lEJSgT47\" width=\"600\" height=\"338\" frameborder=\"0\" marginwidth=\"0\" marginheight=\"0\" scrolling=\"no\"><\/iframe><\/p>\n<blockquote class=\"wp-embedded-content\" data-secret=\"KQ3wPxfsAI\"><p><a href=\"https:\/\/www.ss-aharacica-malilosinj.com.hr\/?p=2781\">Klokan bez granica<\/a><\/p><\/blockquote>\n<p><iframe loading=\"lazy\" class=\"wp-embedded-content\" sandbox=\"allow-scripts\" security=\"restricted\" style=\"position: absolute; visibility: hidden;\" title=\"&#8220;Klokan bez granica&#8221; &#8212; Srednja \u0161kola Ambroza Hara\u010di\u0107a\" src=\"https:\/\/www.ss-aharacica-malilosinj.com.hr\/?p=2781&#038;embed=true#?secret=3gVVNZeDmr#?secret=KQ3wPxfsAI\" data-secret=\"KQ3wPxfsAI\" width=\"600\" height=\"338\" frameborder=\"0\" marginwidth=\"0\" marginheight=\"0\" scrolling=\"no\"><\/iframe><\/p>\n<blockquote class=\"wp-embedded-content\" data-secret=\"ibi5n2NQVn\"><p><a href=\"https:\/\/www.ss-aharacica-malilosinj.com.hr\/?p=448\">Odr\u017eano me\u0111unarodno matemati\u010dko natjecanje &#8211; Klokan bez granica!<\/a><\/p><\/blockquote>\n<p><iframe loading=\"lazy\" class=\"wp-embedded-content\" sandbox=\"allow-scripts\" security=\"restricted\" style=\"position: absolute; visibility: hidden;\" title=\"&#8220;Odr\u017eano me\u0111unarodno matemati\u010dko natjecanje &#8211; Klokan bez granica!&#8221; &#8212; Srednja \u0161kola Ambroza Hara\u010di\u0107a\" src=\"https:\/\/www.ss-aharacica-malilosinj.com.hr\/?p=448&#038;embed=true#?secret=WVTduFk4h5#?secret=ibi5n2NQVn\" data-secret=\"ibi5n2NQVn\" width=\"600\" height=\"338\" frameborder=\"0\" marginwidth=\"0\" marginheight=\"0\" scrolling=\"no\"><\/iframe><\/p>\n","protected":false},"excerpt":{"rendered":"<p>Me\u0111unarodno natjecanje Klokan bez granica Me\u0111unarodno matemati\u010dko natjecanje &#8220;Klokan bez granica&#8221;-2015 Klokan bez granica Klokan bez granica Odr\u017eano me\u0111unarodno matemati\u010dko natjecanje &#8211; Klokan bez granica!<\/p>\n","protected":false},"author":11,"featured_media":0,"parent":2904,"menu_order":0,"comment_status":"closed","ping_status":"closed","template":"","meta":{"footnotes":""},"class_list":["post-10563","page","type-page","status-publish","hentry"],"_links":{"self":[{"href":"http:\/\/www.ss-aharacica-malilosinj.com.hr\/index.php?rest_route=\/wp\/v2\/pages\/10563","targetHints":{"allow":["GET"]}}],"collection":[{"href":"http:\/\/www.ss-aharacica-malilosinj.com.hr\/index.php?rest_route=\/wp\/v2\/pages"}],"about":[{"href":"http:\/\/www.ss-aharacica-malilosinj.com.hr\/index.php?rest_route=\/wp\/v2\/types\/page"}],"author":[{"embeddable":true,"href":"http:\/\/www.ss-aharacica-malilosinj.com.hr\/index.php?rest_route=\/wp\/v2\/users\/11"}],"replies":[{"embeddable":true,"href":"http:\/\/www.ss-aharacica-malilosinj.com.hr\/index.php?rest_route=%2Fwp%2Fv2%2Fcomments&post=10563"}],"version-history":[{"count":2,"href":"http:\/\/www.ss-aharacica-malilosinj.com.hr\/index.php?rest_route=\/wp\/v2\/pages\/10563\/revisions"}],"predecessor-version":[{"id":14414,"href":"http:\/\/www.ss-aharacica-malilosinj.com.hr\/index.php?rest_route=\/wp\/v2\/pages\/10563\/revisions\/14414"}],"up":[{"embeddable":true,"href":"http:\/\/www.ss-aharacica-malilosinj.com.hr\/index.php?rest_route=\/wp\/v2\/pages\/2904"}],"wp:attachment":[{"href":"http:\/\/www.ss-aharacica-malilosinj.com.hr\/index.php?rest_route=%2Fwp%2Fv2%2Fmedia&parent=10563"}],"curies":[{"name":"wp","href":"https:\/\/api.w.org\/{rel}","templated":true}]}}