{"id":10559,"date":"2017-10-31T09:56:26","date_gmt":"2017-10-31T09:56:26","guid":{"rendered":"http:\/\/www.ss-aharacica-malilosinj.com.hr\/?page_id=10559"},"modified":"2021-05-11T08:30:09","modified_gmt":"2021-05-11T08:30:09","slug":"sportska-natjecanja","status":"publish","type":"page","link":"http:\/\/www.ss-aharacica-malilosinj.com.hr\/?page_id=10559","title":{"rendered":"Sportska natjecanja"},"content":{"rendered":"<h2><strong>Odbojka:<\/strong><\/h2>\n<blockquote class=\"wp-embedded-content\" data-secret=\"WnsmD0Da82\"><p><a href=\"http:\/\/www.ss-aharacica-malilosinj.com.hr\/?p=12714\">Na\u0161e odbojka\u0161ice tre\u0107e u \u017eupaniji<\/a><\/p><\/blockquote>\n<p><iframe loading=\"lazy\" class=\"wp-embedded-content\" sandbox=\"allow-scripts\" security=\"restricted\" style=\"position: absolute; visibility: hidden;\" title=\"&#8220;Na\u0161e odbojka\u0161ice tre\u0107e u \u017eupaniji&#8221; &#8212; Srednja \u0161kola Ambroza Hara\u010di\u0107a\" src=\"http:\/\/www.ss-aharacica-malilosinj.com.hr\/?p=12714&#038;embed=true#?secret=BP17j0kh1O#?secret=WnsmD0Da82\" data-secret=\"WnsmD0Da82\" width=\"600\" height=\"338\" frameborder=\"0\" marginwidth=\"0\" marginheight=\"0\" scrolling=\"no\"><\/iframe><\/p>\n<blockquote class=\"wp-embedded-content\" data-secret=\"cqvi7cNI4R\"><p><a href=\"http:\/\/www.ss-aharacica-malilosinj.com.hr\/?p=11312\">Na\u0161e odbojka\u0161ice prvakinje \u017eupanije<\/a><\/p><\/blockquote>\n<p><iframe loading=\"lazy\" class=\"wp-embedded-content\" sandbox=\"allow-scripts\" security=\"restricted\" style=\"position: absolute; visibility: hidden;\" title=\"&#8220;Na\u0161e odbojka\u0161ice prvakinje \u017eupanije&#8221; &#8212; Srednja \u0161kola Ambroza Hara\u010di\u0107a\" src=\"http:\/\/www.ss-aharacica-malilosinj.com.hr\/?p=11312&#038;embed=true#?secret=FI84eedAwL#?secret=cqvi7cNI4R\" data-secret=\"cqvi7cNI4R\" width=\"600\" height=\"338\" frameborder=\"0\" marginwidth=\"0\" marginheight=\"0\" scrolling=\"no\"><\/iframe><\/p>\n<blockquote class=\"wp-embedded-content\" data-secret=\"2pPg42wA2m\"><p><a href=\"http:\/\/www.ss-aharacica-malilosinj.com.hr\/?p=9410\">Odbojka\u0161ice bron\u010dane<\/a><\/p><\/blockquote>\n<p><iframe loading=\"lazy\" class=\"wp-embedded-content\" sandbox=\"allow-scripts\" security=\"restricted\" style=\"position: absolute; visibility: hidden;\" title=\"&#8220;Odbojka\u0161ice bron\u010dane&#8221; &#8212; Srednja \u0161kola Ambroza Hara\u010di\u0107a\" src=\"http:\/\/www.ss-aharacica-malilosinj.com.hr\/?p=9410&#038;embed=true#?secret=MeG2QnUcfW#?secret=2pPg42wA2m\" data-secret=\"2pPg42wA2m\" width=\"600\" height=\"338\" frameborder=\"0\" marginwidth=\"0\" marginheight=\"0\" scrolling=\"no\"><\/iframe><\/p>\n<blockquote class=\"wp-embedded-content\" data-secret=\"bM1Ua89cmo\"><p><a href=\"http:\/\/www.ss-aharacica-malilosinj.com.hr\/?p=6179\">Odbojka\u0161ice tre\u0107e u \u017eupaniji<\/a><\/p><\/blockquote>\n<p><iframe loading=\"lazy\" class=\"wp-embedded-content\" sandbox=\"allow-scripts\" security=\"restricted\" style=\"position: absolute; visibility: hidden;\" title=\"&#8220;Odbojka\u0161ice tre\u0107e u \u017eupaniji&#8221; &#8212; Srednja \u0161kola Ambroza Hara\u010di\u0107a\" src=\"http:\/\/www.ss-aharacica-malilosinj.com.hr\/?p=6179&#038;embed=true#?secret=SUlSbfoMCX#?secret=bM1Ua89cmo\" data-secret=\"bM1Ua89cmo\" width=\"600\" height=\"338\" frameborder=\"0\" marginwidth=\"0\" marginheight=\"0\" scrolling=\"no\"><\/iframe><\/p>\n<blockquote class=\"wp-embedded-content\" data-secret=\"5ltFsHd2Ea\"><p><a href=\"http:\/\/www.ss-aharacica-malilosinj.com.hr\/?p=3921\">Uspjesi na\u0161ih odbojka\u0161ica i ko\u0161arka\u0161a<\/a><\/p><\/blockquote>\n<p><iframe loading=\"lazy\" class=\"wp-embedded-content\" sandbox=\"allow-scripts\" security=\"restricted\" style=\"position: absolute; visibility: hidden;\" title=\"&#8220;Uspjesi na\u0161ih odbojka\u0161ica i ko\u0161arka\u0161a&#8221; &#8212; Srednja \u0161kola Ambroza Hara\u010di\u0107a\" src=\"http:\/\/www.ss-aharacica-malilosinj.com.hr\/?p=3921&#038;embed=true#?secret=Oa1eYfWOem#?secret=5ltFsHd2Ea\" data-secret=\"5ltFsHd2Ea\" width=\"600\" height=\"338\" frameborder=\"0\" marginwidth=\"0\" marginheight=\"0\" scrolling=\"no\"><\/iframe><\/p>\n<h2>&nbsp;<\/h2>\n<h2><strong>Ko\u0161arka<\/strong>:<\/h2>\n<blockquote class=\"wp-embedded-content\" data-secret=\"pr487vm7vA\"><p><a href=\"http:\/\/www.ss-aharacica-malilosinj.com.hr\/?p=12863\">Ko\u0161arka\u0161i i odbojka\u0161ice tre\u0107i na \u017eupanijskoj razini<\/a><\/p><\/blockquote>\n<p><iframe loading=\"lazy\" class=\"wp-embedded-content\" sandbox=\"allow-scripts\" security=\"restricted\" style=\"position: absolute; visibility: hidden;\" title=\"&#8220;Ko\u0161arka\u0161i i odbojka\u0161ice tre\u0107i na \u017eupanijskoj razini&#8221; &#8212; Srednja \u0161kola Ambroza Hara\u010di\u0107a\" src=\"http:\/\/www.ss-aharacica-malilosinj.com.hr\/?p=12863&#038;embed=true#?secret=5kbynx41fk#?secret=pr487vm7vA\" data-secret=\"pr487vm7vA\" width=\"600\" height=\"338\" frameborder=\"0\" marginwidth=\"0\" marginheight=\"0\" scrolling=\"no\"><\/iframe><\/p>\n<blockquote class=\"wp-embedded-content\" data-secret=\"Rva3gUbf68\"><p><a href=\"http:\/\/www.ss-aharacica-malilosinj.com.hr\/?p=11287\">Ko\u0161arka\u0161i srebrni<\/a><\/p><\/blockquote>\n<p><iframe loading=\"lazy\" class=\"wp-embedded-content\" sandbox=\"allow-scripts\" security=\"restricted\" style=\"position: absolute; visibility: hidden;\" title=\"&#8220;Ko\u0161arka\u0161i srebrni&#8221; &#8212; Srednja \u0161kola Ambroza Hara\u010di\u0107a\" src=\"http:\/\/www.ss-aharacica-malilosinj.com.hr\/?p=11287&#038;embed=true#?secret=Hmb4A44Ewi#?secret=Rva3gUbf68\" data-secret=\"Rva3gUbf68\" width=\"600\" height=\"338\" frameborder=\"0\" marginwidth=\"0\" marginheight=\"0\" scrolling=\"no\"><\/iframe><\/p>\n<blockquote class=\"wp-embedded-content\" data-secret=\"FlHtSvSwGy\"><p><a href=\"http:\/\/www.ss-aharacica-malilosinj.com.hr\/?p=9414\">Bron\u010dani ko\u0161arka\u0161i<\/a><\/p><\/blockquote>\n<p><iframe loading=\"lazy\" class=\"wp-embedded-content\" sandbox=\"allow-scripts\" security=\"restricted\" style=\"position: absolute; visibility: hidden;\" title=\"&#8220;Bron\u010dani ko\u0161arka\u0161i&#8221; &#8212; Srednja \u0161kola Ambroza Hara\u010di\u0107a\" src=\"http:\/\/www.ss-aharacica-malilosinj.com.hr\/?p=9414&#038;embed=true#?secret=CfG9kdBGrw#?secret=FlHtSvSwGy\" data-secret=\"FlHtSvSwGy\" width=\"600\" height=\"338\" frameborder=\"0\" marginwidth=\"0\" marginheight=\"0\" scrolling=\"no\"><\/iframe><\/p>\n<blockquote class=\"wp-embedded-content\" data-secret=\"Jv8p2fwy6G\"><p><a href=\"http:\/\/www.ss-aharacica-malilosinj.com.hr\/?p=5910\">Ko\u0161arka\u0161i tre\u0107i<\/a><\/p><\/blockquote>\n<p><iframe loading=\"lazy\" class=\"wp-embedded-content\" sandbox=\"allow-scripts\" security=\"restricted\" style=\"position: absolute; visibility: hidden;\" title=\"&#8220;Ko\u0161arka\u0161i tre\u0107i&#8221; &#8212; Srednja \u0161kola Ambroza Hara\u010di\u0107a\" src=\"http:\/\/www.ss-aharacica-malilosinj.com.hr\/?p=5910&#038;embed=true#?secret=FkspY8dqf2#?secret=Jv8p2fwy6G\" data-secret=\"Jv8p2fwy6G\" width=\"600\" height=\"338\" frameborder=\"0\" marginwidth=\"0\" marginheight=\"0\" scrolling=\"no\"><\/iframe><\/p>\n<p>&nbsp;<\/p>\n","protected":false},"excerpt":{"rendered":"<p>Odbojka: Na\u0161e odbojka\u0161ice tre\u0107e u \u017eupaniji Na\u0161e odbojka\u0161ice prvakinje \u017eupanije Odbojka\u0161ice bron\u010dane Odbojka\u0161ice tre\u0107e u \u017eupaniji Uspjesi na\u0161ih odbojka\u0161ica i ko\u0161arka\u0161a &nbsp; Ko\u0161arka: Ko\u0161arka\u0161i i odbojka\u0161ice tre\u0107i na \u017eupanijskoj razini Ko\u0161arka\u0161i srebrni Bron\u010dani ko\u0161arka\u0161i Ko\u0161arka\u0161i tre\u0107i &nbsp;<\/p>\n","protected":false},"author":11,"featured_media":0,"parent":2904,"menu_order":0,"comment_status":"closed","ping_status":"closed","template":"","meta":{"footnotes":""},"class_list":["post-10559","page","type-page","status-publish","hentry"],"_links":{"self":[{"href":"http:\/\/www.ss-aharacica-malilosinj.com.hr\/index.php?rest_route=\/wp\/v2\/pages\/10559","targetHints":{"allow":["GET"]}}],"collection":[{"href":"http:\/\/www.ss-aharacica-malilosinj.com.hr\/index.php?rest_route=\/wp\/v2\/pages"}],"about":[{"href":"http:\/\/www.ss-aharacica-malilosinj.com.hr\/index.php?rest_route=\/wp\/v2\/types\/page"}],"author":[{"embeddable":true,"href":"http:\/\/www.ss-aharacica-malilosinj.com.hr\/index.php?rest_route=\/wp\/v2\/users\/11"}],"replies":[{"embeddable":true,"href":"http:\/\/www.ss-aharacica-malilosinj.com.hr\/index.php?rest_route=%2Fwp%2Fv2%2Fcomments&post=10559"}],"version-history":[{"count":6,"href":"http:\/\/www.ss-aharacica-malilosinj.com.hr\/index.php?rest_route=\/wp\/v2\/pages\/10559\/revisions"}],"predecessor-version":[{"id":15903,"href":"http:\/\/www.ss-aharacica-malilosinj.com.hr\/index.php?rest_route=\/wp\/v2\/pages\/10559\/revisions\/15903"}],"up":[{"embeddable":true,"href":"http:\/\/www.ss-aharacica-malilosinj.com.hr\/index.php?rest_route=\/wp\/v2\/pages\/2904"}],"wp:attachment":[{"href":"http:\/\/www.ss-aharacica-malilosinj.com.hr\/index.php?rest_route=%2Fwp%2Fv2%2Fmedia&parent=10559"}],"curies":[{"name":"wp","href":"https:\/\/api.w.org\/{rel}","templated":true}]}}