{"id":10553,"date":"2017-10-31T09:25:32","date_gmt":"2017-10-31T09:25:32","guid":{"rendered":"http:\/\/www.ss-aharacica-malilosinj.com.hr\/?page_id=10553"},"modified":"2017-10-31T09:25:32","modified_gmt":"2017-10-31T09:25:32","slug":"festival-aromaterapije","status":"publish","type":"page","link":"http:\/\/www.ss-aharacica-malilosinj.com.hr\/?page_id=10553","title":{"rendered":"Festival aromaterapije"},"content":{"rendered":"<blockquote class=\"wp-embedded-content\" data-secret=\"GWbWH7vfxW\"><p><a href=\"https:\/\/www.ss-aharacica-malilosinj.com.hr\/?p=3898\">Aromaterapija u na\u0161oj \u0161koli<\/a><\/p><\/blockquote>\n<p><iframe loading=\"lazy\" class=\"wp-embedded-content\" sandbox=\"allow-scripts\" security=\"restricted\" style=\"position: absolute; visibility: hidden;\" title=\"&#8220;Aromaterapija u na\u0161oj \u0161koli&#8221; &#8212; Srednja \u0161kola Ambroza Hara\u010di\u0107a\" src=\"https:\/\/www.ss-aharacica-malilosinj.com.hr\/?p=3898&#038;embed=true#?secret=TQT3IkkMh0#?secret=GWbWH7vfxW\" data-secret=\"GWbWH7vfxW\" width=\"600\" height=\"338\" frameborder=\"0\" marginwidth=\"0\" marginheight=\"0\" scrolling=\"no\"><\/iframe><\/p>\n","protected":false},"excerpt":{"rendered":"<p>Aromaterapija u na\u0161oj \u0161koli<\/p>\n","protected":false},"author":11,"featured_media":0,"parent":7091,"menu_order":0,"comment_status":"closed","ping_status":"closed","template":"","meta":{"footnotes":""},"class_list":["post-10553","page","type-page","status-publish","hentry"],"_links":{"self":[{"href":"http:\/\/www.ss-aharacica-malilosinj.com.hr\/index.php?rest_route=\/wp\/v2\/pages\/10553","targetHints":{"allow":["GET"]}}],"collection":[{"href":"http:\/\/www.ss-aharacica-malilosinj.com.hr\/index.php?rest_route=\/wp\/v2\/pages"}],"about":[{"href":"http:\/\/www.ss-aharacica-malilosinj.com.hr\/index.php?rest_route=\/wp\/v2\/types\/page"}],"author":[{"embeddable":true,"href":"http:\/\/www.ss-aharacica-malilosinj.com.hr\/index.php?rest_route=\/wp\/v2\/users\/11"}],"replies":[{"embeddable":true,"href":"http:\/\/www.ss-aharacica-malilosinj.com.hr\/index.php?rest_route=%2Fwp%2Fv2%2Fcomments&post=10553"}],"version-history":[{"count":1,"href":"http:\/\/www.ss-aharacica-malilosinj.com.hr\/index.php?rest_route=\/wp\/v2\/pages\/10553\/revisions"}],"predecessor-version":[{"id":10554,"href":"http:\/\/www.ss-aharacica-malilosinj.com.hr\/index.php?rest_route=\/wp\/v2\/pages\/10553\/revisions\/10554"}],"up":[{"embeddable":true,"href":"http:\/\/www.ss-aharacica-malilosinj.com.hr\/index.php?rest_route=\/wp\/v2\/pages\/7091"}],"wp:attachment":[{"href":"http:\/\/www.ss-aharacica-malilosinj.com.hr\/index.php?rest_route=%2Fwp%2Fv2%2Fmedia&parent=10553"}],"curies":[{"name":"wp","href":"https:\/\/api.w.org\/{rel}","templated":true}]}}