{"id":10546,"date":"2017-10-31T09:06:39","date_gmt":"2017-10-31T09:06:39","guid":{"rendered":"http:\/\/www.ss-aharacica-malilosinj.com.hr\/?page_id=10546"},"modified":"2017-10-31T11:20:39","modified_gmt":"2017-10-31T11:20:39","slug":"strucni-izleti","status":"publish","type":"page","link":"http:\/\/www.ss-aharacica-malilosinj.com.hr\/?page_id=10546","title":{"rendered":"STRU\u010cNI IZLETI"},"content":{"rendered":"<h2><strong>Fizika:<\/strong><\/h2>\n<blockquote class=\"wp-embedded-content\" data-secret=\"LKMZs7NR0W\"><p><a href=\"https:\/\/www.ss-aharacica-malilosinj.com.hr\/?p=10494\">Stru\u010dni izlet iz fizike<\/a><\/p><\/blockquote>\n<p><iframe loading=\"lazy\" class=\"wp-embedded-content\" sandbox=\"allow-scripts\" security=\"restricted\" style=\"position: absolute; visibility: hidden;\" title=\"&#8220;Stru\u010dni izlet iz fizike&#8221; &#8212; Srednja \u0161kola Ambroza Hara\u010di\u0107a\" src=\"https:\/\/www.ss-aharacica-malilosinj.com.hr\/?p=10494&#038;embed=true#?secret=8JMR2aEnLJ#?secret=LKMZs7NR0W\" data-secret=\"LKMZs7NR0W\" width=\"600\" height=\"338\" frameborder=\"0\" marginwidth=\"0\" marginheight=\"0\" scrolling=\"no\"><\/iframe><\/p>\n<blockquote class=\"wp-embedded-content\" data-secret=\"hVUIyKk6hF\"><p><a href=\"https:\/\/www.ss-aharacica-malilosinj.com.hr\/?p=8613\">STRU\u010cNI IZLET IZ FIZIKE<\/a><\/p><\/blockquote>\n<p><iframe loading=\"lazy\" class=\"wp-embedded-content\" sandbox=\"allow-scripts\" security=\"restricted\" style=\"position: absolute; visibility: hidden;\" title=\"&#8220;STRU\u010cNI IZLET IZ FIZIKE&#8221; &#8212; Srednja \u0161kola Ambroza Hara\u010di\u0107a\" src=\"https:\/\/www.ss-aharacica-malilosinj.com.hr\/?p=8613&#038;embed=true#?secret=xaGYpngIZe#?secret=hVUIyKk6hF\" data-secret=\"hVUIyKk6hF\" width=\"600\" height=\"338\" frameborder=\"0\" marginwidth=\"0\" marginheight=\"0\" scrolling=\"no\"><\/iframe><\/p>\n<blockquote class=\"wp-embedded-content\" data-secret=\"ec3EoseCww\"><p><a href=\"https:\/\/www.ss-aharacica-malilosinj.com.hr\/?p=6942\">Stru\u010dni izlet iz fizike<\/a><\/p><\/blockquote>\n<p><iframe loading=\"lazy\" class=\"wp-embedded-content\" sandbox=\"allow-scripts\" security=\"restricted\" style=\"position: absolute; visibility: hidden;\" title=\"&#8220;Stru\u010dni izlet iz fizike&#8221; &#8212; Srednja \u0161kola Ambroza Hara\u010di\u0107a\" src=\"https:\/\/www.ss-aharacica-malilosinj.com.hr\/?p=6942&#038;embed=true#?secret=V1wGDpxw8x#?secret=ec3EoseCww\" data-secret=\"ec3EoseCww\" width=\"600\" height=\"338\" frameborder=\"0\" marginwidth=\"0\" marginheight=\"0\" scrolling=\"no\"><\/iframe><\/p>\n<blockquote class=\"wp-embedded-content\" data-secret=\"6NLqLcTSem\"><p><a href=\"https:\/\/www.ss-aharacica-malilosinj.com.hr\/?p=4832\">Stru\u010dna ekskurzija iz fizike<\/a><\/p><\/blockquote>\n<p><iframe loading=\"lazy\" class=\"wp-embedded-content\" sandbox=\"allow-scripts\" security=\"restricted\" style=\"position: absolute; visibility: hidden;\" title=\"&#8220;Stru\u010dna ekskurzija iz fizike&#8221; &#8212; Srednja \u0161kola Ambroza Hara\u010di\u0107a\" src=\"https:\/\/www.ss-aharacica-malilosinj.com.hr\/?p=4832&#038;embed=true#?secret=5JuXqNTQ2v#?secret=6NLqLcTSem\" data-secret=\"6NLqLcTSem\" width=\"600\" height=\"338\" frameborder=\"0\" marginwidth=\"0\" marginheight=\"0\" scrolling=\"no\"><\/iframe><\/p>\n<blockquote class=\"wp-embedded-content\" data-secret=\"yak1YX7kPq\"><p><a href=\"https:\/\/www.ss-aharacica-malilosinj.com.hr\/?p=3445\">Stru\u010dna ekskurzija iz fizike<\/a><\/p><\/blockquote>\n<p><iframe loading=\"lazy\" class=\"wp-embedded-content\" sandbox=\"allow-scripts\" security=\"restricted\" style=\"position: absolute; visibility: hidden;\" title=\"&#8220;Stru\u010dna ekskurzija iz fizike&#8221; &#8212; Srednja \u0161kola Ambroza Hara\u010di\u0107a\" src=\"https:\/\/www.ss-aharacica-malilosinj.com.hr\/?p=3445&#038;embed=true#?secret=OAAXN2YYSy#?secret=yak1YX7kPq\" data-secret=\"yak1YX7kPq\" width=\"600\" height=\"338\" frameborder=\"0\" marginwidth=\"0\" marginheight=\"0\" scrolling=\"no\"><\/iframe><\/p>\n<blockquote class=\"wp-embedded-content\" data-secret=\"65R3mwCAcN\"><p><a href=\"https:\/\/www.ss-aharacica-malilosinj.com.hr\/?p=2223\">Stru\u010dna ekskurzija u Ljubljanu<\/a><\/p><\/blockquote>\n<p><iframe loading=\"lazy\" class=\"wp-embedded-content\" sandbox=\"allow-scripts\" security=\"restricted\" style=\"position: absolute; visibility: hidden;\" title=\"&#8220;Stru\u010dna ekskurzija u Ljubljanu&#8221; &#8212; Srednja \u0161kola Ambroza Hara\u010di\u0107a\" src=\"https:\/\/www.ss-aharacica-malilosinj.com.hr\/?p=2223&#038;embed=true#?secret=LdvI3kFuhz#?secret=65R3mwCAcN\" data-secret=\"65R3mwCAcN\" width=\"600\" height=\"338\" frameborder=\"0\" marginwidth=\"0\" marginheight=\"0\" scrolling=\"no\"><\/iframe><\/p>\n<p>&nbsp;<\/p>\n<h2><strong>Biologija\/kemija:<\/strong><\/h2>\n<blockquote class=\"wp-embedded-content\" data-secret=\"Kg2CaDc8Dw\"><p><a href=\"https:\/\/www.ss-aharacica-malilosinj.com.hr\/?p=9461\">Na\u0161i u\u010denici na Danu kemije<\/a><\/p><\/blockquote>\n<p><iframe loading=\"lazy\" class=\"wp-embedded-content\" sandbox=\"allow-scripts\" security=\"restricted\" style=\"position: absolute; visibility: hidden;\" title=\"&#8220;Na\u0161i u\u010denici na Danu kemije&#8221; &#8212; Srednja \u0161kola Ambroza Hara\u010di\u0107a\" src=\"https:\/\/www.ss-aharacica-malilosinj.com.hr\/?p=9461&#038;embed=true#?secret=BO3elZF4C4#?secret=Kg2CaDc8Dw\" data-secret=\"Kg2CaDc8Dw\" width=\"600\" height=\"338\" frameborder=\"0\" marginwidth=\"0\" marginheight=\"0\" scrolling=\"no\"><\/iframe><\/p>\n<blockquote class=\"wp-embedded-content\" data-secret=\"3OrNGEkYJH\"><p><a href=\"https:\/\/www.ss-aharacica-malilosinj.com.hr\/?p=7926\">No\u0107 biologije<\/a><\/p><\/blockquote>\n<p><iframe loading=\"lazy\" class=\"wp-embedded-content\" sandbox=\"allow-scripts\" security=\"restricted\" style=\"position: absolute; visibility: hidden;\" title=\"&#8220;No\u0107 biologije&#8221; &#8212; Srednja \u0161kola Ambroza Hara\u010di\u0107a\" src=\"https:\/\/www.ss-aharacica-malilosinj.com.hr\/?p=7926&#038;embed=true#?secret=sdCHT4KdQL#?secret=3OrNGEkYJH\" data-secret=\"3OrNGEkYJH\" width=\"600\" height=\"338\" frameborder=\"0\" marginwidth=\"0\" marginheight=\"0\" scrolling=\"no\"><\/iframe><\/p>\n<blockquote class=\"wp-embedded-content\" data-secret=\"2WIOzqk40E\"><p><a href=\"https:\/\/www.ss-aharacica-malilosinj.com.hr\/?p=6251\">Stru\u010dna ekskurzija iz kemije<\/a><\/p><\/blockquote>\n<p><iframe loading=\"lazy\" class=\"wp-embedded-content\" sandbox=\"allow-scripts\" security=\"restricted\" style=\"position: absolute; visibility: hidden;\" title=\"&#8220;Stru\u010dna ekskurzija iz kemije&#8221; &#8212; Srednja \u0161kola Ambroza Hara\u010di\u0107a\" src=\"https:\/\/www.ss-aharacica-malilosinj.com.hr\/?p=6251&#038;embed=true#?secret=Gly6TEwEGa#?secret=2WIOzqk40E\" data-secret=\"2WIOzqk40E\" width=\"600\" height=\"338\" frameborder=\"0\" marginwidth=\"0\" marginheight=\"0\" scrolling=\"no\"><\/iframe><\/p>\n<p>&nbsp;<\/p>\n<h2><strong>Psihologija:<\/strong><\/h2>\n<blockquote class=\"wp-embedded-content\" data-secret=\"LwZxfoyMnk\"><p><a href=\"https:\/\/www.ss-aharacica-malilosinj.com.hr\/?p=7661\">Posjet Rijeci psihologije<\/a><\/p><\/blockquote>\n<p><iframe loading=\"lazy\" class=\"wp-embedded-content\" sandbox=\"allow-scripts\" security=\"restricted\" style=\"position: absolute; visibility: hidden;\" title=\"&#8220;Posjet Rijeci psihologije&#8221; &#8212; Srednja \u0161kola Ambroza Hara\u010di\u0107a\" src=\"https:\/\/www.ss-aharacica-malilosinj.com.hr\/?p=7661&#038;embed=true#?secret=PtVUtfFd3s#?secret=LwZxfoyMnk\" data-secret=\"LwZxfoyMnk\" width=\"600\" height=\"338\" frameborder=\"0\" marginwidth=\"0\" marginheight=\"0\" scrolling=\"no\"><\/iframe><\/p>\n<blockquote class=\"wp-embedded-content\" data-secret=\"r2xxIXhYwM\"><p><a href=\"https:\/\/www.ss-aharacica-malilosinj.com.hr\/?p=3842\">Posjet manifestaciji Rijeka psihologije<\/a><\/p><\/blockquote>\n<p><iframe loading=\"lazy\" class=\"wp-embedded-content\" sandbox=\"allow-scripts\" security=\"restricted\" style=\"position: absolute; visibility: hidden;\" title=\"&#8220;Posjet manifestaciji Rijeka psihologije&#8221; &#8212; Srednja \u0161kola Ambroza Hara\u010di\u0107a\" src=\"https:\/\/www.ss-aharacica-malilosinj.com.hr\/?p=3842&#038;embed=true#?secret=6jiFS4yLiQ#?secret=r2xxIXhYwM\" data-secret=\"r2xxIXhYwM\" width=\"600\" height=\"338\" frameborder=\"0\" marginwidth=\"0\" marginheight=\"0\" scrolling=\"no\"><\/iframe><\/p>\n<p>&nbsp;<\/p>\n<h2><strong>Povijest:<\/strong><\/h2>\n<blockquote class=\"wp-embedded-content\" data-secret=\"gbTX1LmP6E\"><p><a href=\"https:\/\/www.ss-aharacica-malilosinj.com.hr\/?p=8865\">Izlet u Krapinu i Vara\u017edin<\/a><\/p><\/blockquote>\n<p><iframe loading=\"lazy\" class=\"wp-embedded-content\" sandbox=\"allow-scripts\" security=\"restricted\" style=\"position: absolute; visibility: hidden;\" title=\"&#8220;Izlet u Krapinu i Vara\u017edin&#8221; &#8212; Srednja \u0161kola Ambroza Hara\u010di\u0107a\" src=\"https:\/\/www.ss-aharacica-malilosinj.com.hr\/?p=8865&#038;embed=true#?secret=E9gVwlf0zH#?secret=gbTX1LmP6E\" data-secret=\"gbTX1LmP6E\" width=\"600\" height=\"338\" frameborder=\"0\" marginwidth=\"0\" marginheight=\"0\" scrolling=\"no\"><\/iframe><\/p>\n<blockquote class=\"wp-embedded-content\" data-secret=\"giFmKMZF3q\"><p><a href=\"https:\/\/www.ss-aharacica-malilosinj.com.hr\/?p=7234\">Izlet u Krapinu<\/a><\/p><\/blockquote>\n<p><iframe loading=\"lazy\" class=\"wp-embedded-content\" sandbox=\"allow-scripts\" security=\"restricted\" style=\"position: absolute; visibility: hidden;\" title=\"&#8220;Izlet u Krapinu&#8221; &#8212; Srednja \u0161kola Ambroza Hara\u010di\u0107a\" src=\"https:\/\/www.ss-aharacica-malilosinj.com.hr\/?p=7234&#038;embed=true#?secret=t6ONfGDQ9p#?secret=giFmKMZF3q\" data-secret=\"giFmKMZF3q\" width=\"600\" height=\"338\" frameborder=\"0\" marginwidth=\"0\" marginheight=\"0\" scrolling=\"no\"><\/iframe><\/p>\n<blockquote class=\"wp-embedded-content\" data-secret=\"dbQYpJsdpp\"><p><a href=\"https:\/\/www.ss-aharacica-malilosinj.com.hr\/?p=3953\">Stru\u010dni izlet u Krapinu<\/a><\/p><\/blockquote>\n<p><iframe loading=\"lazy\" class=\"wp-embedded-content\" sandbox=\"allow-scripts\" security=\"restricted\" style=\"position: absolute; visibility: hidden;\" title=\"&#8220;Stru\u010dni izlet u Krapinu&#8221; &#8212; Srednja \u0161kola Ambroza Hara\u010di\u0107a\" src=\"https:\/\/www.ss-aharacica-malilosinj.com.hr\/?p=3953&#038;embed=true#?secret=9yYfK9xN14#?secret=dbQYpJsdpp\" data-secret=\"dbQYpJsdpp\" width=\"600\" height=\"338\" frameborder=\"0\" marginwidth=\"0\" marginheight=\"0\" scrolling=\"no\"><\/iframe><\/p>\n<p>&nbsp;<\/p>\n","protected":false},"excerpt":{"rendered":"<p>Fizika: Stru\u010dni izlet iz fizike STRU\u010cNI IZLET IZ FIZIKE Stru\u010dni izlet iz fizike Stru\u010dna ekskurzija iz fizike Stru\u010dna ekskurzija iz fizike Stru\u010dna ekskurzija u Ljubljanu &nbsp; Biologija\/kemija: Na\u0161i u\u010denici na Danu kemije No\u0107 biologije Stru\u010dna ekskurzija iz kemije &nbsp; Psihologija: Posjet Rijeci psihologije Posjet manifestaciji Rijeka psihologije &nbsp; Povijest: Izlet u Krapinu i Vara\u017edin Izlet [&hellip;]<\/p>\n","protected":false},"author":11,"featured_media":0,"parent":1000,"menu_order":0,"comment_status":"closed","ping_status":"closed","template":"","meta":{"footnotes":""},"class_list":["post-10546","page","type-page","status-publish","hentry"],"_links":{"self":[{"href":"http:\/\/www.ss-aharacica-malilosinj.com.hr\/index.php?rest_route=\/wp\/v2\/pages\/10546","targetHints":{"allow":["GET"]}}],"collection":[{"href":"http:\/\/www.ss-aharacica-malilosinj.com.hr\/index.php?rest_route=\/wp\/v2\/pages"}],"about":[{"href":"http:\/\/www.ss-aharacica-malilosinj.com.hr\/index.php?rest_route=\/wp\/v2\/types\/page"}],"author":[{"embeddable":true,"href":"http:\/\/www.ss-aharacica-malilosinj.com.hr\/index.php?rest_route=\/wp\/v2\/users\/11"}],"replies":[{"embeddable":true,"href":"http:\/\/www.ss-aharacica-malilosinj.com.hr\/index.php?rest_route=%2Fwp%2Fv2%2Fcomments&post=10546"}],"version-history":[{"count":3,"href":"http:\/\/www.ss-aharacica-malilosinj.com.hr\/index.php?rest_route=\/wp\/v2\/pages\/10546\/revisions"}],"predecessor-version":[{"id":10591,"href":"http:\/\/www.ss-aharacica-malilosinj.com.hr\/index.php?rest_route=\/wp\/v2\/pages\/10546\/revisions\/10591"}],"up":[{"embeddable":true,"href":"http:\/\/www.ss-aharacica-malilosinj.com.hr\/index.php?rest_route=\/wp\/v2\/pages\/1000"}],"wp:attachment":[{"href":"http:\/\/www.ss-aharacica-malilosinj.com.hr\/index.php?rest_route=%2Fwp%2Fv2%2Fmedia&parent=10546"}],"curies":[{"name":"wp","href":"https:\/\/api.w.org\/{rel}","templated":true}]}}