{"id":10519,"date":"2017-10-25T09:12:30","date_gmt":"2017-10-25T09:12:30","guid":{"rendered":"http:\/\/www.ss-aharacica-malilosinj.com.hr\/?page_id=10519"},"modified":"2021-05-11T09:06:06","modified_gmt":"2021-05-11T09:06:06","slug":"plovidbena-praksa-kraljica-mora","status":"publish","type":"page","link":"http:\/\/www.ss-aharacica-malilosinj.com.hr\/?page_id=10519","title":{"rendered":"PLOVIDBENA PRAKSA &#8220;KRALJICA MORA&#8221;"},"content":{"rendered":"<blockquote class=\"wp-embedded-content\" data-secret=\"kEDCV76AHm\"><p><a href=\"https:\/\/www.ss-aharacica-malilosinj.com.hr\/?p=1068\">\u0160kolski brod \u201eKraljica mora\u201c boravio u Lo\u0161inju<\/a><\/p><\/blockquote>\n<p><iframe loading=\"lazy\" class=\"wp-embedded-content\" sandbox=\"allow-scripts\" security=\"restricted\" style=\"position: absolute; visibility: hidden;\" title=\"&#8220;\u0160kolski brod \u201eKraljica mora\u201c boravio u Lo\u0161inju&#8221; &#8212; Srednja \u0161kola Ambroza Hara\u010di\u0107a\" src=\"https:\/\/www.ss-aharacica-malilosinj.com.hr\/?p=1068&#038;embed=true#?secret=c9Glt93sUk#?secret=kEDCV76AHm\" data-secret=\"kEDCV76AHm\" width=\"600\" height=\"338\" frameborder=\"0\" marginwidth=\"0\" marginheight=\"0\" scrolling=\"no\"><\/iframe><\/p>\n<blockquote class=\"wp-embedded-content\" data-secret=\"FztkLy9jzZ\"><p><a href=\"https:\/\/www.ss-aharacica-malilosinj.com.hr\/?p=2291\">Maturanti pomorskih zanimanja zapo\u010deli praksu na &#8220;Kraljici mora&#8221;<\/a><\/p><\/blockquote>\n<p><iframe loading=\"lazy\" class=\"wp-embedded-content\" sandbox=\"allow-scripts\" security=\"restricted\" style=\"position: absolute; visibility: hidden;\" title=\"&#8220;Maturanti pomorskih zanimanja zapo\u010deli praksu na &#8220;Kraljici mora&#8221;&#8221; &#8212; Srednja \u0161kola Ambroza Hara\u010di\u0107a\" src=\"https:\/\/www.ss-aharacica-malilosinj.com.hr\/?p=2291&#038;embed=true#?secret=aeYopykz9l#?secret=FztkLy9jzZ\" data-secret=\"FztkLy9jzZ\" width=\"600\" height=\"338\" frameborder=\"0\" marginwidth=\"0\" marginheight=\"0\" scrolling=\"no\"><\/iframe><\/p>\n<blockquote class=\"wp-embedded-content\" data-secret=\"E7cuStiGFg\"><p><a href=\"https:\/\/www.ss-aharacica-malilosinj.com.hr\/?p=2461\">Kraljice mora&#8230;. vidimo se dogodine!<\/a><\/p><\/blockquote>\n<p><iframe loading=\"lazy\" class=\"wp-embedded-content\" sandbox=\"allow-scripts\" security=\"restricted\" style=\"position: absolute; visibility: hidden;\" title=\"&#8220;Kraljice mora&#8230;. vidimo se dogodine!&#8221; &#8212; Srednja \u0161kola Ambroza Hara\u010di\u0107a\" src=\"https:\/\/www.ss-aharacica-malilosinj.com.hr\/?p=2461&#038;embed=true#?secret=URflqGfFHk#?secret=E7cuStiGFg\" data-secret=\"E7cuStiGFg\" width=\"600\" height=\"338\" frameborder=\"0\" marginwidth=\"0\" marginheight=\"0\" scrolling=\"no\"><\/iframe><\/p>\n<blockquote class=\"wp-embedded-content\" data-secret=\"2WBilJcmFk\"><p><a href=\"https:\/\/www.ss-aharacica-malilosinj.com.hr\/?p=3276\">Maturanti isplovili s Kraljicom mora<\/a><\/p><\/blockquote>\n<p><iframe loading=\"lazy\" class=\"wp-embedded-content\" sandbox=\"allow-scripts\" security=\"restricted\" style=\"position: absolute; visibility: hidden;\" title=\"&#8220;Maturanti isplovili s Kraljicom mora&#8221; &#8212; Srednja \u0161kola Ambroza Hara\u010di\u0107a\" src=\"https:\/\/www.ss-aharacica-malilosinj.com.hr\/?p=3276&#038;embed=true#?secret=VGbkHe0GXR#?secret=2WBilJcmFk\" data-secret=\"2WBilJcmFk\" width=\"600\" height=\"338\" frameborder=\"0\" marginwidth=\"0\" marginheight=\"0\" scrolling=\"no\"><\/iframe><\/p>\n<blockquote class=\"wp-embedded-content\" data-secret=\"L7xX3hwq0x\"><p><a href=\"https:\/\/www.ss-aharacica-malilosinj.com.hr\/?p=3317\">4.NB dovr\u0161io svoj prvi plovidbeni pothvat<\/a><\/p><\/blockquote>\n<p><iframe loading=\"lazy\" class=\"wp-embedded-content\" sandbox=\"allow-scripts\" security=\"restricted\" style=\"position: absolute; visibility: hidden;\" title=\"&#8220;4.NB dovr\u0161io svoj prvi plovidbeni pothvat&#8221; &#8212; Srednja \u0161kola Ambroza Hara\u010di\u0107a\" src=\"https:\/\/www.ss-aharacica-malilosinj.com.hr\/?p=3317&#038;embed=true#?secret=PNViBbQ2u1#?secret=L7xX3hwq0x\" data-secret=\"L7xX3hwq0x\" width=\"600\" height=\"338\" frameborder=\"0\" marginwidth=\"0\" marginheight=\"0\" scrolling=\"no\"><\/iframe><\/p>\n<blockquote class=\"wp-embedded-content\" data-secret=\"G9CHLowuJv\"><p><a href=\"https:\/\/www.ss-aharacica-malilosinj.com.hr\/?p=3324\">Kvarnerska avantura 4.NB razreda<\/a><\/p><\/blockquote>\n<p><iframe loading=\"lazy\" class=\"wp-embedded-content\" sandbox=\"allow-scripts\" security=\"restricted\" style=\"position: absolute; visibility: hidden;\" title=\"&#8220;Kvarnerska avantura 4.NB razreda&#8221; &#8212; Srednja \u0161kola Ambroza Hara\u010di\u0107a\" src=\"https:\/\/www.ss-aharacica-malilosinj.com.hr\/?p=3324&#038;embed=true#?secret=LbeW5lE1i4#?secret=G9CHLowuJv\" data-secret=\"G9CHLowuJv\" width=\"600\" height=\"338\" frameborder=\"0\" marginwidth=\"0\" marginheight=\"0\" scrolling=\"no\"><\/iframe><\/p>\n<blockquote class=\"wp-embedded-content\" data-secret=\"uUuOggqRDH\"><p><a href=\"https:\/\/www.ss-aharacica-malilosinj.com.hr\/?p=6826\">Plovidba Kraljicom mora<\/a><\/p><\/blockquote>\n<p><iframe loading=\"lazy\" class=\"wp-embedded-content\" sandbox=\"allow-scripts\" security=\"restricted\" style=\"position: absolute; visibility: hidden;\" title=\"&#8220;Plovidba Kraljicom mora&#8221; &#8212; Srednja \u0161kola Ambroza Hara\u010di\u0107a\" src=\"https:\/\/www.ss-aharacica-malilosinj.com.hr\/?p=6826&#038;embed=true#?secret=OPqR99jZpm#?secret=uUuOggqRDH\" data-secret=\"uUuOggqRDH\" width=\"600\" height=\"338\" frameborder=\"0\" marginwidth=\"0\" marginheight=\"0\" scrolling=\"no\"><\/iframe><\/p>\n<blockquote class=\"wp-embedded-content\" data-secret=\"gm1mXj5sCc\"><p><a href=\"https:\/\/www.ss-aharacica-malilosinj.com.hr\/?p=8834\">Plovidba Kraljicom mora<\/a><\/p><\/blockquote>\n<p><iframe loading=\"lazy\" class=\"wp-embedded-content\" sandbox=\"allow-scripts\" security=\"restricted\" style=\"position: absolute; visibility: hidden;\" title=\"&#8220;Plovidba Kraljicom mora&#8221; &#8212; Srednja \u0161kola Ambroza Hara\u010di\u0107a\" src=\"https:\/\/www.ss-aharacica-malilosinj.com.hr\/?p=8834&#038;embed=true#?secret=VzRWKfVSOj#?secret=gm1mXj5sCc\" data-secret=\"gm1mXj5sCc\" width=\"600\" height=\"338\" frameborder=\"0\" marginwidth=\"0\" marginheight=\"0\" scrolling=\"no\"><\/iframe><\/p>\n<blockquote class=\"wp-embedded-content\" data-secret=\"Aife2m12hO\"><p><a href=\"https:\/\/www.ss-aharacica-malilosinj.com.hr\/?p=10251\">Plovidba Kraljicom mora<\/a><\/p><\/blockquote>\n<p><iframe loading=\"lazy\" class=\"wp-embedded-content\" sandbox=\"allow-scripts\" security=\"restricted\" style=\"position: absolute; visibility: hidden;\" title=\"&#8220;Plovidba Kraljicom mora&#8221; &#8212; Srednja \u0161kola Ambroza Hara\u010di\u0107a\" src=\"https:\/\/www.ss-aharacica-malilosinj.com.hr\/?p=10251&#038;embed=true#?secret=JBSGa3Lski#?secret=Aife2m12hO\" data-secret=\"Aife2m12hO\" width=\"600\" height=\"338\" frameborder=\"0\" marginwidth=\"0\" marginheight=\"0\" scrolling=\"no\"><\/iframe><\/p>\n<blockquote class=\"wp-embedded-content\" data-secret=\"AfabouGwIc\"><p><a href=\"https:\/\/www.ss-aharacica-malilosinj.com.hr\/?p=12215\">Plovidba Kraljicom mora<\/a><\/p><\/blockquote>\n<p><iframe loading=\"lazy\" class=\"wp-embedded-content\" sandbox=\"allow-scripts\" security=\"restricted\" style=\"position: absolute; visibility: hidden;\" title=\"&#8220;Plovidba Kraljicom mora&#8221; &#8212; Srednja \u0161kola Ambroza Hara\u010di\u0107a\" src=\"https:\/\/www.ss-aharacica-malilosinj.com.hr\/?p=12215&#038;embed=true#?secret=QAiG4YmX9L#?secret=AfabouGwIc\" data-secret=\"AfabouGwIc\" width=\"600\" height=\"338\" frameborder=\"0\" marginwidth=\"0\" marginheight=\"0\" scrolling=\"no\"><\/iframe><\/p>\n<blockquote class=\"wp-embedded-content\" data-secret=\"jstLN5l4Kl\"><p><a href=\"https:\/\/www.ss-aharacica-malilosinj.com.hr\/?p=13498\">Plovidba Kraljicom mora<\/a><\/p><\/blockquote>\n<p><iframe loading=\"lazy\" class=\"wp-embedded-content\" sandbox=\"allow-scripts\" security=\"restricted\" style=\"position: absolute; visibility: hidden;\" title=\"&#8220;Plovidba Kraljicom mora&#8221; &#8212; Srednja \u0161kola Ambroza Hara\u010di\u0107a\" src=\"https:\/\/www.ss-aharacica-malilosinj.com.hr\/?p=13498&#038;embed=true#?secret=dduBIOBKEW#?secret=jstLN5l4Kl\" data-secret=\"jstLN5l4Kl\" width=\"600\" height=\"338\" frameborder=\"0\" marginwidth=\"0\" marginheight=\"0\" scrolling=\"no\"><\/iframe><\/p>\n","protected":false},"excerpt":{"rendered":"<p>\u0160kolski brod \u201eKraljica mora\u201c boravio u Lo\u0161inju Maturanti pomorskih zanimanja zapo\u010deli praksu na &#8220;Kraljici mora&#8221; Kraljice mora&#8230;. vidimo se dogodine! Maturanti isplovili s Kraljicom mora 4.NB dovr\u0161io svoj prvi plovidbeni pothvat Kvarnerska avantura 4.NB razreda Plovidba Kraljicom mora Plovidba Kraljicom mora Plovidba Kraljicom mora Plovidba Kraljicom mora Plovidba Kraljicom mora<\/p>\n","protected":false},"author":11,"featured_media":0,"parent":10517,"menu_order":0,"comment_status":"closed","ping_status":"closed","template":"","meta":{"footnotes":""},"class_list":["post-10519","page","type-page","status-publish","hentry"],"_links":{"self":[{"href":"http:\/\/www.ss-aharacica-malilosinj.com.hr\/index.php?rest_route=\/wp\/v2\/pages\/10519","targetHints":{"allow":["GET"]}}],"collection":[{"href":"http:\/\/www.ss-aharacica-malilosinj.com.hr\/index.php?rest_route=\/wp\/v2\/pages"}],"about":[{"href":"http:\/\/www.ss-aharacica-malilosinj.com.hr\/index.php?rest_route=\/wp\/v2\/types\/page"}],"author":[{"embeddable":true,"href":"http:\/\/www.ss-aharacica-malilosinj.com.hr\/index.php?rest_route=\/wp\/v2\/users\/11"}],"replies":[{"embeddable":true,"href":"http:\/\/www.ss-aharacica-malilosinj.com.hr\/index.php?rest_route=%2Fwp%2Fv2%2Fcomments&post=10519"}],"version-history":[{"count":3,"href":"http:\/\/www.ss-aharacica-malilosinj.com.hr\/index.php?rest_route=\/wp\/v2\/pages\/10519\/revisions"}],"predecessor-version":[{"id":15916,"href":"http:\/\/www.ss-aharacica-malilosinj.com.hr\/index.php?rest_route=\/wp\/v2\/pages\/10519\/revisions\/15916"}],"up":[{"embeddable":true,"href":"http:\/\/www.ss-aharacica-malilosinj.com.hr\/index.php?rest_route=\/wp\/v2\/pages\/10517"}],"wp:attachment":[{"href":"http:\/\/www.ss-aharacica-malilosinj.com.hr\/index.php?rest_route=%2Fwp%2Fv2%2Fmedia&parent=10519"}],"curies":[{"name":"wp","href":"https:\/\/api.w.org\/{rel}","templated":true}]}}