{"id":10517,"date":"2017-10-25T09:04:21","date_gmt":"2017-10-25T09:04:21","guid":{"rendered":"http:\/\/www.ss-aharacica-malilosinj.com.hr\/?page_id=10517"},"modified":"2017-10-31T10:54:46","modified_gmt":"2017-10-31T10:54:46","slug":"terenska-nastava","status":"publish","type":"page","link":"http:\/\/www.ss-aharacica-malilosinj.com.hr\/?page_id=10517","title":{"rendered":"TERENSKA NASTAVA"},"content":{"rendered":"<blockquote class=\"wp-embedded-content\" data-secret=\"kS0Ielxnu7\"><p><a href=\"https:\/\/www.ss-aharacica-malilosinj.com.hr\/?page_id=10521\">KULTURNO-POVIJESNA BA\u0160TINA<\/a><\/p><\/blockquote>\n<p><iframe loading=\"lazy\" class=\"wp-embedded-content\" sandbox=\"allow-scripts\" security=\"restricted\" style=\"position: absolute; visibility: hidden;\" title=\"&#8220;KULTURNO-POVIJESNA BA\u0160TINA&#8221; &#8212; Srednja \u0161kola Ambroza Hara\u010di\u0107a\" src=\"https:\/\/www.ss-aharacica-malilosinj.com.hr\/?page_id=10521&#038;embed=true#?secret=K1QOgH3IE3#?secret=kS0Ielxnu7\" data-secret=\"kS0Ielxnu7\" width=\"600\" height=\"338\" frameborder=\"0\" marginwidth=\"0\" marginheight=\"0\" scrolling=\"no\"><\/iframe><\/p>\n<blockquote class=\"wp-embedded-content\" data-secret=\"9riCMHv4ts\"><p><a href=\"https:\/\/www.ss-aharacica-malilosinj.com.hr\/?page_id=10519\">PLOVIDBENA PRAKSA &#8220;KRALJICA MORA&#8221;<\/a><\/p><\/blockquote>\n<p><iframe loading=\"lazy\" class=\"wp-embedded-content\" sandbox=\"allow-scripts\" security=\"restricted\" style=\"position: absolute; visibility: hidden;\" title=\"&#8220;PLOVIDBENA PRAKSA &#8220;KRALJICA MORA&#8221;&#8221; &#8212; Srednja \u0161kola Ambroza Hara\u010di\u0107a\" src=\"https:\/\/www.ss-aharacica-malilosinj.com.hr\/?page_id=10519&#038;embed=true#?secret=lWyHJLwNWl#?secret=9riCMHv4ts\" data-secret=\"9riCMHv4ts\" width=\"600\" height=\"338\" frameborder=\"0\" marginwidth=\"0\" marginheight=\"0\" scrolling=\"no\"><\/iframe><\/p>\n","protected":false},"excerpt":{"rendered":"<p>KULTURNO-POVIJESNA BA\u0160TINA PLOVIDBENA PRAKSA &#8220;KRALJICA MORA&#8221;<\/p>\n","protected":false},"author":11,"featured_media":0,"parent":1000,"menu_order":0,"comment_status":"closed","ping_status":"closed","template":"","meta":{"footnotes":""},"class_list":["post-10517","page","type-page","status-publish","hentry"],"_links":{"self":[{"href":"http:\/\/www.ss-aharacica-malilosinj.com.hr\/index.php?rest_route=\/wp\/v2\/pages\/10517","targetHints":{"allow":["GET"]}}],"collection":[{"href":"http:\/\/www.ss-aharacica-malilosinj.com.hr\/index.php?rest_route=\/wp\/v2\/pages"}],"about":[{"href":"http:\/\/www.ss-aharacica-malilosinj.com.hr\/index.php?rest_route=\/wp\/v2\/types\/page"}],"author":[{"embeddable":true,"href":"http:\/\/www.ss-aharacica-malilosinj.com.hr\/index.php?rest_route=\/wp\/v2\/users\/11"}],"replies":[{"embeddable":true,"href":"http:\/\/www.ss-aharacica-malilosinj.com.hr\/index.php?rest_route=%2Fwp%2Fv2%2Fcomments&post=10517"}],"version-history":[{"count":2,"href":"http:\/\/www.ss-aharacica-malilosinj.com.hr\/index.php?rest_route=\/wp\/v2\/pages\/10517\/revisions"}],"predecessor-version":[{"id":10590,"href":"http:\/\/www.ss-aharacica-malilosinj.com.hr\/index.php?rest_route=\/wp\/v2\/pages\/10517\/revisions\/10590"}],"up":[{"embeddable":true,"href":"http:\/\/www.ss-aharacica-malilosinj.com.hr\/index.php?rest_route=\/wp\/v2\/pages\/1000"}],"wp:attachment":[{"href":"http:\/\/www.ss-aharacica-malilosinj.com.hr\/index.php?rest_route=%2Fwp%2Fv2%2Fmedia&parent=10517"}],"curies":[{"name":"wp","href":"https:\/\/api.w.org\/{rel}","templated":true}]}}