{"id":10394,"date":"2017-10-19T08:02:59","date_gmt":"2017-10-19T08:02:59","guid":{"rendered":"http:\/\/www.ss-aharacica-malilosinj.com.hr\/?page_id=10394"},"modified":"2017-10-23T08:35:06","modified_gmt":"2017-10-23T08:35:06","slug":"2013-2014","status":"publish","type":"page","link":"http:\/\/www.ss-aharacica-malilosinj.com.hr\/?page_id=10394","title":{"rendered":"2013.\/2014."},"content":{"rendered":"<blockquote class=\"wp-embedded-content\" data-secret=\"0aiYxX5ayo\"><p><a href=\"https:\/\/www.ss-aharacica-malilosinj.com.hr\/?page_id=5398\">Mjesec knjige u Puli (2013.)<\/a><\/p><\/blockquote>\n<p><iframe loading=\"lazy\" class=\"wp-embedded-content\" sandbox=\"allow-scripts\" security=\"restricted\" style=\"position: absolute; visibility: hidden;\" title=\"&#8220;Mjesec knjige u Puli (2013.)&#8221; &#8212; Srednja \u0161kola Ambroza Hara\u010di\u0107a\" src=\"https:\/\/www.ss-aharacica-malilosinj.com.hr\/?page_id=5398&#038;embed=true#?secret=3yLPOMgPLb#?secret=0aiYxX5ayo\" data-secret=\"0aiYxX5ayo\" width=\"600\" height=\"338\" frameborder=\"0\" marginwidth=\"0\" marginheight=\"0\" scrolling=\"no\"><\/iframe><\/p>\n<blockquote class=\"wp-embedded-content\" data-secret=\"rXNFEfhdfE\"><p><a href=\"https:\/\/www.ss-aharacica-malilosinj.com.hr\/?page_id=5425\">No\u0107 knjige u Malom Lo\u0161inju (2014.)<\/a><\/p><\/blockquote>\n<p><iframe loading=\"lazy\" class=\"wp-embedded-content\" sandbox=\"allow-scripts\" security=\"restricted\" style=\"position: absolute; visibility: hidden;\" title=\"&#8220;No\u0107 knjige u Malom Lo\u0161inju (2014.)&#8221; &#8212; Srednja \u0161kola Ambroza Hara\u010di\u0107a\" src=\"https:\/\/www.ss-aharacica-malilosinj.com.hr\/?page_id=5425&#038;embed=true#?secret=k8WzADXa9Z#?secret=rXNFEfhdfE\" data-secret=\"rXNFEfhdfE\" width=\"600\" height=\"338\" frameborder=\"0\" marginwidth=\"0\" marginheight=\"0\" scrolling=\"no\"><\/iframe><\/p>\n<blockquote class=\"wp-embedded-content\" data-secret=\"2Q8LfBh5sY\"><p><a href=\"https:\/\/www.ss-aharacica-malilosinj.com.hr\/?page_id=5411\">U sklopu projekta &#8220;Hrvatska glagolja\u0161ka ba\u0161tina&#8221; u Zagrebu (2014.)<\/a><\/p><\/blockquote>\n<p><iframe loading=\"lazy\" class=\"wp-embedded-content\" sandbox=\"allow-scripts\" security=\"restricted\" style=\"position: absolute; visibility: hidden;\" title=\"&#8220;U sklopu projekta &#8220;Hrvatska glagolja\u0161ka ba\u0161tina&#8221; u Zagrebu (2014.)&#8221; &#8212; Srednja \u0161kola Ambroza Hara\u010di\u0107a\" src=\"https:\/\/www.ss-aharacica-malilosinj.com.hr\/?page_id=5411&#038;embed=true#?secret=pbTazVlcxN#?secret=2Q8LfBh5sY\" data-secret=\"2Q8LfBh5sY\" width=\"600\" height=\"338\" frameborder=\"0\" marginwidth=\"0\" marginheight=\"0\" scrolling=\"no\"><\/iframe><\/p>\n<p>&nbsp;<\/p>\n<p>&nbsp;<\/p>\n","protected":false},"excerpt":{"rendered":"<p>Mjesec knjige u Puli (2013.) No\u0107 knjige u Malom Lo\u0161inju (2014.) U sklopu projekta &#8220;Hrvatska glagolja\u0161ka ba\u0161tina&#8221; u Zagrebu (2014.) &nbsp; &nbsp;<\/p>\n","protected":false},"author":11,"featured_media":0,"parent":1192,"menu_order":0,"comment_status":"closed","ping_status":"closed","template":"","meta":{"footnotes":""},"class_list":["post-10394","page","type-page","status-publish","hentry"],"_links":{"self":[{"href":"http:\/\/www.ss-aharacica-malilosinj.com.hr\/index.php?rest_route=\/wp\/v2\/pages\/10394","targetHints":{"allow":["GET"]}}],"collection":[{"href":"http:\/\/www.ss-aharacica-malilosinj.com.hr\/index.php?rest_route=\/wp\/v2\/pages"}],"about":[{"href":"http:\/\/www.ss-aharacica-malilosinj.com.hr\/index.php?rest_route=\/wp\/v2\/types\/page"}],"author":[{"embeddable":true,"href":"http:\/\/www.ss-aharacica-malilosinj.com.hr\/index.php?rest_route=\/wp\/v2\/users\/11"}],"replies":[{"embeddable":true,"href":"http:\/\/www.ss-aharacica-malilosinj.com.hr\/index.php?rest_route=%2Fwp%2Fv2%2Fcomments&post=10394"}],"version-history":[{"count":3,"href":"http:\/\/www.ss-aharacica-malilosinj.com.hr\/index.php?rest_route=\/wp\/v2\/pages\/10394\/revisions"}],"predecessor-version":[{"id":10453,"href":"http:\/\/www.ss-aharacica-malilosinj.com.hr\/index.php?rest_route=\/wp\/v2\/pages\/10394\/revisions\/10453"}],"up":[{"embeddable":true,"href":"http:\/\/www.ss-aharacica-malilosinj.com.hr\/index.php?rest_route=\/wp\/v2\/pages\/1192"}],"wp:attachment":[{"href":"http:\/\/www.ss-aharacica-malilosinj.com.hr\/index.php?rest_route=%2Fwp%2Fv2%2Fmedia&parent=10394"}],"curies":[{"name":"wp","href":"https:\/\/api.w.org\/{rel}","templated":true}]}}