{"id":10371,"date":"2017-10-17T10:07:18","date_gmt":"2017-10-17T10:07:18","guid":{"rendered":"http:\/\/www.ss-aharacica-malilosinj.com.hr\/?page_id=10371"},"modified":"2018-03-09T12:29:53","modified_gmt":"2018-03-09T12:29:53","slug":"skolska-godina-2017-2018","status":"publish","type":"page","link":"http:\/\/www.ss-aharacica-malilosinj.com.hr\/?page_id=10371","title":{"rendered":"\u0160kolska godina 2017.\/2018."},"content":{"rendered":"<p><a href=\"http:\/\/www.ss-aharacica-malilosinj.com.hr\/wp-content\/uploads\/2017\/10\/Glagoljica-obrazac-prijave-za-vi\u0161ednevu-u\u010dioni\u010dku-nastavu.docx\">Zagreb &#8211; Obrazac prijave za vi\u0161ednevu izvanu\u010dioni\u010dku nastavu (6\/2017) &#8211; objavljeno 17.10.2017.<\/a><\/p>\n<p><a href=\"http:\/\/www.ss-aharacica-malilosinj.com.hr\/wp-content\/uploads\/2018\/01\/Zagreb-obrazac-prijave-za-vi\u0161ednevu-u\u010dioni\u010dku-nastavu.pdf\">Zagreb &#8211; Obrazac prijave za vi\u0161ednevnu izvanu\u010dioni\u010dku nastavu (1\/2018.) &#8211; objavljeno 16.1.2018.<\/a><\/p>\n<p><a href=\"http:\/\/www.ss-aharacica-malilosinj.com.hr\/wp-content\/uploads\/2017\/10\/Obrazac_poziva_za_organizaciju_visednevne_izvanucionicke_nastave-2-2018.-1.pdf\">Maturalna ekskurzija &#8211; Obrazac poziva za organizaciju vi\u0161ednevne izvanu\u010dioni\u010dke nastave (2\/2018.) &#8211; objavljeno 24.1.2018.<\/a><\/p>\n<p><a href=\"http:\/\/www.ss-aharacica-malilosinj.com.hr\/wp-content\/uploads\/2017\/10\/Zagreb-No\u0107-biologije-Obrazac-prijave-za-organizaciju-vi\u0161ednevne-izvanu\u010dioni\u010dke-nastave.pdf\">Zagreb- No\u0107 biologije- Obrazac prijave za organizaciju vi\u0161ednevne izvanu\u010dioni\u010dke nastave (3\/2018) &#8211; objavljeno 20.2.2018. <\/a><\/p>\n<p><a href=\"http:\/\/www.ss-aharacica-malilosinj.com.hr\/wp-content\/uploads\/2017\/10\/Obrazac-prijava-za-organizaciju-vi\u0161ednevne-izvanu\u010dioni\u010dke-nastave-No\u0107-biologije.pdf\">Zagreb- No\u0107 biologije- Ponovljeni obrazac prijave za organizaciju vi\u0161ednevne izvanu\u010dioni\u010dke nastave (4\/2018) &#8211; objavljeno 9.3.2018.<\/a><\/p>\n<h3 style=\"text-align: center;\"><b>Odluke o prihva\u0107anju ponuda<\/b><\/h3>\n<p><a href=\"http:\/\/www.ss-aharacica-malilosinj.com.hr\/wp-content\/uploads\/2018\/02\/IMG_20180201_0001.pdf\">Zagreb \u2013 Odluka o odabiru putni\u010dke agencije \u2013 objavljeno 1. velja\u010de 2018.<\/a><\/p>\n<p><a href=\"http:\/\/www.ss-aharacica-malilosinj.com.hr\/wp-content\/uploads\/2018\/03\/IMG_20180307_0002.pdf\">Maturalna ekskurzija &#8211; Odluka o odabiru putni\u010dke agencije &#8211; objavljeno 28. velja\u010de 2018.<\/a><\/p>\n","protected":false},"excerpt":{"rendered":"<p>Zagreb &#8211; Obrazac prijave za vi\u0161ednevu izvanu\u010dioni\u010dku nastavu (6\/2017) &#8211; objavljeno 17.10.2017. Zagreb &#8211; Obrazac prijave za vi\u0161ednevnu izvanu\u010dioni\u010dku nastavu (1\/2018.) &#8211; objavljeno 16.1.2018. Maturalna ekskurzija &#8211; Obrazac poziva za organizaciju vi\u0161ednevne izvanu\u010dioni\u010dke nastave (2\/2018.) &#8211; objavljeno 24.1.2018. Zagreb- No\u0107 biologije- Obrazac prijave za organizaciju vi\u0161ednevne izvanu\u010dioni\u010dke nastave (3\/2018) &#8211; objavljeno 20.2.2018. Zagreb- No\u0107 biologije- [&hellip;]<\/p>\n","protected":false},"author":11,"featured_media":0,"parent":4907,"menu_order":0,"comment_status":"closed","ping_status":"closed","template":"","meta":{"footnotes":""},"class_list":["post-10371","page","type-page","status-publish","hentry"],"_links":{"self":[{"href":"http:\/\/www.ss-aharacica-malilosinj.com.hr\/index.php?rest_route=\/wp\/v2\/pages\/10371","targetHints":{"allow":["GET"]}}],"collection":[{"href":"http:\/\/www.ss-aharacica-malilosinj.com.hr\/index.php?rest_route=\/wp\/v2\/pages"}],"about":[{"href":"http:\/\/www.ss-aharacica-malilosinj.com.hr\/index.php?rest_route=\/wp\/v2\/types\/page"}],"author":[{"embeddable":true,"href":"http:\/\/www.ss-aharacica-malilosinj.com.hr\/index.php?rest_route=\/wp\/v2\/users\/11"}],"replies":[{"embeddable":true,"href":"http:\/\/www.ss-aharacica-malilosinj.com.hr\/index.php?rest_route=%2Fwp%2Fv2%2Fcomments&post=10371"}],"version-history":[{"count":12,"href":"http:\/\/www.ss-aharacica-malilosinj.com.hr\/index.php?rest_route=\/wp\/v2\/pages\/10371\/revisions"}],"predecessor-version":[{"id":11264,"href":"http:\/\/www.ss-aharacica-malilosinj.com.hr\/index.php?rest_route=\/wp\/v2\/pages\/10371\/revisions\/11264"}],"up":[{"embeddable":true,"href":"http:\/\/www.ss-aharacica-malilosinj.com.hr\/index.php?rest_route=\/wp\/v2\/pages\/4907"}],"wp:attachment":[{"href":"http:\/\/www.ss-aharacica-malilosinj.com.hr\/index.php?rest_route=%2Fwp%2Fv2%2Fmedia&parent=10371"}],"curies":[{"name":"wp","href":"https:\/\/api.w.org\/{rel}","templated":true}]}}