{"id":10346,"date":"2017-10-16T11:32:48","date_gmt":"2017-10-16T11:32:48","guid":{"rendered":"http:\/\/www.ss-aharacica-malilosinj.com.hr\/?page_id=10346"},"modified":"2017-10-16T11:32:48","modified_gmt":"2017-10-16T11:32:48","slug":"4-gc","status":"publish","type":"page","link":"http:\/\/www.ss-aharacica-malilosinj.com.hr\/?page_id=10346","title":{"rendered":"4.GC"},"content":{"rendered":"<p>Razrednica: Ana-Marija Serti\u0107, prof.<\/p>\n<table style=\"height: 530px;\" width=\"225\">\n<tbody>\n<tr>\n<td width=\"38\">R.b.<\/td>\n<td width=\"116\">U\u010denik<\/td>\n<\/tr>\n<tr>\n<td width=\"38\">1.<\/td>\n<td width=\"116\">Damian Jedreti\u0107<\/td>\n<\/tr>\n<tr>\n<td width=\"38\">2.<\/td>\n<td width=\"116\">Vanessa Klimczak<\/td>\n<\/tr>\n<tr>\n<td width=\"38\">3.<\/td>\n<td width=\"116\">Zvonimir Matijevi\u0107<\/td>\n<\/tr>\n<tr>\n<td width=\"38\">4.<\/td>\n<td width=\"116\">Renato Mu\u0161kardin<\/td>\n<\/tr>\n<tr>\n<td width=\"38\">5.<\/td>\n<td width=\"116\">Lara Mu\u017ei\u0107<\/td>\n<\/tr>\n<tr>\n<td width=\"38\">6.<\/td>\n<td width=\"116\">Matija Pranji\u0107<\/td>\n<\/tr>\n<tr>\n<td width=\"38\">7.<\/td>\n<td width=\"116\">Matea Zec<\/td>\n<\/tr>\n<tr>\n<td width=\"38\">8.<\/td>\n<td width=\"116\">Antonio Zubovi\u0107<\/td>\n<\/tr>\n<\/tbody>\n<\/table>\n","protected":false},"excerpt":{"rendered":"<p>Razrednica: Ana-Marija Serti\u0107, prof. R.b. U\u010denik 1. Damian Jedreti\u0107 2. Vanessa Klimczak 3. Zvonimir Matijevi\u0107 4. Renato Mu\u0161kardin 5. Lara Mu\u017ei\u0107 6. Matija Pranji\u0107 7. Matea Zec 8. Antonio Zubovi\u0107<\/p>\n","protected":false},"author":11,"featured_media":0,"parent":10300,"menu_order":0,"comment_status":"closed","ping_status":"closed","template":"","meta":{"footnotes":""},"class_list":["post-10346","page","type-page","status-publish","hentry"],"_links":{"self":[{"href":"http:\/\/www.ss-aharacica-malilosinj.com.hr\/index.php?rest_route=\/wp\/v2\/pages\/10346","targetHints":{"allow":["GET"]}}],"collection":[{"href":"http:\/\/www.ss-aharacica-malilosinj.com.hr\/index.php?rest_route=\/wp\/v2\/pages"}],"about":[{"href":"http:\/\/www.ss-aharacica-malilosinj.com.hr\/index.php?rest_route=\/wp\/v2\/types\/page"}],"author":[{"embeddable":true,"href":"http:\/\/www.ss-aharacica-malilosinj.com.hr\/index.php?rest_route=\/wp\/v2\/users\/11"}],"replies":[{"embeddable":true,"href":"http:\/\/www.ss-aharacica-malilosinj.com.hr\/index.php?rest_route=%2Fwp%2Fv2%2Fcomments&post=10346"}],"version-history":[{"count":1,"href":"http:\/\/www.ss-aharacica-malilosinj.com.hr\/index.php?rest_route=\/wp\/v2\/pages\/10346\/revisions"}],"predecessor-version":[{"id":10347,"href":"http:\/\/www.ss-aharacica-malilosinj.com.hr\/index.php?rest_route=\/wp\/v2\/pages\/10346\/revisions\/10347"}],"up":[{"embeddable":true,"href":"http:\/\/www.ss-aharacica-malilosinj.com.hr\/index.php?rest_route=\/wp\/v2\/pages\/10300"}],"wp:attachment":[{"href":"http:\/\/www.ss-aharacica-malilosinj.com.hr\/index.php?rest_route=%2Fwp%2Fv2%2Fmedia&parent=10346"}],"curies":[{"name":"wp","href":"https:\/\/api.w.org\/{rel}","templated":true}]}}