{"id":1000,"date":"2011-09-23T09:01:18","date_gmt":"2011-09-23T09:01:18","guid":{"rendered":"http:\/\/www.ss-aharacica-malilosinj.com.hr\/?page_id=1000"},"modified":"2021-03-18T19:44:18","modified_gmt":"2021-03-18T19:44:18","slug":"ostalo-2","status":"publish","type":"page","link":"http:\/\/www.ss-aharacica-malilosinj.com.hr\/?page_id=1000","title":{"rendered":"Projekti\/Izleti"},"content":{"rendered":"<blockquote class=\"wp-embedded-content\" data-secret=\"8yBAIyul6i\"><p><a href=\"https:\/\/www.ss-aharacica-malilosinj.com.hr\/?page_id=15263\">RCK PROJEKT<\/a><\/p><\/blockquote>\n<p><iframe loading=\"lazy\" class=\"wp-embedded-content\" sandbox=\"allow-scripts\" security=\"restricted\" style=\"position: absolute; visibility: hidden;\" title=\"&#8220;RCK PROJEKT&#8221; &#8212; Srednja \u0161kola Ambroza Hara\u010di\u0107a\" src=\"https:\/\/www.ss-aharacica-malilosinj.com.hr\/?page_id=15263&#038;embed=true#?secret=fOvi9Vvjbk#?secret=8yBAIyul6i\" data-secret=\"8yBAIyul6i\" width=\"600\" height=\"338\" frameborder=\"0\" marginwidth=\"0\" marginheight=\"0\" scrolling=\"no\"><\/iframe><\/p>\n<p>&nbsp;<\/p>\n<blockquote class=\"wp-embedded-content\" data-secret=\"opmsSoCaSX\"><p><a href=\"https:\/\/www.ss-aharacica-malilosinj.com.hr\/?page_id=10486\">FESTIVAL MATEMATIKE<\/a><\/p><\/blockquote>\n<p><iframe loading=\"lazy\" class=\"wp-embedded-content\" sandbox=\"allow-scripts\" security=\"restricted\" style=\"position: absolute; visibility: hidden;\" title=\"&#8220;FESTIVAL MATEMATIKE&#8221; &#8212; Srednja \u0161kola Ambroza Hara\u010di\u0107a\" src=\"https:\/\/www.ss-aharacica-malilosinj.com.hr\/?page_id=10486&#038;embed=true#?secret=WyyrgwFafP#?secret=opmsSoCaSX\" data-secret=\"opmsSoCaSX\" width=\"600\" height=\"338\" frameborder=\"0\" marginwidth=\"0\" marginheight=\"0\" scrolling=\"no\"><\/iframe><\/p>\n<p>&nbsp;<\/p>\n<blockquote class=\"wp-embedded-content\" data-secret=\"0OhskPz1Px\"><p><a href=\"https:\/\/www.ss-aharacica-malilosinj.com.hr\/?page_id=1192\">GRUPA ZA GLAGOLJICU<\/a><\/p><\/blockquote>\n<p><iframe loading=\"lazy\" class=\"wp-embedded-content\" sandbox=\"allow-scripts\" security=\"restricted\" style=\"position: absolute; visibility: hidden;\" title=\"&#8220;GRUPA ZA GLAGOLJICU&#8221; &#8212; Srednja \u0161kola Ambroza Hara\u010di\u0107a\" src=\"https:\/\/www.ss-aharacica-malilosinj.com.hr\/?page_id=1192&#038;embed=true#?secret=EU86hNHLDh#?secret=0OhskPz1Px\" data-secret=\"0OhskPz1Px\" width=\"600\" height=\"338\" frameborder=\"0\" marginwidth=\"0\" marginheight=\"0\" scrolling=\"no\"><\/iframe><\/p>\n<p>&nbsp;<\/p>\n<blockquote class=\"wp-embedded-content\" data-secret=\"DhACNFjsZg\"><p><a href=\"https:\/\/www.ss-aharacica-malilosinj.com.hr\/?page_id=2197\">IPA PROJEKT<\/a><\/p><\/blockquote>\n<p><iframe loading=\"lazy\" class=\"wp-embedded-content\" sandbox=\"allow-scripts\" security=\"restricted\" style=\"position: absolute; visibility: hidden;\" title=\"&#8220;IPA PROJEKT&#8221; &#8212; Srednja \u0161kola Ambroza Hara\u010di\u0107a\" src=\"https:\/\/www.ss-aharacica-malilosinj.com.hr\/?page_id=2197&#038;embed=true#?secret=BtgEfDOiDX#?secret=DhACNFjsZg\" data-secret=\"DhACNFjsZg\" width=\"600\" height=\"338\" frameborder=\"0\" marginwidth=\"0\" marginheight=\"0\" scrolling=\"no\"><\/iframe><\/p>\n<p>&nbsp;<\/p>\n<blockquote class=\"wp-embedded-content\" data-secret=\"YQSNHsm0Zr\"><p><a href=\"https:\/\/www.ss-aharacica-malilosinj.com.hr\/?page_id=10280\">KAZALI\u0160TE I MLADI<\/a><\/p><\/blockquote>\n<p><iframe loading=\"lazy\" class=\"wp-embedded-content\" sandbox=\"allow-scripts\" security=\"restricted\" style=\"position: absolute; visibility: hidden;\" title=\"&#8220;KAZALI\u0160TE I MLADI&#8221; &#8212; Srednja \u0161kola Ambroza Hara\u010di\u0107a\" src=\"https:\/\/www.ss-aharacica-malilosinj.com.hr\/?page_id=10280&#038;embed=true#?secret=RtjnYQ4fao#?secret=YQSNHsm0Zr\" data-secret=\"YQSNHsm0Zr\" width=\"600\" height=\"338\" frameborder=\"0\" marginwidth=\"0\" marginheight=\"0\" scrolling=\"no\"><\/iframe><\/p>\n<p>&nbsp;<\/p>\n<blockquote class=\"wp-embedded-content\" data-secret=\"6DNm3Jvuj2\"><p><a href=\"https:\/\/www.ss-aharacica-malilosinj.com.hr\/?page_id=7091\">KREATIVNE RADIONICE KUHARSTVA<\/a><\/p><\/blockquote>\n<p><iframe loading=\"lazy\" class=\"wp-embedded-content\" sandbox=\"allow-scripts\" security=\"restricted\" style=\"position: absolute; visibility: hidden;\" title=\"&#8220;KREATIVNE RADIONICE KUHARSTVA&#8221; &#8212; Srednja \u0161kola Ambroza Hara\u010di\u0107a\" src=\"https:\/\/www.ss-aharacica-malilosinj.com.hr\/?page_id=7091&#038;embed=true#?secret=MwiIDbLqDu#?secret=6DNm3Jvuj2\" data-secret=\"6DNm3Jvuj2\" width=\"600\" height=\"338\" frameborder=\"0\" marginwidth=\"0\" marginheight=\"0\" scrolling=\"no\"><\/iframe><\/p>\n<p>&nbsp;<\/p>\n<blockquote class=\"wp-embedded-content\" data-secret=\"DLfdw8jsPq\"><p><a href=\"https:\/\/www.ss-aharacica-malilosinj.com.hr\/?page_id=10483\">LJETNA \u0160KOLA FIZIKE<\/a><\/p><\/blockquote>\n<p><iframe loading=\"lazy\" class=\"wp-embedded-content\" sandbox=\"allow-scripts\" security=\"restricted\" style=\"position: absolute; visibility: hidden;\" title=\"&#8220;LJETNA \u0160KOLA FIZIKE&#8221; &#8212; Srednja \u0161kola Ambroza Hara\u010di\u0107a\" src=\"https:\/\/www.ss-aharacica-malilosinj.com.hr\/?page_id=10483&#038;embed=true#?secret=JrjfMXl9WF#?secret=DLfdw8jsPq\" data-secret=\"DLfdw8jsPq\" width=\"600\" height=\"338\" frameborder=\"0\" marginwidth=\"0\" marginheight=\"0\" scrolling=\"no\"><\/iframe><\/p>\n<p>&nbsp;<\/p>\n<blockquote class=\"wp-embedded-content\" data-secret=\"RLYROG3jwA\"><p><a href=\"https:\/\/www.ss-aharacica-malilosinj.com.hr\/?page_id=1405\">MLADI POVJESNI\u010cARI<\/a><\/p><\/blockquote>\n<p><iframe loading=\"lazy\" class=\"wp-embedded-content\" sandbox=\"allow-scripts\" security=\"restricted\" style=\"position: absolute; visibility: hidden;\" title=\"&#8220;MLADI POVJESNI\u010cARI&#8221; &#8212; Srednja \u0161kola Ambroza Hara\u010di\u0107a\" src=\"https:\/\/www.ss-aharacica-malilosinj.com.hr\/?page_id=1405&#038;embed=true#?secret=1BP1OtWeXb#?secret=RLYROG3jwA\" data-secret=\"RLYROG3jwA\" width=\"600\" height=\"338\" frameborder=\"0\" marginwidth=\"0\" marginheight=\"0\" scrolling=\"no\"><\/iframe><\/p>\n<p>&nbsp;<\/p>\n<blockquote class=\"wp-embedded-content\" data-secret=\"PEETInwrEJ\"><p><a href=\"https:\/\/www.ss-aharacica-malilosinj.com.hr\/?page_id=10490\">NOVE BOJE \u0160KOLE<\/a><\/p><\/blockquote>\n<p><iframe loading=\"lazy\" class=\"wp-embedded-content\" sandbox=\"allow-scripts\" security=\"restricted\" style=\"position: absolute; visibility: hidden;\" title=\"&#8220;NOVE BOJE \u0160KOLE&#8221; &#8212; Srednja \u0161kola Ambroza Hara\u010di\u0107a\" src=\"https:\/\/www.ss-aharacica-malilosinj.com.hr\/?page_id=10490&#038;embed=true#?secret=dmecyN8fyZ#?secret=PEETInwrEJ\" data-secret=\"PEETInwrEJ\" width=\"600\" height=\"338\" frameborder=\"0\" marginwidth=\"0\" marginheight=\"0\" scrolling=\"no\"><\/iframe><\/p>\n<p>&nbsp;<\/p>\n<blockquote class=\"wp-embedded-content\" data-secret=\"WFRvwfyEAK\"><p><a href=\"https:\/\/www.ss-aharacica-malilosinj.com.hr\/?page_id=1003\">RAZMJENA U\u010cENIKA<\/a><\/p><\/blockquote>\n<p><iframe loading=\"lazy\" class=\"wp-embedded-content\" sandbox=\"allow-scripts\" security=\"restricted\" style=\"position: absolute; visibility: hidden;\" title=\"&#8220;RAZMJENA U\u010cENIKA&#8221; &#8212; Srednja \u0161kola Ambroza Hara\u010di\u0107a\" src=\"https:\/\/www.ss-aharacica-malilosinj.com.hr\/?page_id=1003&#038;embed=true#?secret=5q9A0Ux5G0#?secret=WFRvwfyEAK\" data-secret=\"WFRvwfyEAK\" width=\"600\" height=\"338\" frameborder=\"0\" marginwidth=\"0\" marginheight=\"0\" scrolling=\"no\"><\/iframe><\/p>\n<p>&nbsp;<\/p>\n<blockquote class=\"wp-embedded-content\" data-secret=\"WcLO7afsPN\"><p><a href=\"https:\/\/www.ss-aharacica-malilosinj.com.hr\/?page_id=10546\">STRU\u010cNI IZLETI<\/a><\/p><\/blockquote>\n<p><iframe loading=\"lazy\" class=\"wp-embedded-content\" sandbox=\"allow-scripts\" security=\"restricted\" style=\"position: absolute; visibility: hidden;\" title=\"&#8220;STRU\u010cNI IZLETI&#8221; &#8212; Srednja \u0161kola Ambroza Hara\u010di\u0107a\" src=\"https:\/\/www.ss-aharacica-malilosinj.com.hr\/?page_id=10546&#038;embed=true#?secret=vjr7xQ8ViS#?secret=WcLO7afsPN\" data-secret=\"WcLO7afsPN\" width=\"600\" height=\"338\" frameborder=\"0\" marginwidth=\"0\" marginheight=\"0\" scrolling=\"no\"><\/iframe><\/p>\n<p>&nbsp;<\/p>\n<blockquote class=\"wp-embedded-content\" data-secret=\"pcVlwaQ0gp\"><p><a href=\"https:\/\/www.ss-aharacica-malilosinj.com.hr\/?page_id=10517\">TERENSKA NASTAVA<\/a><\/p><\/blockquote>\n<p><iframe loading=\"lazy\" class=\"wp-embedded-content\" sandbox=\"allow-scripts\" security=\"restricted\" style=\"position: absolute; visibility: hidden;\" title=\"&#8220;TERENSKA NASTAVA&#8221; &#8212; Srednja \u0161kola Ambroza Hara\u010di\u0107a\" src=\"https:\/\/www.ss-aharacica-malilosinj.com.hr\/?page_id=10517&#038;embed=true#?secret=TE5BCpEVhV#?secret=pcVlwaQ0gp\" data-secret=\"pcVlwaQ0gp\" width=\"600\" height=\"338\" frameborder=\"0\" marginwidth=\"0\" marginheight=\"0\" scrolling=\"no\"><\/iframe><\/p>\n<p>&nbsp;<\/p>\n<blockquote class=\"wp-embedded-content\" data-secret=\"HY5DhvhhHT\"><p><a href=\"https:\/\/www.ss-aharacica-malilosinj.com.hr\/?page_id=7089\">VR\u0160NJACI POMAGA\u010cI<\/a><\/p><\/blockquote>\n<p><iframe loading=\"lazy\" class=\"wp-embedded-content\" sandbox=\"allow-scripts\" security=\"restricted\" style=\"position: absolute; visibility: hidden;\" title=\"&#8220;VR\u0160NJACI POMAGA\u010cI&#8221; &#8212; Srednja \u0161kola Ambroza Hara\u010di\u0107a\" src=\"https:\/\/www.ss-aharacica-malilosinj.com.hr\/?page_id=7089&#038;embed=true#?secret=ei3kw6gRv2#?secret=HY5DhvhhHT\" data-secret=\"HY5DhvhhHT\" width=\"600\" height=\"338\" frameborder=\"0\" marginwidth=\"0\" marginheight=\"0\" scrolling=\"no\"><\/iframe><\/p>\n","protected":false},"excerpt":{"rendered":"<p>&nbsp; &nbsp; &nbsp; &nbsp; &nbsp; &nbsp; &nbsp; &nbsp; &nbsp; &nbsp; &nbsp; &nbsp;<\/p>\n","protected":false},"author":1,"featured_media":9913,"parent":0,"menu_order":4,"comment_status":"closed","ping_status":"closed","template":"","meta":{"footnotes":""},"class_list":["post-1000","page","type-page","status-publish","has-post-thumbnail","hentry"],"_links":{"self":[{"href":"http:\/\/www.ss-aharacica-malilosinj.com.hr\/index.php?rest_route=\/wp\/v2\/pages\/1000","targetHints":{"allow":["GET"]}}],"collection":[{"href":"http:\/\/www.ss-aharacica-malilosinj.com.hr\/index.php?rest_route=\/wp\/v2\/pages"}],"about":[{"href":"http:\/\/www.ss-aharacica-malilosinj.com.hr\/index.php?rest_route=\/wp\/v2\/types\/page"}],"author":[{"embeddable":true,"href":"http:\/\/www.ss-aharacica-malilosinj.com.hr\/index.php?rest_route=\/wp\/v2\/users\/1"}],"replies":[{"embeddable":true,"href":"http:\/\/www.ss-aharacica-malilosinj.com.hr\/index.php?rest_route=%2Fwp%2Fv2%2Fcomments&post=1000"}],"version-history":[{"count":16,"href":"http:\/\/www.ss-aharacica-malilosinj.com.hr\/index.php?rest_route=\/wp\/v2\/pages\/1000\/revisions"}],"predecessor-version":[{"id":15576,"href":"http:\/\/www.ss-aharacica-malilosinj.com.hr\/index.php?rest_route=\/wp\/v2\/pages\/1000\/revisions\/15576"}],"wp:featuredmedia":[{"embeddable":true,"href":"http:\/\/www.ss-aharacica-malilosinj.com.hr\/index.php?rest_route=\/wp\/v2\/media\/9913"}],"wp:attachment":[{"href":"http:\/\/www.ss-aharacica-malilosinj.com.hr\/index.php?rest_route=%2Fwp%2Fv2%2Fmedia&parent=1000"}],"curies":[{"name":"wp","href":"https:\/\/api.w.org\/{rel}","templated":true}]}}